{"id":7645,"date":"2025-09-16T12:22:42","date_gmt":"2025-09-16T10:22:42","guid":{"rendered":"https:\/\/ac.upt.ro\/?page_id=7645"},"modified":"2025-10-01T13:31:34","modified_gmt":"2025-10-01T11:31:34","slug":"campus-virtual","status":"publish","type":"page","link":"https:\/\/ac.upt.ro\/en\/campus-virtual\/","title":{"rendered":"Campus Virtual"},"content":{"rendered":"<div class=\"wp-block-image\">\n<figure class=\"aligncenter size-full\"><img loading=\"lazy\" decoding=\"async\" width=\"979\" height=\"112\" src=\"https:\/\/ac.upt.ro\/wp-content\/uploads\/2025\/09\/CVUPT.png\" alt=\"\" class=\"wp-image-7651\" srcset=\"https:\/\/ac.upt.ro\/wp-content\/uploads\/2025\/09\/CVUPT.png 979w, https:\/\/ac.upt.ro\/wp-content\/uploads\/2025\/09\/CVUPT-300x34.png 300w, https:\/\/ac.upt.ro\/wp-content\/uploads\/2025\/09\/CVUPT-768x88.png 768w\" sizes=\"auto, (max-width: 979px) 100vw, 979px\" \/><\/figure>\n<\/div>\n\n\n<h2 class=\"wp-block-heading has-text-align-center\">Campus Virtual \u2013 Resurse utile<\/h2>\n\n\n\n<div class=\"wp-block-buttons is-content-justification-center is-layout-flex wp-container-core-buttons-is-layout-16018d1d wp-block-buttons-is-layout-flex\">\n<div class=\"wp-block-button is-style-outline is-style-outline--1\"><a class=\"wp-block-button__link has-white-color has-midnight-gradient-background has-text-color has-background has-link-color has-medium-font-size has-custom-font-size wp-element-button\" href=\"https:\/\/cv.upt.ro\/login\/index.php\"><strong>Acceseaz\u0103 Campusul Virtual UPT<\/strong><\/a><\/div>\n<\/div>\n\n\n\n<p><strong>Campusul Virtual al UPT<\/strong> (<a href=\"http:\/\/cv.upt.ro\/\">cv.upt.ro<\/a>) este un <strong>mediu educa\u0163ional online de suport academic<\/strong> p<strong>entru toate facult\u0103\u0163ile UPT \u015fi pentru \u00eenva\u0163\u0103m\u00e2ntul la distan\u0163\u0103<\/strong>.<\/p>\n\n\n\n<p>\u00cen cadrul Facult\u0103\u021bii de Automatic\u0103 \u0219i Calculatoare sunt <strong>2 administratori <\/strong>care se ocup\u0103 <strong>cu gestionarea cursurilor<\/strong> din cadrul facult\u0103\u021bii (doar pentru \u00eenv\u0103\u021b\u0103m\u00e2ntul cu frecven\u021b\u0103):<\/p>\n\n\n\n<ul class=\"wp-block-list\">\n<li><a href=\"https:\/\/ac.upt.ro\/personal\/oana-chirila\/\">Oana Sorina CHIRILA<\/a> &#8211; pentru cursurile de la domeniile <strong>Informatic\u0103<\/strong> \u0219i <strong>Automatic\u0103, Informatic\u0103 Aplicat\u0103 \u0219i Sisteme Inteligente<\/strong><\/li>\n\n\n\n<li><a href=\"https:\/\/ac.upt.ro\/personal\/flavius-opritoiu\/\">Flavius OPRI\u021aOIU <\/a>&#8211; pentru cursurile de la domeniile <strong>Calculatoare \u0219i Tehnologia Informa\u021biei<\/strong><\/li>\n<\/ul>\n\n\n\n<p><strong>Pentru \u00eenrolarea la cursurile restante\/contractate \u00een avans<\/strong> urma\u021bi pa\u0219ii de <a href=\"https:\/\/ac.upt.ro\/wp-content\/uploads\/2025\/09\/Autoinrolarea-la-materiile-restante.pdf\">aici<\/a>.<\/p>\n\n\n\n<p>Pentru problemele legate de conturile din CV (activare, re\u00eenmatriculari, activare cont, resetare parola) pute\u021bi scrie direct pe <a href=\"mailto:suport@cv.upt.ro\">suport@cv.upt.ro<\/a>, sau deschide\u021bi tichet pe <a href=\"https:\/\/suport.elearning.upt.ro\">https:\/\/suport.elearning.upt.ro<\/a>, pentru o comunicare direct\u0103, mai eficient\u0103.<\/p>\n\n\n\n<p><\/p>\n","protected":false},"excerpt":{"rendered":"<p>Campus Virtual \u2013 Resurse utile Campusul Virtual al UPT (cv.upt.ro) este un mediu educa\u0163ional online de suport academic pentru toate [&hellip;]<\/p>\n","protected":false},"author":8,"featured_media":0,"parent":0,"menu_order":0,"comment_status":"closed","ping_status":"closed","template":"","meta":{"footnotes":""},"class_list":["post-7645","page","type-page","status-publish","hentry"],"acf":[],"yoast_head":"<!-- This site is optimized with the Yoast SEO plugin v25.3.1 - https:\/\/yoast.com\/wordpress\/plugins\/seo\/ -->\n<title>Campus Virtual - Facultatea de Automatic\u0103 \u0219i Calculatoare - Timi\u0219oara<\/title>\n<meta name=\"robots\" content=\"index, follow, max-snippet:-1, max-image-preview:large, max-video-preview:-1\" \/>\n<link rel=\"canonical\" href=\"https:\/\/ac.upt.ro\/en\/campus-virtual\/\" \/>\n<meta property=\"og:locale\" content=\"en_GB\" \/>\n<meta property=\"og:locale:alternate\" content=\"ro_RO\" \/>\n<meta property=\"og:type\" content=\"article\" \/>\n<meta property=\"og:title\" content=\"Campus Virtual\" \/>\n<meta property=\"og:description\" content=\"Campus Virtual \u2013 Resurse utile Campusul Virtual al UPT (cv.upt.ro) este un mediu educa\u0163ional online de suport academic pentru toate [&hellip;]\" \/>\n<meta property=\"og:url\" content=\"https:\/\/ac.upt.ro\/en\/campus-virtual\/\" \/>\n<meta property=\"og:site_name\" content=\"Facultatea de Automatic\u0103 \u0219i Calculatoare - Timi\u0219oara\" \/>\n<meta property=\"article:modified_time\" content=\"2025-10-01T11:31:34+00:00\" \/>\n<meta property=\"og:image\" content=\"https:\/\/ac.upt.ro\/wp-content\/uploads\/2025\/09\/CVUPT.png\" \/>\n\t<meta property=\"og:image:width\" content=\"979\" \/>\n\t<meta property=\"og:image:height\" content=\"112\" \/>\n\t<meta property=\"og:image:type\" content=\"image\/png\" \/>\n<meta name=\"twitter:card\" content=\"summary_large_image\" \/>\n<meta name=\"twitter:label1\" content=\"Estimated reading time\" \/>\n\t<meta name=\"twitter:data1\" content=\"1 minute\" \/>\n<script type=\"application\/ld+json\" class=\"yoast-schema-graph\">{\"@context\":\"https:\/\/schema.org\",\"@graph\":[{\"@type\":\"WebPage\",\"@id\":\"https:\/\/ac.upt.ro\/campus-virtual\/\",\"url\":\"https:\/\/ac.upt.ro\/campus-virtual\/\",\"name\":\"Campus Virtual\",\"isPartOf\":{\"@id\":\"https:\/\/ac.upt.ro\/#website\"},\"primaryImageOfPage\":{\"@id\":\"https:\/\/ac.upt.ro\/campus-virtual\/#primaryimage\"},\"image\":{\"@id\":\"https:\/\/ac.upt.ro\/campus-virtual\/#primaryimage\"},\"thumbnailUrl\":\"https:\/\/ac.upt.ro\/wp-content\/uploads\/2025\/09\/CVUPT.png\",\"datePublished\":\"2025-09-16T10:22:42+00:00\",\"dateModified\":\"2025-10-01T11:31:34+00:00\",\"breadcrumb\":{\"@id\":\"https:\/\/ac.upt.ro\/campus-virtual\/#breadcrumb\"},\"inLanguage\":\"en-GB\",\"potentialAction\":[{\"@type\":\"ReadAction\",\"target\":[\"https:\/\/ac.upt.ro\/campus-virtual\/\"]}]},{\"@type\":\"ImageObject\",\"inLanguage\":\"en-GB\",\"@id\":\"https:\/\/ac.upt.ro\/campus-virtual\/#primaryimage\",\"url\":\"https:\/\/ac.upt.ro\/wp-content\/uploads\/2025\/09\/CVUPT.png\",\"contentUrl\":\"https:\/\/ac.upt.ro\/wp-content\/uploads\/2025\/09\/CVUPT.png\"},{\"@type\":\"BreadcrumbList\",\"@id\":\"https:\/\/ac.upt.ro\/campus-virtual\/#breadcrumb\",\"itemListElement\":[{\"@type\":\"ListItem\",\"position\":1,\"name\":\"Home\",\"item\":\"https:\/\/ac.upt.ro\/\"},{\"@type\":\"ListItem\",\"position\":2,\"name\":\"Campus Virtual\"}]},{\"@type\":\"WebSite\",\"@id\":\"https:\/\/ac.upt.ro\/#website\",\"url\":\"https:\/\/ac.upt.ro\/\",\"name\":\"Facultatea de Automatic\u0103 \u0219i Calculatoare - Timi\u0219oara\",\"description\":\"Preg\u0103tirea inginerilor IT cu \u00eenalt\u0103 calificare, cu cuno\u0219tin\u021be \u0219i abilit\u0103\u021bi de automatic\u0103, software \u0219i hardware.\",\"publisher\":{\"@id\":\"https:\/\/ac.upt.ro\/#organization\"},\"potentialAction\":[{\"@type\":\"SearchAction\",\"target\":{\"@type\":\"EntryPoint\",\"urlTemplate\":\"https:\/\/ac.upt.ro\/?s={search_term_string}\"},\"query-input\":{\"@type\":\"PropertyValueSpecification\",\"valueRequired\":true,\"valueName\":\"search_term_string\"}}],\"inLanguage\":\"en-GB\"},{\"@type\":\"Organization\",\"@id\":\"https:\/\/ac.upt.ro\/#organization\",\"name\":\"Facultatea de Automatic\u0103 \u0219i Calculatoare\",\"url\":\"https:\/\/ac.upt.ro\/\",\"logo\":{\"@type\":\"ImageObject\",\"inLanguage\":\"en-GB\",\"@id\":\"https:\/\/ac.upt.ro\/#\/schema\/logo\/image\/\",\"url\":\"https:\/\/ac.upt.ro\/wp-content\/uploads\/2021\/02\/AC-Text.png\",\"contentUrl\":\"https:\/\/ac.upt.ro\/wp-content\/uploads\/2021\/02\/AC-Text.png\",\"width\":400,\"height\":98,\"caption\":\"Facultatea de Automatic\u0103 \u0219i Calculatoare\"},\"image\":{\"@id\":\"https:\/\/ac.upt.ro\/#\/schema\/logo\/image\/\"}}]}<\/script>\n<!-- \/ Yoast SEO plugin. -->","yoast_head_json":{"title":"Campus Virtual - Facultatea de Automatic\u0103 \u0219i Calculatoare - Timi\u0219oara","robots":{"index":"index","follow":"follow","max-snippet":"max-snippet:-1","max-image-preview":"max-image-preview:large","max-video-preview":"max-video-preview:-1"},"canonical":"https:\/\/ac.upt.ro\/en\/campus-virtual\/","og_locale":"en_GB","og_type":"article","og_title":"[:ro]Campus Virtual[:] - Facultatea de Automatic\u0103 \u0219i Calculatoare - Timi\u0219oara","og_description":"Campus Virtual \u2013 Resurse utile Campusul Virtual al UPT (cv.upt.ro) este un mediu educa\u0163ional online de suport academic pentru toate [&hellip;]","og_url":"https:\/\/ac.upt.ro\/en\/campus-virtual\/","og_site_name":"Facultatea de Automatic\u0103 \u0219i Calculatoare - Timi\u0219oara","article_modified_time":"2025-10-01T11:31:34+00:00","og_image":[{"width":979,"height":112,"url":"https:\/\/ac.upt.ro\/wp-content\/uploads\/2025\/09\/CVUPT.png","type":"image\/png"}],"twitter_card":"summary_large_image","twitter_misc":{"Estimated reading time":"1 minute"},"schema":{"@context":"https:\/\/schema.org","@graph":[{"@type":"WebPage","@id":"https:\/\/ac.upt.ro\/campus-virtual\/","url":"https:\/\/ac.upt.ro\/campus-virtual\/","name":"Campus Virtual","isPartOf":{"@id":"https:\/\/ac.upt.ro\/#website"},"primaryImageOfPage":{"@id":"https:\/\/ac.upt.ro\/campus-virtual\/#primaryimage"},"image":{"@id":"https:\/\/ac.upt.ro\/campus-virtual\/#primaryimage"},"thumbnailUrl":"https:\/\/ac.upt.ro\/wp-content\/uploads\/2025\/09\/CVUPT.png","datePublished":"2025-09-16T10:22:42+00:00","dateModified":"2025-10-01T11:31:34+00:00","breadcrumb":{"@id":"https:\/\/ac.upt.ro\/campus-virtual\/#breadcrumb"},"inLanguage":"en-GB","potentialAction":[{"@type":"ReadAction","target":["https:\/\/ac.upt.ro\/campus-virtual\/"]}]},{"@type":"ImageObject","inLanguage":"en-GB","@id":"https:\/\/ac.upt.ro\/campus-virtual\/#primaryimage","url":"https:\/\/ac.upt.ro\/wp-content\/uploads\/2025\/09\/CVUPT.png","contentUrl":"https:\/\/ac.upt.ro\/wp-content\/uploads\/2025\/09\/CVUPT.png"},{"@type":"BreadcrumbList","@id":"https:\/\/ac.upt.ro\/campus-virtual\/#breadcrumb","itemListElement":[{"@type":"ListItem","position":1,"name":"Home","item":"https:\/\/ac.upt.ro\/"},{"@type":"ListItem","position":2,"name":"Campus Virtual"}]},{"@type":"WebSite","@id":"https:\/\/ac.upt.ro\/#website","url":"https:\/\/ac.upt.ro\/","name":"Facultatea de Automatic\u0103 \u0219i Calculatoare - Timi\u0219oara","description":"Preg\u0103tirea inginerilor IT cu \u00eenalt\u0103 calificare, cu cuno\u0219tin\u021be \u0219i abilit\u0103\u021bi de automatic\u0103, software \u0219i hardware.","publisher":{"@id":"https:\/\/ac.upt.ro\/#organization"},"potentialAction":[{"@type":"SearchAction","target":{"@type":"EntryPoint","urlTemplate":"https:\/\/ac.upt.ro\/?s={search_term_string}"},"query-input":{"@type":"PropertyValueSpecification","valueRequired":true,"valueName":"search_term_string"}}],"inLanguage":"en-GB"},{"@type":"Organization","@id":"https:\/\/ac.upt.ro\/#organization","name":"Facultatea de Automatic\u0103 \u0219i Calculatoare","url":"https:\/\/ac.upt.ro\/","logo":{"@type":"ImageObject","inLanguage":"en-GB","@id":"https:\/\/ac.upt.ro\/#\/schema\/logo\/image\/","url":"https:\/\/ac.upt.ro\/wp-content\/uploads\/2021\/02\/AC-Text.png","contentUrl":"https:\/\/ac.upt.ro\/wp-content\/uploads\/2021\/02\/AC-Text.png","width":400,"height":98,"caption":"Facultatea de Automatic\u0103 \u0219i Calculatoare"},"image":{"@id":"https:\/\/ac.upt.ro\/#\/schema\/logo\/image\/"}}]}},"_links":{"self":[{"href":"https:\/\/ac.upt.ro\/en\/wp-json\/wp\/v2\/pages\/7645","targetHints":{"allow":["GET"]}}],"collection":[{"href":"https:\/\/ac.upt.ro\/en\/wp-json\/wp\/v2\/pages"}],"about":[{"href":"https:\/\/ac.upt.ro\/en\/wp-json\/wp\/v2\/types\/page"}],"author":[{"embeddable":true,"href":"https:\/\/ac.upt.ro\/en\/wp-json\/wp\/v2\/users\/8"}],"replies":[{"embeddable":true,"href":"https:\/\/ac.upt.ro\/en\/wp-json\/wp\/v2\/comments?post=7645"}],"version-history":[{"count":12,"href":"https:\/\/ac.upt.ro\/en\/wp-json\/wp\/v2\/pages\/7645\/revisions"}],"predecessor-version":[{"id":7763,"href":"https:\/\/ac.upt.ro\/en\/wp-json\/wp\/v2\/pages\/7645\/revisions\/7763"}],"wp:attachment":[{"href":"https:\/\/ac.upt.ro\/en\/wp-json\/wp\/v2\/media?parent=7645"}],"curies":[{"name":"wp","href":"https:\/\/api.w.org\/{rel}","templated":true}]}}