{"id":621,"date":"2021-02-14T03:01:33","date_gmt":"2021-02-14T01:01:33","guid":{"rendered":"https:\/\/ac.upt.ro\/?page_id=621"},"modified":"2024-09-24T07:55:44","modified_gmt":"2024-09-24T05:55:44","slug":"ghidul-studentului","status":"publish","type":"page","link":"https:\/\/ac.upt.ro\/en\/ghidul-studentului\/","title":{"rendered":"Students Guide"},"content":{"rendered":"\r\n<div class=\"wp-block-cover aligncenter has-background-dim\" style=\"background-image: url(&apos;https:\/\/ac.upt.ro\/wp-content\/uploads\/2021\/02\/priscilla-du-preez-ptA_7ODacAk-unsplash-1.jpg&apos;); min-height: 260px;aspect-ratio:unset;\">\r\n<div class=\"wp-block-cover__inner-container is-layout-flow wp-block-cover-is-layout-flow\">\r\n<div class=\"wp-block-buttons aligncenter is-layout-flex wp-block-buttons-is-layout-flex\">\r\n<div class=\"wp-block-button is-style-outline is-style-outline--1\"><a class=\"wp-block-button__link has-white-color has-text-color\" href=\"http:\/\/www.upt.ro\/img\/files\/2016-2017\/Ghidul_studentului_UPT_2016-2017.pdf\" target=\"_blank\" rel=\"noreferrer noopener\">Download Student&#8217;s Guide!<\/a><\/div>\r\n<\/div>\r\n<\/div>\r\n<\/div>\r\n\r\n\r\n\r\n<div class=\"wp-block-spacer\" style=\"height: 16px;\" aria-hidden=\"true\">\u00a0<\/div>\r\n\r\n\r\n\r\n<p>Student life is unique, memorable and full of opportunities.<\/p>\r\n<p>The &#8220;<a href=\"http:\/\/www.upt.ro\/img\/files\/2016-2017\/Ghidul_studentului_UPT_2016-2017.pdf\" target=\"_blank\" rel=\"noreferrer noopener\" data-type=\"URL\" data-id=\"http:\/\/www.upt.ro\/img\/files\/2016-2017\/Ghidul_studentului_UPT_2016-2017.pdf\">Student&#8217;s Guide<\/a>&#8221; offers you any piece of information you need to know: how the University works, where you can find all the important locations and also how you can access various facilities and services such as library, canteens, sports fields, swimming pool and more!<\/p>\r\n","protected":false},"excerpt":{"rendered":"<p>Student life is unique, memorable and full of opportunities. The &#8220;Student&#8217;s Guide&#8221; offers you any piece of information you need [&hellip;]<\/p>\n","protected":false},"author":5,"featured_media":0,"parent":0,"menu_order":0,"comment_status":"closed","ping_status":"closed","template":"","meta":{"footnotes":""},"class_list":["post-621","page","type-page","status-publish","hentry"],"acf":[],"yoast_head":"<!-- This site is optimized with the Yoast SEO plugin v25.3.1 - https:\/\/yoast.com\/wordpress\/plugins\/seo\/ -->\n<title>Students Guide - Facultatea de Automatic\u0103 \u0219i Calculatoare - Timi\u0219oara<\/title>\n<meta name=\"robots\" content=\"index, follow, max-snippet:-1, max-image-preview:large, max-video-preview:-1\" \/>\n<link rel=\"canonical\" href=\"https:\/\/ac.upt.ro\/en\/ghidul-studentului\/\" \/>\n<meta property=\"og:locale\" content=\"en_GB\" \/>\n<meta property=\"og:locale:alternate\" content=\"ro_RO\" \/>\n<meta property=\"og:type\" content=\"article\" \/>\n<meta property=\"og:title\" content=\"Students Guide\" \/>\n<meta property=\"og:description\" content=\"Student life is unique, memorable and full of opportunities. The &#8220;Student&#8217;s Guide&#8221; offers you any piece of information you need [&hellip;]\" \/>\n<meta property=\"og:url\" content=\"https:\/\/ac.upt.ro\/en\/ghidul-studentului\/\" \/>\n<meta property=\"og:site_name\" content=\"Facultatea de Automatic\u0103 \u0219i Calculatoare - Timi\u0219oara\" \/>\n<meta property=\"article:modified_time\" content=\"2024-09-24T05:55:44+00:00\" \/>\n<meta property=\"og:image\" content=\"https:\/\/ac.upt.ro\/wp-content\/uploads\/2023\/04\/WhatsApp-Image-2023-04-24-at-20.52.52.jpg\" \/>\n<meta name=\"twitter:card\" content=\"summary_large_image\" \/>\n<meta name=\"twitter:label1\" content=\"Estimated reading time\" \/>\n\t<meta name=\"twitter:data1\" content=\"1 minute\" \/>\n<script type=\"application\/ld+json\" class=\"yoast-schema-graph\">{\"@context\":\"https:\/\/schema.org\",\"@graph\":[{\"@type\":\"WebPage\",\"@id\":\"https:\/\/ac.upt.ro\/ghidul-studentului\/\",\"url\":\"https:\/\/ac.upt.ro\/ghidul-studentului\/\",\"name\":\"Students Guide\",\"isPartOf\":{\"@id\":\"https:\/\/ac.upt.ro\/#website\"},\"primaryImageOfPage\":{\"@id\":\"https:\/\/ac.upt.ro\/ghidul-studentului\/#primaryimage\"},\"image\":{\"@id\":\"https:\/\/ac.upt.ro\/ghidul-studentului\/#primaryimage\"},\"thumbnailUrl\":\"https:\/\/ac.upt.ro\/wp-content\/uploads\/2023\/04\/WhatsApp-Image-2023-04-24-at-20.52.52.jpg\",\"datePublished\":\"2021-02-14T01:01:33+00:00\",\"dateModified\":\"2024-09-24T05:55:44+00:00\",\"breadcrumb\":{\"@id\":\"https:\/\/ac.upt.ro\/ghidul-studentului\/#breadcrumb\"},\"inLanguage\":\"en-GB\",\"potentialAction\":[{\"@type\":\"ReadAction\",\"target\":[\"https:\/\/ac.upt.ro\/ghidul-studentului\/\"]}]},{\"@type\":\"ImageObject\",\"inLanguage\":\"en-GB\",\"@id\":\"https:\/\/ac.upt.ro\/ghidul-studentului\/#primaryimage\",\"url\":\"https:\/\/ac.upt.ro\/wp-content\/uploads\/2023\/04\/WhatsApp-Image-2023-04-24-at-20.52.52.jpg\",\"contentUrl\":\"https:\/\/ac.upt.ro\/wp-content\/uploads\/2023\/04\/WhatsApp-Image-2023-04-24-at-20.52.52.jpg\"},{\"@type\":\"BreadcrumbList\",\"@id\":\"https:\/\/ac.upt.ro\/ghidul-studentului\/#breadcrumb\",\"itemListElement\":[{\"@type\":\"ListItem\",\"position\":1,\"name\":\"Home\",\"item\":\"https:\/\/ac.upt.ro\/\"},{\"@type\":\"ListItem\",\"position\":2,\"name\":\"Ghidul Studentului\"}]},{\"@type\":\"WebSite\",\"@id\":\"https:\/\/ac.upt.ro\/#website\",\"url\":\"https:\/\/ac.upt.ro\/\",\"name\":\"Facultatea de Automatic\u0103 \u0219i Calculatoare - Timi\u0219oara\",\"description\":\"Preg\u0103tirea inginerilor IT cu \u00eenalt\u0103 calificare, cu cuno\u0219tin\u021be \u0219i abilit\u0103\u021bi de automatic\u0103, software \u0219i hardware.\",\"publisher\":{\"@id\":\"https:\/\/ac.upt.ro\/#organization\"},\"potentialAction\":[{\"@type\":\"SearchAction\",\"target\":{\"@type\":\"EntryPoint\",\"urlTemplate\":\"https:\/\/ac.upt.ro\/?s={search_term_string}\"},\"query-input\":{\"@type\":\"PropertyValueSpecification\",\"valueRequired\":true,\"valueName\":\"search_term_string\"}}],\"inLanguage\":\"en-GB\"},{\"@type\":\"Organization\",\"@id\":\"https:\/\/ac.upt.ro\/#organization\",\"name\":\"Facultatea de Automatic\u0103 \u0219i Calculatoare\",\"url\":\"https:\/\/ac.upt.ro\/\",\"logo\":{\"@type\":\"ImageObject\",\"inLanguage\":\"en-GB\",\"@id\":\"https:\/\/ac.upt.ro\/#\/schema\/logo\/image\/\",\"url\":\"https:\/\/ac.upt.ro\/wp-content\/uploads\/2021\/02\/AC-Text.png\",\"contentUrl\":\"https:\/\/ac.upt.ro\/wp-content\/uploads\/2021\/02\/AC-Text.png\",\"width\":400,\"height\":98,\"caption\":\"Facultatea de Automatic\u0103 \u0219i Calculatoare\"},\"image\":{\"@id\":\"https:\/\/ac.upt.ro\/#\/schema\/logo\/image\/\"}}]}<\/script>\n<!-- \/ Yoast SEO plugin. -->","yoast_head_json":{"title":"Students Guide - Facultatea de Automatic\u0103 \u0219i Calculatoare - Timi\u0219oara","robots":{"index":"index","follow":"follow","max-snippet":"max-snippet:-1","max-image-preview":"max-image-preview:large","max-video-preview":"max-video-preview:-1"},"canonical":"https:\/\/ac.upt.ro\/en\/ghidul-studentului\/","og_locale":"en_GB","og_type":"article","og_title":"[:en]Students Guide[:ro]Ghidul Studentului[:] - Facultatea de Automatic\u0103 \u0219i Calculatoare - Timi\u0219oara","og_description":"Student life is unique, memorable and full of opportunities. The &#8220;Student&#8217;s Guide&#8221; offers you any piece of information you need [&hellip;]","og_url":"https:\/\/ac.upt.ro\/en\/ghidul-studentului\/","og_site_name":"Facultatea de Automatic\u0103 \u0219i Calculatoare - Timi\u0219oara","article_modified_time":"2024-09-24T05:55:44+00:00","og_image":[{"url":"https:\/\/ac.upt.ro\/wp-content\/uploads\/2023\/04\/WhatsApp-Image-2023-04-24-at-20.52.52.jpg","type":"","width":"","height":""}],"twitter_card":"summary_large_image","twitter_misc":{"Estimated reading time":"1 minute"},"schema":{"@context":"https:\/\/schema.org","@graph":[{"@type":"WebPage","@id":"https:\/\/ac.upt.ro\/ghidul-studentului\/","url":"https:\/\/ac.upt.ro\/ghidul-studentului\/","name":"Students Guide","isPartOf":{"@id":"https:\/\/ac.upt.ro\/#website"},"primaryImageOfPage":{"@id":"https:\/\/ac.upt.ro\/ghidul-studentului\/#primaryimage"},"image":{"@id":"https:\/\/ac.upt.ro\/ghidul-studentului\/#primaryimage"},"thumbnailUrl":"https:\/\/ac.upt.ro\/wp-content\/uploads\/2023\/04\/WhatsApp-Image-2023-04-24-at-20.52.52.jpg","datePublished":"2021-02-14T01:01:33+00:00","dateModified":"2024-09-24T05:55:44+00:00","breadcrumb":{"@id":"https:\/\/ac.upt.ro\/ghidul-studentului\/#breadcrumb"},"inLanguage":"en-GB","potentialAction":[{"@type":"ReadAction","target":["https:\/\/ac.upt.ro\/ghidul-studentului\/"]}]},{"@type":"ImageObject","inLanguage":"en-GB","@id":"https:\/\/ac.upt.ro\/ghidul-studentului\/#primaryimage","url":"https:\/\/ac.upt.ro\/wp-content\/uploads\/2023\/04\/WhatsApp-Image-2023-04-24-at-20.52.52.jpg","contentUrl":"https:\/\/ac.upt.ro\/wp-content\/uploads\/2023\/04\/WhatsApp-Image-2023-04-24-at-20.52.52.jpg"},{"@type":"BreadcrumbList","@id":"https:\/\/ac.upt.ro\/ghidul-studentului\/#breadcrumb","itemListElement":[{"@type":"ListItem","position":1,"name":"Home","item":"https:\/\/ac.upt.ro\/"},{"@type":"ListItem","position":2,"name":"Ghidul Studentului"}]},{"@type":"WebSite","@id":"https:\/\/ac.upt.ro\/#website","url":"https:\/\/ac.upt.ro\/","name":"Facultatea de Automatic\u0103 \u0219i Calculatoare - Timi\u0219oara","description":"Preg\u0103tirea inginerilor IT cu \u00eenalt\u0103 calificare, cu cuno\u0219tin\u021be \u0219i abilit\u0103\u021bi de automatic\u0103, software \u0219i hardware.","publisher":{"@id":"https:\/\/ac.upt.ro\/#organization"},"potentialAction":[{"@type":"SearchAction","target":{"@type":"EntryPoint","urlTemplate":"https:\/\/ac.upt.ro\/?s={search_term_string}"},"query-input":{"@type":"PropertyValueSpecification","valueRequired":true,"valueName":"search_term_string"}}],"inLanguage":"en-GB"},{"@type":"Organization","@id":"https:\/\/ac.upt.ro\/#organization","name":"Facultatea de Automatic\u0103 \u0219i Calculatoare","url":"https:\/\/ac.upt.ro\/","logo":{"@type":"ImageObject","inLanguage":"en-GB","@id":"https:\/\/ac.upt.ro\/#\/schema\/logo\/image\/","url":"https:\/\/ac.upt.ro\/wp-content\/uploads\/2021\/02\/AC-Text.png","contentUrl":"https:\/\/ac.upt.ro\/wp-content\/uploads\/2021\/02\/AC-Text.png","width":400,"height":98,"caption":"Facultatea de Automatic\u0103 \u0219i Calculatoare"},"image":{"@id":"https:\/\/ac.upt.ro\/#\/schema\/logo\/image\/"}}]}},"_links":{"self":[{"href":"https:\/\/ac.upt.ro\/en\/wp-json\/wp\/v2\/pages\/621","targetHints":{"allow":["GET"]}}],"collection":[{"href":"https:\/\/ac.upt.ro\/en\/wp-json\/wp\/v2\/pages"}],"about":[{"href":"https:\/\/ac.upt.ro\/en\/wp-json\/wp\/v2\/types\/page"}],"author":[{"embeddable":true,"href":"https:\/\/ac.upt.ro\/en\/wp-json\/wp\/v2\/users\/5"}],"replies":[{"embeddable":true,"href":"https:\/\/ac.upt.ro\/en\/wp-json\/wp\/v2\/comments?post=621"}],"version-history":[{"count":39,"href":"https:\/\/ac.upt.ro\/en\/wp-json\/wp\/v2\/pages\/621\/revisions"}],"predecessor-version":[{"id":6566,"href":"https:\/\/ac.upt.ro\/en\/wp-json\/wp\/v2\/pages\/621\/revisions\/6566"}],"wp:attachment":[{"href":"https:\/\/ac.upt.ro\/en\/wp-json\/wp\/v2\/media?parent=621"}],"curies":[{"name":"wp","href":"https:\/\/api.w.org\/{rel}","templated":true}]}}