{"id":59,"date":"2020-12-17T09:28:39","date_gmt":"2020-12-17T09:28:39","guid":{"rendered":"https:\/\/ac.upt.ro\/?page_id=59"},"modified":"2024-08-29T13:47:33","modified_gmt":"2024-08-29T11:47:33","slug":"scurt-istoric","status":"publish","type":"page","link":"https:\/\/ac.upt.ro\/en\/scurt-istoric\/","title":{"rendered":"Scurt istoric"},"content":{"rendered":"<p><img loading=\"lazy\" decoding=\"async\" class=\"alignleft wp-image-114 \" src=\"https:\/\/ac.upt.ro\/wp-content\/uploads\/2020\/12\/1200px-Facultatea_de_Electrotehnica_Timisoara_2-300x154.jpg\" alt=\"\" width=\"406\" height=\"209\" srcset=\"https:\/\/ac.upt.ro\/wp-content\/uploads\/2020\/12\/1200px-Facultatea_de_Electrotehnica_Timisoara_2-300x154.jpg 300w, https:\/\/ac.upt.ro\/wp-content\/uploads\/2020\/12\/1200px-Facultatea_de_Electrotehnica_Timisoara_2-1024x525.jpg 1024w, https:\/\/ac.upt.ro\/wp-content\/uploads\/2020\/12\/1200px-Facultatea_de_Electrotehnica_Timisoara_2-768x394.jpg 768w, https:\/\/ac.upt.ro\/wp-content\/uploads\/2020\/12\/1200px-Facultatea_de_Electrotehnica_Timisoara_2.jpg 1200w\" sizes=\"auto, (max-width: 406px) 100vw, 406px\" \/><\/p>\n<div>\n<p><b>1920<\/b>\u00a0\u2014 este fondat\u0103 \u201e\u015ecoala Politehnic\u0103 din Timi\u0219oara\u201d \u2013 ulterior \u201eInstitutul Politehnic din Timi\u0219oara\u201d (1947), \u201eUniversitatea Tehnic\u0103 din Timi\u0219oara\u201d (1990), Universitatea \u201ePolitehnica\u201d din Timi\u0219oara (1995), actualmente\u00a0Universitatea Politehnica Timi\u0219oara\u00a0(2013)<\/p>\n<p><b>1964<\/b> \u2014 se demareaz\u0103 \u00eenv\u0103\u021b\u0103m\u00e2ntul \u00een specializarea de Calculatoare, \u00een cadrul \u201eFacult\u0103\u021bii de Electrotehnic\u0103\u201d<\/p>\n<p><b>1974<\/b>\u00a0\u2014 se demareaz\u0103 \u00eenv\u0103\u021b\u0103m\u00e2ntul \u00een specializarea de Automatic\u0103<\/p>\n<p><b>1990<\/b> \u2014 se \u00eenfiin\u021beaz\u0103 \u201eFacultatea de Automatic\u0103 \u0219i Calculatoare\u201d<\/p>\n<h3><\/h3>\n<h3 class=\"title\">Repere temporale<\/h3>\n<p><b>1959<\/b> \u2014 Primul curs de Automatic\u0103 \u00een cadrul Institutul Politehnic din Timi\u0219oara (I. P. Timi\u0219oara)<\/p>\n<p><b>1963<\/b> \u2014 Primul curs de \u201eCalculatoare numerice \u0219i programare\u201d \u00een cadrul I.P. Timi\u0219oara<\/p>\n<p><b>1964<\/b>\u00a0\u2014 Se \u00eenfiin\u021beaz\u0103 prima grup\u0103 de studen\u021bi \u00een specializarea \u201eCalculatoare electronice\u201d desprins\u0103 din specializarea Electromecanic\u0103<\/p>\n<p><b>1964<\/b>\u00a0\u2014 Se \u00eenfiin\u021beaz\u0103 Colectivul de \u201eCalculatoare numerice\u201d \u00een cadrul Facult\u0103\u021bii de Electrotehnic\u0103<\/p>\n<p><b>1965<\/b>\u00a0\u2014 Ia fiin\u021b\u0103 catedra de \u201eElectronic\u0103 \u0219i Calculatoare&#8221;<\/p>\n<p><b>1966<\/b>\u00a0\u2014 Ia fiin\u021b\u0103 sec\u021bia \u201eCalculatoare electronice\u201d \u00een cadrul Facult\u0103\u021bii de Electrotehnic\u0103<\/p>\n<p><b>1966<\/b>\u00a0\u2014 Absolv\u0103 prima promo\u021bie \u00een specialitatea \u201eCalculatoare electronice\u201d<\/p>\n<p><b>1967<\/b>\u00a0\u2014 Catedra de \u201eElectrotehnic\u0103 \u0219i calculatoare\u201d devine catedra de \u201eCalculatoare, electronic\u0103 \u0219i automatic\u0103\u201d<\/p>\n<p><b>1971<\/b>\u00a0\u2014 Absolv\u0103 prima promo\u021bie de ingineri ai sec\u021biei \u201eCalculatoare electronice\u201d<\/p>\n<p><b>1972<\/b>\u00a0\u2014 Iau fiin\u021b\u0103 catedrele de \u201eCalculatoare\u201d \u0219i \u201eElectronic\u0103 \u2013 Automatic\u0103 \u2013 M\u0103suri\u201d<\/p>\n<p><b>1974<\/b>\u00a0\u2014 Absolv\u0103 prima promo\u021bie de ingineri calculatori\u0219ti cu specializ\u0103rile Hardware \u0219i Software<\/p>\n<p><b>1974<\/b>\u00a0\u2014 Ia fiin\u021b\u0103 specializarea de Automatic\u0103 al\u0103turi de specializarea de Calculatoare<\/p>\n<p><b>1976<\/b>\u00a0\u2014 Catedrele de \u201eCalculatoare\u201d \u0219i \u201eElectronic\u0103 \u2013 Automatic\u0103 \u2013 M\u0103suri\u201d se mut\u0103 din cl\u0103direa din Pia\u021ba Hora\u021biu nr.1 \u00een sediul din Bulevardul V.P\u00e2rvan nr.2, num\u0103rul laboratoarelor \u0219i dotarea sporind substan\u021bial<\/p>\n<p><b>1979<\/b>\u00a0\u2014 Absolv\u0103 cursurile prima promo\u021bie de ingineri automati\u0219ti cu specializarea \u201eAutomatiz\u0103ri industriale\u201d<\/p>\n<p><b>1981<\/b>\u00a0\u2014 Ia fiin\u021b\u0103 Catedra de Calculatoare \u0219i Automatic\u0103<\/p>\n<p><b>1983<\/b>\u00a0\u2014 Absolv\u0103 cursurile prima promo\u021bie de ingineri automati\u0219ti cu specializarea \u201eConducerea proceselor cu calculatorul\u201d<\/p>\n<p><b>1990<\/b>\u00a0\u2014 Ia fiin\u021b\u0103 Facultatea de Calculatoare \u0219i Automatic\u0103<\/p>\n<p><b>1990<\/b>\u00a0\u2014 Iau fiin\u021b\u0103 Catedrele de Calculatoare \u0219i de Automatic\u0103<\/p>\n<p><b>1990<\/b>\u00a0\u2014 \u00cen planurile de \u00eenva\u021b\u0103m\u00e2nt se introduc direc\u021biile de aprofundare \u201eHardware\u201d, \u201eSoftware\u201d \u0219i \u201eSisteme de calcul \u00een management\u201d la specializarea Calculatoare, respectiv \u201eSisteme informa\u021bionale de conducere a proceselor\u201d, \u201eIngineria program\u0103rii orientate pe aplica\u021bii\u201d \u0219i \u201eAutomatiz\u0103ri industriale\u201d la specializarea Automatic\u0103<\/p>\n<p><b>1991<\/b>\u00a0\u2014 Prin alinierea pe plan na\u021bional se schimb\u0103 denumirea facult\u0103\u021bii \u00een \u201eFacultatea de Automatic\u0103 \u0219i Calculatoare&#8221;<\/p>\n<p><b>1993<\/b>\u00a0\u2014 Ia fiin\u021b\u0103 profilul \u201e\u015etiin\u021ba sistemelor \u0219i a calculatoarelor\u201d<\/p>\n<p><b>1994<\/b>\u00a0\u2014 Se introduce preg\u0103tirea prin ciclul de \u201eStudii aprofundate\u201d (master) \u00een profilul \u201e\u015etiin\u021ba sistemelor \u0219i a calculatoarelor\u201d, specializ\u0103rile: \u201eAbord\u0103ri moderne \u00een conducerea informa\u021bional\u0103\u201d \u0219i \u201eMetode moderne de proiectare a sistemelor de calcul distribuite \u0219i paralele\u201d<\/p>\n<p><b>1996<\/b>\u00a0\u2014 Cele dou\u0103 Catedre ale facult\u0103\u021bii se transform\u0103 \u00een Departamente<\/p>\n<p><b>1997<\/b>\u00a0\u2014 \u00cencepe preg\u0103tirea \u0219i \u00een cadrul \u00eenv\u0103\u021b\u0103m\u00e2ntului universitar de tip colegiu cu dou\u0103 specializ\u0103ri: \u201eInformatic\u0103 aplicat\u0103\u201d \u0219i \u201eTehnic\u0103 de calcul\u201d<\/p>\n<p><b>1997<\/b>\u00a0\u2014 \u00cen preg\u0103tirea prin \u201eStudii aprofundate\u201d se introduc \u0219i specializ\u0103rile \u201eSisteme automate\u201d \u0219i \u201eTehnici \u0219i tehnologii de nivel \u00eenalt pentru prelucrarea informa\u021biei\u201d<\/p>\n<p><b>1997<\/b>\u00a0\u2014 Este introdus programul de nivel colegiu \u00een specializarile \u201eInformatic\u0103 aplicat\u0103\u201d \u0219i \u201eTehnic\u0103 de calcul\u201d, profilul \u201e\u015etiin\u021ba sistemelor \u0219i \u0219tiin\u021ba calculatoarelor\u201d, desfiin\u021bat ca program de studii \u00een anul 2006<\/p>\n<p><b>2001<\/b>\u00a0\u2014 Este introdus programul de studii aprofundate (ulterior masterat) \u201cEmbedded systems\u201d \u00een colaborare cu S. C. Siemens VDO Automotive Romania S.R.L. (ulterior S.C. Continental Automotive Romania S.R.L.)<\/p>\n<p><b>2004<\/b>\u00a0\u2014 Sunt introduse programele de studii aprofundate (ulterior masterat) \u201cAdvanced computing systems\u201d \u0219i \u201cAutomotive embedded software\u201d \u00een colaborare cu S. C. Siemens VDO Automotive Romania S.R.L. (ulterior S.C. Continental Automotive Romania S.R.L.)<\/p>\n<p><b>2005<\/b>\u00a0\u2014 Sunt introduse programele de licen\u021b\u0103 \u201eIngineria sistemelor\u201d \u0219i \u201eCalculatoare \u0219i tehnologia informa\u021biei\u201d, cu specializ\u0103rile \u201eAutomatic\u0103 \u0219i informatic\u0103 aplicat\u0103\u201d \u0219i respectiv \u201eCalculatoare\u201d<\/p>\n<p><b>2006<\/b>\u00a0\u2014 Este introdus programul de licen\u021b\u0103 \u201eInformatic\u0103\u201d, cu specializarea \u201eInformatic\u0103\u201d<\/p>\n<p><b>2006<\/b>\u00a0\u2014 Este introdus programul de licen\u021b\u0103 \u201eInformatic\u0103\u201d, cu specializarea \u201eInformatic\u0103 \u2013 \u00cenv\u0103\u021b\u0103m\u00e2nt la distan\u021b\u0103\u201d<\/p>\n<p><b>2009<\/b>\u00a0\u2014 Sunt introduse programele de masterat \u201eIngineria sistemelor automate\u201d, \u201eSisteme informatice aplicate \u00een produc\u021bie \u0219i servicii\u201d, \u201eSisteme informatice \u00een \u00eengrijirea s\u0103n\u0103t\u0103\u021bii\u201d, \u201eTehnologii informatice\u201d, \u201cComputer engineering\u201d, \u201cSoftware engineering\u201d \u0219i \u201cInformation technology\u201d<\/p>\n<p><b>2011<\/b> \u2014 Sunt introduse domenile de ierarhizare \u201eIngineria sistemelor, calculatoare \u0219i tehnologia informa\u021biei\u201d \u0219i \u201eInformatic\u0103\u201d, cu domeniile de studii universitare (licen\u021b\u0103 \u2013 L, masterat \u2013 M, doctorat \u2013 D) \u201eIngineria sistemelor\u201d (L, M, D), \u201eCalculatoare \u0219i tehnologia informa\u021biei\u201d (L, M, D) \u0219i respectiv \u201eInformatic\u0103\u201d (L, M)<\/p>\n<p><b>2012<\/b>\u00a0\u2014 Este introdus programul de licen\u021b\u0103 \u201cComputer and software engineering\u201d cu specializarea \u201cComputers\u201d<\/p>\n<p><b>2015<\/b> \u2014 Sunt introduse ramurile de \u0219tiin\u021b\u0103 \u201eIngineria sistemelor, calculatoare \u0219i tehnologia informa\u021biei\u201d \u0219i \u201eMatematic\u0103\u201d, cu domeniile de studii universitare \u201eIngineria sistemelor\u201d (L, M, D), \u201eCalculatoare \u0219i tehnologia informa\u021biei\u201d (L, M, D) \u0219i respectiv \u201eInformatic\u0103\u201d (L, M)<\/p>\n<\/div>\n<p><b>2020<\/b> \u2014 Sunt introduse trei specializ\u0103ri noi pentru master: Cloud Computing and IoT (<strong>CCIT<\/strong>), Machine Learning (<strong>ML<\/strong>) \u0219i Securitatea Informa\u021biilor \u0219i a Sistemelor Cibernetice (<strong>SISC<\/strong>).<\/p>\n<p><b>2022<\/b> \u2014 Este introdus\u0103 specializarea de licen\u021b\u0103 &#8220;<strong>Tehnologia Informa\u021biei (TI)<\/strong>&#8221; \u00een cadrul <strong>domeniului de studii Calculatoare \u0219i Tehnologia Informa\u021biei &#8211; limba rom\u00e2n\u0103.<\/strong><\/p>\n<p><b>2023<\/b> \u2014 Este introdus\u0103 o nou\u0103 specializare pentru masterat: Game Development (<strong>GD<\/strong>) \u00een cadrul domeniului Ingineria Sistemelor.<\/p>\n<p><b>2024<\/b> \u2014 Este introdus\u0103 o nou\u0103 specializare pentru masterat: Quantum Computing (<strong>QC<\/strong>) \u00een cadrul domeniului Calculatoare \u0219i Tehnologia Informa\u021biei.<\/p>\n","protected":false},"excerpt":{"rendered":"<p>1920\u00a0\u2014 este fondat\u0103 \u201e\u015ecoala Politehnic\u0103 din Timi\u0219oara\u201d \u2013 ulterior \u201eInstitutul Politehnic din Timi\u0219oara\u201d (1947), \u201eUniversitatea Tehnic\u0103 din Timi\u0219oara\u201d (1990), Universitatea [&hellip;]<\/p>\n","protected":false},"author":1,"featured_media":0,"parent":0,"menu_order":0,"comment_status":"closed","ping_status":"closed","template":"","meta":{"footnotes":""},"class_list":["post-59","page","type-page","status-publish","hentry"],"acf":[],"yoast_head":"<!-- This site is optimized with the Yoast SEO plugin v25.3.1 - https:\/\/yoast.com\/wordpress\/plugins\/seo\/ -->\n<title>Scurt istoric - Facultatea de Automatic\u0103 \u0219i Calculatoare - Timi\u0219oara<\/title>\n<meta name=\"robots\" content=\"index, follow, max-snippet:-1, max-image-preview:large, max-video-preview:-1\" \/>\n<link rel=\"canonical\" href=\"https:\/\/ac.upt.ro\/en\/scurt-istoric\/\" \/>\n<meta property=\"og:locale\" content=\"en_GB\" \/>\n<meta property=\"og:locale:alternate\" content=\"ro_RO\" \/>\n<meta property=\"og:type\" content=\"article\" \/>\n<meta property=\"og:title\" content=\"Scurt istoric\" \/>\n<meta property=\"og:description\" content=\"1920\u00a0\u2014 este fondat\u0103 \u201e\u015ecoala Politehnic\u0103 din Timi\u0219oara\u201d \u2013 ulterior \u201eInstitutul Politehnic din Timi\u0219oara\u201d (1947), \u201eUniversitatea Tehnic\u0103 din Timi\u0219oara\u201d (1990), Universitatea [&hellip;]\" \/>\n<meta property=\"og:url\" content=\"https:\/\/ac.upt.ro\/en\/scurt-istoric\/\" \/>\n<meta property=\"og:site_name\" content=\"Facultatea de Automatic\u0103 \u0219i Calculatoare - Timi\u0219oara\" \/>\n<meta property=\"article:modified_time\" content=\"2024-08-29T11:47:33+00:00\" \/>\n<meta property=\"og:image\" content=\"https:\/\/ac.upt.ro\/wp-content\/uploads\/2020\/12\/1200px-Facultatea_de_Electrotehnica_Timisoara_2-300x154.jpg\" \/>\n<meta name=\"twitter:card\" content=\"summary_large_image\" \/>\n<meta name=\"twitter:label1\" content=\"Estimated reading time\" \/>\n\t<meta name=\"twitter:data1\" content=\"5 minutes\" \/>\n<script type=\"application\/ld+json\" class=\"yoast-schema-graph\">{\"@context\":\"https:\/\/schema.org\",\"@graph\":[{\"@type\":\"WebPage\",\"@id\":\"https:\/\/ac.upt.ro\/scurt-istoric\/\",\"url\":\"https:\/\/ac.upt.ro\/scurt-istoric\/\",\"name\":\"Scurt istoric\",\"isPartOf\":{\"@id\":\"https:\/\/ac.upt.ro\/#website\"},\"primaryImageOfPage\":{\"@id\":\"https:\/\/ac.upt.ro\/scurt-istoric\/#primaryimage\"},\"image\":{\"@id\":\"https:\/\/ac.upt.ro\/scurt-istoric\/#primaryimage\"},\"thumbnailUrl\":\"https:\/\/ac.upt.ro\/wp-content\/uploads\/2020\/12\/1200px-Facultatea_de_Electrotehnica_Timisoara_2-300x154.jpg\",\"datePublished\":\"2020-12-17T09:28:39+00:00\",\"dateModified\":\"2024-08-29T11:47:33+00:00\",\"breadcrumb\":{\"@id\":\"https:\/\/ac.upt.ro\/scurt-istoric\/#breadcrumb\"},\"inLanguage\":\"en-GB\",\"potentialAction\":[{\"@type\":\"ReadAction\",\"target\":[\"https:\/\/ac.upt.ro\/scurt-istoric\/\"]}]},{\"@type\":\"ImageObject\",\"inLanguage\":\"en-GB\",\"@id\":\"https:\/\/ac.upt.ro\/scurt-istoric\/#primaryimage\",\"url\":\"https:\/\/ac.upt.ro\/wp-content\/uploads\/2020\/12\/1200px-Facultatea_de_Electrotehnica_Timisoara_2-300x154.jpg\",\"contentUrl\":\"https:\/\/ac.upt.ro\/wp-content\/uploads\/2020\/12\/1200px-Facultatea_de_Electrotehnica_Timisoara_2-300x154.jpg\"},{\"@type\":\"BreadcrumbList\",\"@id\":\"https:\/\/ac.upt.ro\/scurt-istoric\/#breadcrumb\",\"itemListElement\":[{\"@type\":\"ListItem\",\"position\":1,\"name\":\"Home\",\"item\":\"https:\/\/ac.upt.ro\/\"},{\"@type\":\"ListItem\",\"position\":2,\"name\":\"Scurt istoric\"}]},{\"@type\":\"WebSite\",\"@id\":\"https:\/\/ac.upt.ro\/#website\",\"url\":\"https:\/\/ac.upt.ro\/\",\"name\":\"Facultatea de Automatic\u0103 \u0219i Calculatoare - Timi\u0219oara\",\"description\":\"Preg\u0103tirea inginerilor IT cu \u00eenalt\u0103 calificare, cu cuno\u0219tin\u021be \u0219i abilit\u0103\u021bi de automatic\u0103, software \u0219i hardware.\",\"publisher\":{\"@id\":\"https:\/\/ac.upt.ro\/#organization\"},\"potentialAction\":[{\"@type\":\"SearchAction\",\"target\":{\"@type\":\"EntryPoint\",\"urlTemplate\":\"https:\/\/ac.upt.ro\/?s={search_term_string}\"},\"query-input\":{\"@type\":\"PropertyValueSpecification\",\"valueRequired\":true,\"valueName\":\"search_term_string\"}}],\"inLanguage\":\"en-GB\"},{\"@type\":\"Organization\",\"@id\":\"https:\/\/ac.upt.ro\/#organization\",\"name\":\"Facultatea de Automatic\u0103 \u0219i Calculatoare\",\"url\":\"https:\/\/ac.upt.ro\/\",\"logo\":{\"@type\":\"ImageObject\",\"inLanguage\":\"en-GB\",\"@id\":\"https:\/\/ac.upt.ro\/#\/schema\/logo\/image\/\",\"url\":\"https:\/\/ac.upt.ro\/wp-content\/uploads\/2021\/02\/AC-Text.png\",\"contentUrl\":\"https:\/\/ac.upt.ro\/wp-content\/uploads\/2021\/02\/AC-Text.png\",\"width\":400,\"height\":98,\"caption\":\"Facultatea de Automatic\u0103 \u0219i Calculatoare\"},\"image\":{\"@id\":\"https:\/\/ac.upt.ro\/#\/schema\/logo\/image\/\"}}]}<\/script>\n<!-- \/ Yoast SEO plugin. -->","yoast_head_json":{"title":"Scurt istoric - Facultatea de Automatic\u0103 \u0219i Calculatoare - Timi\u0219oara","robots":{"index":"index","follow":"follow","max-snippet":"max-snippet:-1","max-image-preview":"max-image-preview:large","max-video-preview":"max-video-preview:-1"},"canonical":"https:\/\/ac.upt.ro\/en\/scurt-istoric\/","og_locale":"en_GB","og_type":"article","og_title":"[:ro]Scurt istoric[:] - Facultatea de Automatic\u0103 \u0219i Calculatoare - Timi\u0219oara","og_description":"1920\u00a0\u2014 este fondat\u0103 \u201e\u015ecoala Politehnic\u0103 din Timi\u0219oara\u201d \u2013 ulterior \u201eInstitutul Politehnic din Timi\u0219oara\u201d (1947), \u201eUniversitatea Tehnic\u0103 din Timi\u0219oara\u201d (1990), Universitatea [&hellip;]","og_url":"https:\/\/ac.upt.ro\/en\/scurt-istoric\/","og_site_name":"Facultatea de Automatic\u0103 \u0219i Calculatoare - Timi\u0219oara","article_modified_time":"2024-08-29T11:47:33+00:00","og_image":[{"url":"https:\/\/ac.upt.ro\/wp-content\/uploads\/2020\/12\/1200px-Facultatea_de_Electrotehnica_Timisoara_2-300x154.jpg","type":"","width":"","height":""}],"twitter_card":"summary_large_image","twitter_misc":{"Estimated reading time":"5 minutes"},"schema":{"@context":"https:\/\/schema.org","@graph":[{"@type":"WebPage","@id":"https:\/\/ac.upt.ro\/scurt-istoric\/","url":"https:\/\/ac.upt.ro\/scurt-istoric\/","name":"Scurt istoric","isPartOf":{"@id":"https:\/\/ac.upt.ro\/#website"},"primaryImageOfPage":{"@id":"https:\/\/ac.upt.ro\/scurt-istoric\/#primaryimage"},"image":{"@id":"https:\/\/ac.upt.ro\/scurt-istoric\/#primaryimage"},"thumbnailUrl":"https:\/\/ac.upt.ro\/wp-content\/uploads\/2020\/12\/1200px-Facultatea_de_Electrotehnica_Timisoara_2-300x154.jpg","datePublished":"2020-12-17T09:28:39+00:00","dateModified":"2024-08-29T11:47:33+00:00","breadcrumb":{"@id":"https:\/\/ac.upt.ro\/scurt-istoric\/#breadcrumb"},"inLanguage":"en-GB","potentialAction":[{"@type":"ReadAction","target":["https:\/\/ac.upt.ro\/scurt-istoric\/"]}]},{"@type":"ImageObject","inLanguage":"en-GB","@id":"https:\/\/ac.upt.ro\/scurt-istoric\/#primaryimage","url":"https:\/\/ac.upt.ro\/wp-content\/uploads\/2020\/12\/1200px-Facultatea_de_Electrotehnica_Timisoara_2-300x154.jpg","contentUrl":"https:\/\/ac.upt.ro\/wp-content\/uploads\/2020\/12\/1200px-Facultatea_de_Electrotehnica_Timisoara_2-300x154.jpg"},{"@type":"BreadcrumbList","@id":"https:\/\/ac.upt.ro\/scurt-istoric\/#breadcrumb","itemListElement":[{"@type":"ListItem","position":1,"name":"Home","item":"https:\/\/ac.upt.ro\/"},{"@type":"ListItem","position":2,"name":"Scurt istoric"}]},{"@type":"WebSite","@id":"https:\/\/ac.upt.ro\/#website","url":"https:\/\/ac.upt.ro\/","name":"Facultatea de Automatic\u0103 \u0219i Calculatoare - Timi\u0219oara","description":"Preg\u0103tirea inginerilor IT cu \u00eenalt\u0103 calificare, cu cuno\u0219tin\u021be \u0219i abilit\u0103\u021bi de automatic\u0103, software \u0219i hardware.","publisher":{"@id":"https:\/\/ac.upt.ro\/#organization"},"potentialAction":[{"@type":"SearchAction","target":{"@type":"EntryPoint","urlTemplate":"https:\/\/ac.upt.ro\/?s={search_term_string}"},"query-input":{"@type":"PropertyValueSpecification","valueRequired":true,"valueName":"search_term_string"}}],"inLanguage":"en-GB"},{"@type":"Organization","@id":"https:\/\/ac.upt.ro\/#organization","name":"Facultatea de Automatic\u0103 \u0219i Calculatoare","url":"https:\/\/ac.upt.ro\/","logo":{"@type":"ImageObject","inLanguage":"en-GB","@id":"https:\/\/ac.upt.ro\/#\/schema\/logo\/image\/","url":"https:\/\/ac.upt.ro\/wp-content\/uploads\/2021\/02\/AC-Text.png","contentUrl":"https:\/\/ac.upt.ro\/wp-content\/uploads\/2021\/02\/AC-Text.png","width":400,"height":98,"caption":"Facultatea de Automatic\u0103 \u0219i Calculatoare"},"image":{"@id":"https:\/\/ac.upt.ro\/#\/schema\/logo\/image\/"}}]}},"_links":{"self":[{"href":"https:\/\/ac.upt.ro\/en\/wp-json\/wp\/v2\/pages\/59","targetHints":{"allow":["GET"]}}],"collection":[{"href":"https:\/\/ac.upt.ro\/en\/wp-json\/wp\/v2\/pages"}],"about":[{"href":"https:\/\/ac.upt.ro\/en\/wp-json\/wp\/v2\/types\/page"}],"author":[{"embeddable":true,"href":"https:\/\/ac.upt.ro\/en\/wp-json\/wp\/v2\/users\/1"}],"replies":[{"embeddable":true,"href":"https:\/\/ac.upt.ro\/en\/wp-json\/wp\/v2\/comments?post=59"}],"version-history":[{"count":26,"href":"https:\/\/ac.upt.ro\/en\/wp-json\/wp\/v2\/pages\/59\/revisions"}],"predecessor-version":[{"id":6456,"href":"https:\/\/ac.upt.ro\/en\/wp-json\/wp\/v2\/pages\/59\/revisions\/6456"}],"wp:attachment":[{"href":"https:\/\/ac.upt.ro\/en\/wp-json\/wp\/v2\/media?parent=59"}],"curies":[{"name":"wp","href":"https:\/\/api.w.org\/{rel}","templated":true}]}}