{"id":5850,"date":"2024-02-05T14:01:55","date_gmt":"2024-02-05T12:01:55","guid":{"rendered":"https:\/\/ac.upt.ro\/?page_id=5850"},"modified":"2026-03-22T16:49:49","modified_gmt":"2026-03-22T14:49:49","slug":"rogojan","status":"publish","type":"page","link":"https:\/\/ac.upt.ro\/en\/rogojan\/","title":{"rendered":"Concursul de informatic\u0103 Alexandru Rogojan"},"content":{"rendered":"\n<p class=\"has-vivid-red-color has-text-color has-link-color wp-elements-b5e3dc556791bd73c0e4e70ad99513a1\"><strong>Urm\u0103ri\u021bi constant aceast\u0103 pagin\u0103 pentru a afla toate nout\u0103\u021bile cu privire la organizarea concursului: caz\u0103ri, repartizare s\u0103li, etc.!<\/strong><\/p>\n\n\n\n<h3 class=\"wp-block-heading\"> ANUN\u021aURI<\/h3>\n\n\n\n<p><strong>Repartizarea<\/strong> candida\u021bilor pe s\u0103li se g\u0103se\u0219te <a href=\"https:\/\/uptro29158-my.sharepoint.com\/:x:\/g\/personal\/alexandru_iovanovici_upt_ro\/IQBYQTfwBdJZTqh7RNhTLpG8Ab4Klb3rV8w2LIjpoblMZ10?e=bANwux\">aici<\/a>.<\/p>\n\n\n\n<p><img loading=\"lazy\" decoding=\"async\" width=\"100\" height=\"50\" class=\"wp-image-7240\" style=\"width: 100px;\" src=\"https:\/\/ac.upt.ro\/wp-content\/uploads\/2025\/04\/NOU-400-x-50-px.png\" alt=\"\"><strong>Rezultatele finale ale Concursului de Informatic\u0103 <em>Alexandru Rogojan<\/em><\/strong>, Edi\u021bia a III-a \u2013 2026, pot fi consultate <a href=\"https:\/\/ac.upt.ro\/wp-content\/uploads\/2026\/03\/Concurs-Alexandru-Rogojan-21.03.2026-v2.pdf\">aici<\/a>.<\/p>\n\n\n\n<p><img loading=\"lazy\" decoding=\"async\" width=\"100\" height=\"50\" class=\"wp-image-7240\" style=\"width: 100px;\" src=\"https:\/\/ac.upt.ro\/wp-content\/uploads\/2025\/04\/NOU-400-x-50-px.png\" alt=\"\"><strong>Subiectul \u0219i grila<\/strong> de la concursul Alexandru Rogojan 2026 se g\u0103se\u0219te <a href=\"https:\/\/ac.upt.ro\/wp-content\/uploads\/2026\/03\/Rogojan2026-VariantaX.pdf\">aici<\/a>.<\/p>\n\n\n\n<p>\u00cen ziua concursului v\u0103 rug\u0103m s\u0103 ave\u021bi asupra dumneavoastr\u0103 un <strong>act de identitate cu fotografie<\/strong>.<\/p>\n\n\n\n<p>Sunt acceptate urm\u0103toarele documente:<\/p>\n\n\n\n<ul class=\"wp-block-list\">\n<li>Carte de identitate (CI)<\/li>\n\n\n\n<li>Pa\u0219aport<\/li>\n\n\n\n<li>Carnet de elev<\/li>\n\n\n\n<li>Permis de conducere (\u00een cazuri excep\u021bionale)<\/li>\n<\/ul>\n\n\n\n<p>Prezentarea unui astfel de document este necesar\u0103 pentru verificarea identit\u0103\u021bii.<\/p>\n\n\n\n<hr class=\"wp-block-separator has-alpha-channel-opacity\"\/>\n\n\n\n<h3 class=\"wp-block-heading\">Despre concurs<\/h3>\n\n\n\n<p><strong>Concursul de Informatic\u0103 Alexandru Rogojan<\/strong>, organizat de <strong>Universitatea Politehnica Timi\u0219oara<\/strong> \u00eempreun\u0103 cu <strong>Facultatea de Automatic\u0103 \u0219i Calculatoare<\/strong>, se adreseaz\u0103 <strong>elevilor de liceu<\/strong>, av\u00e2nd ca scop <strong>preg\u0103tirea<\/strong> \u0219i <strong>antrenamentul<\/strong> pentru <strong>concursurile de informatic\u0103<\/strong>, <strong>bacalaureat<\/strong> \u0219i <strong>admitere&nbsp;la&nbsp;facultate<\/strong>.<\/p>\n\n\n\n<h3 class=\"wp-block-heading\">Calendar concurs<\/h3>\n\n\n\n<ul class=\"wp-block-list\">\n<li><strong>26.01.2026 &#8211; 16.03.2026<\/strong> &#8211; perioada de <a href=\"https:\/\/forms.office.com\/e\/5pCJzEXaWT\" target=\"_blank\" rel=\"noreferrer noopener\">\u00eenscriere<\/a> online<\/li>\n\n\n\n<li><strong>21.03.2026<\/strong> &#8211; proba de concurs la Facultatea de Automatic\u0103 \u0219i Calculatoare, cl\u0103direa Electro, V. Parvan nr. 2, Timi\u0219oara<\/li>\n<\/ul>\n\n\n\n<h3 class=\"wp-block-heading\">\u00censcriere<\/h3>\n\n\n\n<p>\u00censcrierea participan\u021bilor la concurs se face <strong>online<\/strong> \u00een perioada <strong>26.01.2026 &#8211; 16.03.2026<\/strong>, prin completarea <a href=\"https:\/\/forms.office.com\/e\/5pCJzEXaWT\" target=\"_blank\" rel=\"noreferrer noopener\">formularului<\/a>.<\/p>\n\n\n\n<h3 class=\"wp-block-heading\">Programul concursului<\/h3>\n\n\n\n<p>Concursul va avea loc \u00een data de <strong>21.03.2026<\/strong> la <strong>Facultatea de Automatica \u0219i Calculatoare<\/strong>, cl\u0103direa Electro, V. Parvan nr. 2, Timi\u0219oara. Mai multe detalii g\u0103si\u021bi <a href=\"https:\/\/ac.upt.ro\/wp-content\/uploads\/2026\/01\/Programul-concursului-AR-26.pdf\" target=\"_blank\" rel=\"noreferrer noopener\">aici<\/a>.<\/p>\n\n\n\n<h3 class=\"wp-block-heading\">Regulament<\/h3>\n\n\n\n<p>Regulamentul concursului de Informatic\u0103 Alexandru Rogojan se g\u0103se\u0219te <a href=\"https:\/\/ac.upt.ro\/wp-content\/uploads\/2026\/01\/Rogojan-2026.pdf\" target=\"_blank\" rel=\"noreferrer noopener\">aici<\/a>.<\/p>\n\n\n\n<h3 class=\"wp-block-heading\">Model subiect concurs<\/h3>\n\n\n\n<p>Model de subiect pentru concurs g\u0103si\u021bi <a href=\"https:\/\/ac.upt.ro\/wp-content\/uploads\/2024\/04\/Model-subiect-A-Rogojan.pdf\" target=\"_blank\" rel=\"noreferrer noopener\">aici<\/a>.<\/p>\n\n\n\n<h3 class=\"wp-block-heading\">Contact<\/h3>\n\n\n\n<p>Pentru alte informa\u021bii ne pute\u021bi contacta la adresa de mail: ovidiu.banias@upt.ro.<\/p>\n\n\n\n<div class=\"wp-block-getwid-toggle has-icon-left\">\n<div class=\"wp-block-getwid-toggle__row\"><div class=\"wp-block-getwid-toggle__header-wrapper\"><span class=\"wp-block-getwid-toggle__header\"><a href=\"#\"><span class=\"wp-block-getwid-toggle__header-title\">Subiecte edi\u021bii anterioare<\/span><span class=\"wp-block-getwid-toggle__icon is-active\"><i class=\"fas fa-plus\"><\/i><\/span><span class=\"wp-block-getwid-toggle__icon is-passive\"><i class=\"fas fa-minus\"><\/i><\/span><\/a><\/span><\/div><div class=\"wp-block-getwid-toggle__content-wrapper\"><div class=\"wp-block-getwid-toggle__content\">\n<p>Subiectele \u0219i grilele de la concursul Alexandru Rogojan 2025 se g\u0103sesc <strong><a href=\"https:\/\/ac.upt.ro\/wp-content\/uploads\/2025\/04\/Rogojan2025-X.pdf\">aici<\/a><\/strong>.<\/p>\n\n\n\n<p>Subiectele \u0219i grilele de la concursul Alexandru Rogojan 2024 se g\u0103sesc <a href=\"https:\/\/ac.upt.ro\/wp-content\/uploads\/2024\/04\/Rogojan2024-Subiecte-Si-Grile.pdf\" target=\"_blank\" rel=\"noreferrer noopener\"><strong>aici<\/strong><\/a>.<\/p>\n<\/div><\/div><\/div>\n<\/div>\n\n\n\n<div class=\"wp-block-getwid-toggle has-icon-left\">\n<div class=\"wp-block-getwid-toggle__row\"><div class=\"wp-block-getwid-toggle__header-wrapper\"><span class=\"wp-block-getwid-toggle__header\"><a href=\"#\"><span class=\"wp-block-getwid-toggle__header-title\">Arhiv\u0103 rezultate<\/span><span class=\"wp-block-getwid-toggle__icon is-active\"><i class=\"fas fa-plus\"><\/i><\/span><span class=\"wp-block-getwid-toggle__icon is-passive\"><i class=\"fas fa-minus\"><\/i><\/span><\/a><\/span><\/div><div class=\"wp-block-getwid-toggle__content-wrapper\"><div class=\"wp-block-getwid-toggle__content\">\n<p>Rezultatele finale ale Concursului de Informatic\u0103 <em>Alexandru Rogojan<\/em>, Edi\u021bia a II-a \u2013 2025, pot fi consultate <a href=\"https:\/\/ac.upt.ro\/wp-content\/uploads\/2025\/04\/Rogojan-2025_rezultate-anonimizat.pdf\" target=\"_blank\" rel=\"noreferrer noopener\"><strong>aici<\/strong><\/a>.<\/p>\n\n\n\n<p>Rezultatele finale la concursul de informatic\u0103 Alexandru Rogojan Edi\u021bia I &#8211; 2024 se g\u0103sesc <a href=\"https:\/\/ac.upt.ro\/wp-content\/uploads\/2024\/04\/Rogojan_2024_rezultate-finale.pdf\" target=\"_blank\" rel=\"noreferrer noopener\"><strong>aici<\/strong><\/a>.<\/p>\n<\/div><\/div><\/div>\n<\/div>\n\n\n\n<p><\/p>\n","protected":false},"excerpt":{"rendered":"<p>Urm\u0103ri\u021bi constant aceast\u0103 pagin\u0103 pentru a afla toate nout\u0103\u021bile cu privire la organizarea concursului: caz\u0103ri, repartizare s\u0103li, etc.! ANUN\u021aURI Repartizarea [&hellip;]<\/p>\n","protected":false},"author":8,"featured_media":5901,"parent":0,"menu_order":0,"comment_status":"closed","ping_status":"closed","template":"","meta":{"footnotes":""},"class_list":["post-5850","page","type-page","status-publish","has-post-thumbnail","hentry"],"acf":[],"yoast_head":"<!-- This site is optimized with the Yoast SEO plugin v25.3.1 - https:\/\/yoast.com\/wordpress\/plugins\/seo\/ -->\n<title>Concursul de informatic\u0103 Alexandru Rogojan - Facultatea de Automatic\u0103 \u0219i Calculatoare - Timi\u0219oara<\/title>\n<meta name=\"robots\" content=\"index, follow, max-snippet:-1, max-image-preview:large, max-video-preview:-1\" \/>\n<link rel=\"canonical\" href=\"https:\/\/ac.upt.ro\/en\/rogojan\/\" \/>\n<meta property=\"og:locale\" content=\"en_GB\" \/>\n<meta property=\"og:locale:alternate\" content=\"ro_RO\" \/>\n<meta property=\"og:type\" content=\"article\" \/>\n<meta property=\"og:title\" content=\"Concursul de informatic\u0103 Alexandru Rogojan\" \/>\n<meta property=\"og:description\" content=\"Urm\u0103ri\u021bi constant aceast\u0103 pagin\u0103 pentru a afla toate nout\u0103\u021bile cu privire la organizarea concursului: caz\u0103ri, repartizare s\u0103li, etc.! ANUN\u021aURI Repartizarea [&hellip;]\" \/>\n<meta property=\"og:url\" content=\"https:\/\/ac.upt.ro\/en\/rogojan\/\" \/>\n<meta property=\"og:site_name\" content=\"Facultatea de Automatic\u0103 \u0219i Calculatoare - Timi\u0219oara\" \/>\n<meta property=\"article:modified_time\" content=\"2026-03-22T14:49:49+00:00\" \/>\n<meta property=\"og:image\" content=\"https:\/\/ac.upt.ro\/wp-content\/uploads\/2024\/02\/VAleriuAlaci-postare-FBIG-1920-x-1080-px.png\" \/>\n\t<meta property=\"og:image:width\" content=\"1920\" \/>\n\t<meta property=\"og:image:height\" content=\"500\" \/>\n\t<meta property=\"og:image:type\" content=\"image\/png\" \/>\n<meta name=\"twitter:card\" content=\"summary_large_image\" \/>\n<meta name=\"twitter:label1\" content=\"Estimated reading time\" \/>\n\t<meta name=\"twitter:data1\" content=\"3 minutes\" \/>\n<script type=\"application\/ld+json\" class=\"yoast-schema-graph\">{\"@context\":\"https:\/\/schema.org\",\"@graph\":[{\"@type\":\"WebPage\",\"@id\":\"https:\/\/ac.upt.ro\/rogojan\/\",\"url\":\"https:\/\/ac.upt.ro\/rogojan\/\",\"name\":\"Concursul de informatic\u0103 Alexandru Rogojan\",\"isPartOf\":{\"@id\":\"https:\/\/ac.upt.ro\/#website\"},\"primaryImageOfPage\":{\"@id\":\"https:\/\/ac.upt.ro\/rogojan\/#primaryimage\"},\"image\":{\"@id\":\"https:\/\/ac.upt.ro\/rogojan\/#primaryimage\"},\"thumbnailUrl\":\"https:\/\/ac.upt.ro\/wp-content\/uploads\/2024\/02\/VAleriuAlaci-postare-FBIG-1920-x-1080-px.png\",\"datePublished\":\"2024-02-05T12:01:55+00:00\",\"dateModified\":\"2026-03-22T14:49:49+00:00\",\"breadcrumb\":{\"@id\":\"https:\/\/ac.upt.ro\/rogojan\/#breadcrumb\"},\"inLanguage\":\"en-GB\",\"potentialAction\":[{\"@type\":\"ReadAction\",\"target\":[\"https:\/\/ac.upt.ro\/rogojan\/\"]}]},{\"@type\":\"ImageObject\",\"inLanguage\":\"en-GB\",\"@id\":\"https:\/\/ac.upt.ro\/rogojan\/#primaryimage\",\"url\":\"https:\/\/ac.upt.ro\/wp-content\/uploads\/2024\/02\/VAleriuAlaci-postare-FBIG-1920-x-1080-px.png\",\"contentUrl\":\"https:\/\/ac.upt.ro\/wp-content\/uploads\/2024\/02\/VAleriuAlaci-postare-FBIG-1920-x-1080-px.png\",\"width\":1920,\"height\":500},{\"@type\":\"BreadcrumbList\",\"@id\":\"https:\/\/ac.upt.ro\/rogojan\/#breadcrumb\",\"itemListElement\":[{\"@type\":\"ListItem\",\"position\":1,\"name\":\"Home\",\"item\":\"https:\/\/ac.upt.ro\/\"},{\"@type\":\"ListItem\",\"position\":2,\"name\":\"Concursul de informatic\u0103 Alexandru Rogojan\"}]},{\"@type\":\"WebSite\",\"@id\":\"https:\/\/ac.upt.ro\/#website\",\"url\":\"https:\/\/ac.upt.ro\/\",\"name\":\"Facultatea de Automatic\u0103 \u0219i Calculatoare - Timi\u0219oara\",\"description\":\"Preg\u0103tirea inginerilor IT cu \u00eenalt\u0103 calificare, cu cuno\u0219tin\u021be \u0219i abilit\u0103\u021bi de automatic\u0103, software \u0219i hardware.\",\"publisher\":{\"@id\":\"https:\/\/ac.upt.ro\/#organization\"},\"potentialAction\":[{\"@type\":\"SearchAction\",\"target\":{\"@type\":\"EntryPoint\",\"urlTemplate\":\"https:\/\/ac.upt.ro\/?s={search_term_string}\"},\"query-input\":{\"@type\":\"PropertyValueSpecification\",\"valueRequired\":true,\"valueName\":\"search_term_string\"}}],\"inLanguage\":\"en-GB\"},{\"@type\":\"Organization\",\"@id\":\"https:\/\/ac.upt.ro\/#organization\",\"name\":\"Facultatea de Automatic\u0103 \u0219i Calculatoare\",\"url\":\"https:\/\/ac.upt.ro\/\",\"logo\":{\"@type\":\"ImageObject\",\"inLanguage\":\"en-GB\",\"@id\":\"https:\/\/ac.upt.ro\/#\/schema\/logo\/image\/\",\"url\":\"https:\/\/ac.upt.ro\/wp-content\/uploads\/2021\/02\/AC-Text.png\",\"contentUrl\":\"https:\/\/ac.upt.ro\/wp-content\/uploads\/2021\/02\/AC-Text.png\",\"width\":400,\"height\":98,\"caption\":\"Facultatea de Automatic\u0103 \u0219i Calculatoare\"},\"image\":{\"@id\":\"https:\/\/ac.upt.ro\/#\/schema\/logo\/image\/\"}}]}<\/script>\n<!-- \/ Yoast SEO plugin. -->","yoast_head_json":{"title":"Concursul de informatic\u0103 Alexandru Rogojan - Facultatea de Automatic\u0103 \u0219i Calculatoare - Timi\u0219oara","robots":{"index":"index","follow":"follow","max-snippet":"max-snippet:-1","max-image-preview":"max-image-preview:large","max-video-preview":"max-video-preview:-1"},"canonical":"https:\/\/ac.upt.ro\/en\/rogojan\/","og_locale":"en_GB","og_type":"article","og_title":"[:ro]Concursul de informatic\u0103 Alexandru Rogojan[:] - Facultatea de Automatic\u0103 \u0219i Calculatoare - Timi\u0219oara","og_description":"Urm\u0103ri\u021bi constant aceast\u0103 pagin\u0103 pentru a afla toate nout\u0103\u021bile cu privire la organizarea concursului: caz\u0103ri, repartizare s\u0103li, etc.! ANUN\u021aURI Repartizarea [&hellip;]","og_url":"https:\/\/ac.upt.ro\/en\/rogojan\/","og_site_name":"Facultatea de Automatic\u0103 \u0219i Calculatoare - Timi\u0219oara","article_modified_time":"2026-03-22T14:49:49+00:00","og_image":[{"width":1920,"height":500,"url":"https:\/\/ac.upt.ro\/wp-content\/uploads\/2024\/02\/VAleriuAlaci-postare-FBIG-1920-x-1080-px.png","type":"image\/png"}],"twitter_card":"summary_large_image","twitter_misc":{"Estimated reading time":"3 minutes"},"schema":{"@context":"https:\/\/schema.org","@graph":[{"@type":"WebPage","@id":"https:\/\/ac.upt.ro\/rogojan\/","url":"https:\/\/ac.upt.ro\/rogojan\/","name":"Concursul de informatic\u0103 Alexandru Rogojan","isPartOf":{"@id":"https:\/\/ac.upt.ro\/#website"},"primaryImageOfPage":{"@id":"https:\/\/ac.upt.ro\/rogojan\/#primaryimage"},"image":{"@id":"https:\/\/ac.upt.ro\/rogojan\/#primaryimage"},"thumbnailUrl":"https:\/\/ac.upt.ro\/wp-content\/uploads\/2024\/02\/VAleriuAlaci-postare-FBIG-1920-x-1080-px.png","datePublished":"2024-02-05T12:01:55+00:00","dateModified":"2026-03-22T14:49:49+00:00","breadcrumb":{"@id":"https:\/\/ac.upt.ro\/rogojan\/#breadcrumb"},"inLanguage":"en-GB","potentialAction":[{"@type":"ReadAction","target":["https:\/\/ac.upt.ro\/rogojan\/"]}]},{"@type":"ImageObject","inLanguage":"en-GB","@id":"https:\/\/ac.upt.ro\/rogojan\/#primaryimage","url":"https:\/\/ac.upt.ro\/wp-content\/uploads\/2024\/02\/VAleriuAlaci-postare-FBIG-1920-x-1080-px.png","contentUrl":"https:\/\/ac.upt.ro\/wp-content\/uploads\/2024\/02\/VAleriuAlaci-postare-FBIG-1920-x-1080-px.png","width":1920,"height":500},{"@type":"BreadcrumbList","@id":"https:\/\/ac.upt.ro\/rogojan\/#breadcrumb","itemListElement":[{"@type":"ListItem","position":1,"name":"Home","item":"https:\/\/ac.upt.ro\/"},{"@type":"ListItem","position":2,"name":"Concursul de informatic\u0103 Alexandru Rogojan"}]},{"@type":"WebSite","@id":"https:\/\/ac.upt.ro\/#website","url":"https:\/\/ac.upt.ro\/","name":"Facultatea de Automatic\u0103 \u0219i Calculatoare - Timi\u0219oara","description":"Preg\u0103tirea inginerilor IT cu \u00eenalt\u0103 calificare, cu cuno\u0219tin\u021be \u0219i abilit\u0103\u021bi de automatic\u0103, software \u0219i hardware.","publisher":{"@id":"https:\/\/ac.upt.ro\/#organization"},"potentialAction":[{"@type":"SearchAction","target":{"@type":"EntryPoint","urlTemplate":"https:\/\/ac.upt.ro\/?s={search_term_string}"},"query-input":{"@type":"PropertyValueSpecification","valueRequired":true,"valueName":"search_term_string"}}],"inLanguage":"en-GB"},{"@type":"Organization","@id":"https:\/\/ac.upt.ro\/#organization","name":"Facultatea de Automatic\u0103 \u0219i Calculatoare","url":"https:\/\/ac.upt.ro\/","logo":{"@type":"ImageObject","inLanguage":"en-GB","@id":"https:\/\/ac.upt.ro\/#\/schema\/logo\/image\/","url":"https:\/\/ac.upt.ro\/wp-content\/uploads\/2021\/02\/AC-Text.png","contentUrl":"https:\/\/ac.upt.ro\/wp-content\/uploads\/2021\/02\/AC-Text.png","width":400,"height":98,"caption":"Facultatea de Automatic\u0103 \u0219i Calculatoare"},"image":{"@id":"https:\/\/ac.upt.ro\/#\/schema\/logo\/image\/"}}]}},"_links":{"self":[{"href":"https:\/\/ac.upt.ro\/en\/wp-json\/wp\/v2\/pages\/5850","targetHints":{"allow":["GET"]}}],"collection":[{"href":"https:\/\/ac.upt.ro\/en\/wp-json\/wp\/v2\/pages"}],"about":[{"href":"https:\/\/ac.upt.ro\/en\/wp-json\/wp\/v2\/types\/page"}],"author":[{"embeddable":true,"href":"https:\/\/ac.upt.ro\/en\/wp-json\/wp\/v2\/users\/8"}],"replies":[{"embeddable":true,"href":"https:\/\/ac.upt.ro\/en\/wp-json\/wp\/v2\/comments?post=5850"}],"version-history":[{"count":77,"href":"https:\/\/ac.upt.ro\/en\/wp-json\/wp\/v2\/pages\/5850\/revisions"}],"predecessor-version":[{"id":8289,"href":"https:\/\/ac.upt.ro\/en\/wp-json\/wp\/v2\/pages\/5850\/revisions\/8289"}],"wp:featuredmedia":[{"embeddable":true,"href":"https:\/\/ac.upt.ro\/en\/wp-json\/wp\/v2\/media\/5901"}],"wp:attachment":[{"href":"https:\/\/ac.upt.ro\/en\/wp-json\/wp\/v2\/media?parent=5850"}],"curies":[{"name":"wp","href":"https:\/\/api.w.org\/{rel}","templated":true}]}}