{"id":4387,"date":"2022-10-31T17:05:40","date_gmt":"2022-10-31T15:05:40","guid":{"rendered":"https:\/\/ac.upt.ro\/?page_id=4387"},"modified":"2025-12-03T10:38:38","modified_gmt":"2025-12-03T08:38:38","slug":"examene","status":"publish","type":"page","link":"https:\/\/ac.upt.ro\/en\/examene\/","title":{"rendered":"Examene"},"content":{"rendered":"\n<p><a href=\"https:\/\/ac.upt.ro\/wp-content\/uploads\/2024\/06\/Procedura-de-Programare-a-Examenelor-Semestrul-2-An-2023-2024-complet.pdf\">Procedura de Programare a Examenelor<\/a><\/p>\n\n\n\n<p><strong>Programare examene licen\u021b\u0103 \u0219i master<\/strong><\/p>\n\n\n\n<p><strong>Examene<\/strong><\/p>\n\n\n\n<div class=\"wp-block-getwid-toggle has-icon-left\">\n<div class=\"wp-block-getwid-toggle__row\"><div class=\"wp-block-getwid-toggle__header-wrapper\"><span class=\"wp-block-getwid-toggle__header\"><a href=\"#\"><span class=\"wp-block-getwid-toggle__header-title\">Automatic\u0103 \u0219i Informatic\u0103 Aplicat\u0103<\/span><span class=\"wp-block-getwid-toggle__icon is-active\"><i class=\"fas fa-plus\"><\/i><\/span><span class=\"wp-block-getwid-toggle__icon is-passive\"><i class=\"fas fa-minus\"><\/i><\/span><\/a><\/span><\/div><div class=\"wp-block-getwid-toggle__content-wrapper\"><div class=\"wp-block-getwid-toggle__content\">\n<ul class=\"wp-block-list\">\n<li><a href=\"http:\/\/ligaac.ro\/Modalitate-de-evaluare-IS-Seria-A\">Anul 1 Seria A<\/a><\/li>\n\n\n\n<li><a href=\"http:\/\/ligaac.ro\/Modalitate-de-evaluare-IS-Seria-B\">Anul 1 Seria B<\/a><\/li>\n\n\n\n<li><a href=\"http:\/\/ligaac.ro\/Modalitate-de-evaluare-IS-Anul2\">Anul 2<\/a><\/li>\n\n\n\n<li><a href=\"http:\/\/ligaac.ro\/Modalitate-de-evaluare-IS-Anul3\">Anul 3<\/a><\/li>\n\n\n\n<li><a href=\"http:\/\/ligaac.ro\/Modalitate-de-evaluare-IS-Anul4\">Anul 4<\/a><\/li>\n<\/ul>\n<\/div><\/div><\/div>\n\n\n\n<div class=\"wp-block-getwid-toggle__row\"><div class=\"wp-block-getwid-toggle__header-wrapper\"><span class=\"wp-block-getwid-toggle__header\"><a href=\"#\"><span class=\"wp-block-getwid-toggle__header-title\">Calculatoare \u0219i Tehnologia Informa\u021biei &#8211; limba rom\u00e2n\u0103<\/span><span class=\"wp-block-getwid-toggle__icon is-active\"><i class=\"fas fa-plus\"><\/i><\/span><span class=\"wp-block-getwid-toggle__icon is-passive\"><i class=\"fas fa-minus\"><\/i><\/span><\/a><\/span><\/div><div class=\"wp-block-getwid-toggle__content-wrapper\"><div class=\"wp-block-getwid-toggle__content\">\n<p><\/p>\n\n\n\n<ul class=\"wp-block-list\">\n<li><a href=\"http:\/\/ligaac.ro\/Modalitate-de-evaluare-Seria-C\">Anul 1 Seria C<\/a><\/li>\n\n\n\n<li><a href=\"http:\/\/ligaac.ro\/Modalitate-de-evaluare-Seria-D\">Anul 1 Seria D<\/a><\/li>\n\n\n\n<li><a href=\"http:\/\/ligaac.ro\/Modalitate-de-evaluare-Anul2-C\">Anul 2 Calculatoare<\/a><\/li>\n\n\n\n<li><a href=\"http:\/\/ligaac.ro\/Modalitate-de-evaluare-Anul2-TI\">Anul 2 Tehnologia Informa\u021biei<\/a><\/li>\n\n\n\n<li><a href=\"http:\/\/ligaac.ro\/Modalitate-de-evaluare-Anul3-C\">Anul 3 Calculatoare<\/a><\/li>\n\n\n\n<li><a href=\"http:\/\/ligaac.ro\/Modalitate-de-evaluare-Anul3-TI\">Anul 3 Tehnologia Informa\u021biei<\/a><\/li>\n\n\n\n<li><a href=\"http:\/\/ligaac.ro\/Modalitate-de-evaluare-Anul4-C\">Anul 4 Calculatoare<\/a><\/li>\n\n\n\n<li><a href=\"http:\/\/ligaac.ro\/Modalitate-de-evaluare-Anul4-TI\">Anul 4 Tehnologia Informa\u021biei<\/a><\/li>\n<\/ul>\n<\/div><\/div><\/div>\n\n\n\n<div class=\"wp-block-getwid-toggle__row\"><div class=\"wp-block-getwid-toggle__header-wrapper\"><span class=\"wp-block-getwid-toggle__header\"><a href=\"#\"><span class=\"wp-block-getwid-toggle__header-title\">Calculatoare &#8211; limba englez\u0103<\/span><span class=\"wp-block-getwid-toggle__icon is-active\"><i class=\"fas fa-plus\"><\/i><\/span><span class=\"wp-block-getwid-toggle__icon is-passive\"><i class=\"fas fa-minus\"><\/i><\/span><\/a><\/span><\/div><div class=\"wp-block-getwid-toggle__content-wrapper\"><div class=\"wp-block-getwid-toggle__content\">\n<p><\/p>\n\n\n\n<ul class=\"wp-block-list\">\n<li><a href=\"http:\/\/ligaac.ro\/Modalitate-de-evaluare-Anul1-CTI-ENG\">Anul 1<\/a><\/li>\n\n\n\n<li><a href=\"http:\/\/ligaac.ro\/Modalitate-de-evaluare-Anul2-CTI-ENG\">Anul 2<\/a><\/li>\n\n\n\n<li><a href=\"http:\/\/ligaac.ro\/Modalitate-de-evaluare-Anul3-CTI-ENG\">Anul 3<\/a><\/li>\n\n\n\n<li><a href=\"http:\/\/ligaac.ro\/Modalitate-de-evaluare-Anul4-CTI-ENG\">Anul 4<\/a><\/li>\n<\/ul>\n<\/div><\/div><\/div>\n\n\n\n<div class=\"wp-block-getwid-toggle__row\"><div class=\"wp-block-getwid-toggle__header-wrapper\"><span class=\"wp-block-getwid-toggle__header\"><a href=\"#\"><span class=\"wp-block-getwid-toggle__header-title\">Informatic\u0103<\/span><span class=\"wp-block-getwid-toggle__icon is-active\"><i class=\"fas fa-plus\"><\/i><\/span><span class=\"wp-block-getwid-toggle__icon is-passive\"><i class=\"fas fa-minus\"><\/i><\/span><\/a><\/span><\/div><div class=\"wp-block-getwid-toggle__content-wrapper\"><div class=\"wp-block-getwid-toggle__content\">\n<p><\/p>\n\n\n\n<ul class=\"wp-block-list\">\n<li><a href=\"http:\/\/ligaac.ro\/Modalitate-de-evaluare-INFO-Anul1\">Anul 1<\/a><\/li>\n\n\n\n<li><a href=\"http:\/\/ligaac.ro\/Modalitate-de-evaluare-INFO-Anul2\">Anul 2<\/a><\/li>\n\n\n\n<li><a href=\"http:\/\/ligaac.ro\/Modalitate-de-evaluare-INFO-Anul3\">Anul 3<\/a><\/li>\n<\/ul>\n<\/div><\/div><\/div>\n\n\n\n<div class=\"wp-block-getwid-toggle__row\"><div class=\"wp-block-getwid-toggle__header-wrapper\"><span class=\"wp-block-getwid-toggle__header\"><a href=\"#\"><span class=\"wp-block-getwid-toggle__header-title\">Informatic\u0103 ID<\/span><span class=\"wp-block-getwid-toggle__icon is-active\"><i class=\"fas fa-plus\"><\/i><\/span><span class=\"wp-block-getwid-toggle__icon is-passive\"><i class=\"fas fa-minus\"><\/i><\/span><\/a><\/span><\/div><div class=\"wp-block-getwid-toggle__content-wrapper\"><div class=\"wp-block-getwid-toggle__content\">\n<p><\/p>\n\n\n\n<ul class=\"wp-block-list\">\n<li><a href=\"https:\/\/ligaac.ro\/Modalitate-de-evaluare-INFO-ID-Anul1\">Anul 1<\/a><\/li>\n\n\n\n<li><a href=\"https:\/\/ligaac.ro\/Modalitate-de-evaluare-INFO-ID-Anul2\">Anul 2<\/a><\/li>\n\n\n\n<li><a href=\"https:\/\/ligaac.ro\/Modalitate-de-evaluare-INFO-ID-Anul3\">Anul 3<\/a><\/li>\n<\/ul>\n<\/div><\/div><\/div>\n\n\n\n<div class=\"wp-block-getwid-toggle__row\"><div class=\"wp-block-getwid-toggle__header-wrapper\"><span class=\"wp-block-getwid-toggle__header\"><a href=\"#\"><span class=\"wp-block-getwid-toggle__header-title\">Masterate &#8211; toate specializ\u0103rile<\/span><span class=\"wp-block-getwid-toggle__icon is-active\"><i class=\"fas fa-plus\"><\/i><\/span><span class=\"wp-block-getwid-toggle__icon is-passive\"><i class=\"fas fa-minus\"><\/i><\/span><\/a><\/span><\/div><div class=\"wp-block-getwid-toggle__content-wrapper\"><div class=\"wp-block-getwid-toggle__content\">\n<ul class=\"wp-block-list\">\n<li><a href=\"https:\/\/ligaac.ro\/Modalitate-de-evaluare-Mastere-Anul1\">Anul 1<\/a><\/li>\n\n\n\n<li><a href=\"https:\/\/ligaac.ro\/Modalitate-de-evaluare-Mastere-Anul2\">Anul 2<\/a><\/li>\n<\/ul>\n<\/div><\/div><\/div>\n<\/div>\n\n\n\n<p><strong>Disponibilitate s\u0103li<\/strong><\/p>\n\n\n\n<div class=\"wp-block-buttons is-layout-flex wp-block-buttons-is-layout-flex\">\n<div class=\"wp-block-button\"><a class=\"wp-block-button__link has-black-color has-pale-cyan-blue-background-color has-text-color has-background wp-element-button\" href=\"https:\/\/uptro29158-my.sharepoint.com\/:x:\/g\/personal\/ana_dan_upt_ro\/EVv_lSEOeVpDgBdjE3GFrqIBdd7VYVahhkDjvvaxJ5_GYw\">Sesiunea de iarn\u0103<\/a><\/div>\n\n\n\n<div class=\"wp-block-button\"><a class=\"wp-block-button__link has-black-color has-pale-cyan-blue-background-color has-text-color has-background wp-element-button\">Sesiunea de var\u0103<\/a><\/div>\n\n\n\n<div class=\"wp-block-button\"><a class=\"wp-block-button__link has-black-color has-pale-cyan-blue-background-color has-text-color has-background wp-element-button\">Sesiunea de toamn\u0103<\/a><\/div>\n<\/div>\n\n\n\n<p><\/p>\n","protected":false},"excerpt":{"rendered":"<p>Procedura de Programare a Examenelor Programare examene licen\u021b\u0103 \u0219i master Examene Disponibilitate s\u0103li<\/p>\n","protected":false},"author":8,"featured_media":4396,"parent":0,"menu_order":0,"comment_status":"closed","ping_status":"closed","template":"","meta":{"footnotes":""},"class_list":["post-4387","page","type-page","status-publish","has-post-thumbnail","hentry"],"acf":[],"yoast_head":"<!-- This site is optimized with the Yoast SEO plugin v25.3.1 - https:\/\/yoast.com\/wordpress\/plugins\/seo\/ -->\n<title>Examene - Facultatea de Automatic\u0103 \u0219i Calculatoare - Timi\u0219oara<\/title>\n<meta name=\"robots\" content=\"index, follow, max-snippet:-1, max-image-preview:large, max-video-preview:-1\" \/>\n<link rel=\"canonical\" href=\"https:\/\/ac.upt.ro\/en\/examene\/\" \/>\n<meta property=\"og:locale\" content=\"en_GB\" \/>\n<meta property=\"og:locale:alternate\" content=\"ro_RO\" \/>\n<meta property=\"og:type\" content=\"article\" \/>\n<meta property=\"og:title\" content=\"Examene\" \/>\n<meta property=\"og:description\" content=\"Procedura de Programare a Examenelor Programare examene licen\u021b\u0103 \u0219i master Examene Disponibilitate s\u0103li\" \/>\n<meta property=\"og:url\" content=\"https:\/\/ac.upt.ro\/en\/examene\/\" \/>\n<meta property=\"og:site_name\" content=\"Facultatea de Automatic\u0103 \u0219i Calculatoare - Timi\u0219oara\" \/>\n<meta property=\"article:modified_time\" content=\"2025-12-03T08:38:38+00:00\" \/>\n<meta property=\"og:image\" content=\"https:\/\/ac.upt.ro\/wp-content\/uploads\/2022\/10\/WhatsApp-Image-2022-10-31-at-18.56.55.jpeg\" \/>\n\t<meta property=\"og:image:width\" content=\"1600\" \/>\n\t<meta property=\"og:image:height\" content=\"840\" \/>\n\t<meta property=\"og:image:type\" content=\"image\/jpeg\" \/>\n<meta name=\"twitter:card\" content=\"summary_large_image\" \/>\n<meta name=\"twitter:label1\" content=\"Estimated reading time\" \/>\n\t<meta name=\"twitter:data1\" content=\"1 minute\" \/>\n<script type=\"application\/ld+json\" class=\"yoast-schema-graph\">{\"@context\":\"https:\/\/schema.org\",\"@graph\":[{\"@type\":\"WebPage\",\"@id\":\"https:\/\/ac.upt.ro\/examene\/\",\"url\":\"https:\/\/ac.upt.ro\/examene\/\",\"name\":\"Examene\",\"isPartOf\":{\"@id\":\"https:\/\/ac.upt.ro\/#website\"},\"primaryImageOfPage\":{\"@id\":\"https:\/\/ac.upt.ro\/examene\/#primaryimage\"},\"image\":{\"@id\":\"https:\/\/ac.upt.ro\/examene\/#primaryimage\"},\"thumbnailUrl\":\"https:\/\/ac.upt.ro\/wp-content\/uploads\/2022\/10\/WhatsApp-Image-2022-10-31-at-18.56.55.jpeg\",\"datePublished\":\"2022-10-31T15:05:40+00:00\",\"dateModified\":\"2025-12-03T08:38:38+00:00\",\"breadcrumb\":{\"@id\":\"https:\/\/ac.upt.ro\/examene\/#breadcrumb\"},\"inLanguage\":\"en-GB\",\"potentialAction\":[{\"@type\":\"ReadAction\",\"target\":[\"https:\/\/ac.upt.ro\/examene\/\"]}]},{\"@type\":\"ImageObject\",\"inLanguage\":\"en-GB\",\"@id\":\"https:\/\/ac.upt.ro\/examene\/#primaryimage\",\"url\":\"https:\/\/ac.upt.ro\/wp-content\/uploads\/2022\/10\/WhatsApp-Image-2022-10-31-at-18.56.55.jpeg\",\"contentUrl\":\"https:\/\/ac.upt.ro\/wp-content\/uploads\/2022\/10\/WhatsApp-Image-2022-10-31-at-18.56.55.jpeg\",\"width\":1600,\"height\":840},{\"@type\":\"BreadcrumbList\",\"@id\":\"https:\/\/ac.upt.ro\/examene\/#breadcrumb\",\"itemListElement\":[{\"@type\":\"ListItem\",\"position\":1,\"name\":\"Home\",\"item\":\"https:\/\/ac.upt.ro\/\"},{\"@type\":\"ListItem\",\"position\":2,\"name\":\"Examene\"}]},{\"@type\":\"WebSite\",\"@id\":\"https:\/\/ac.upt.ro\/#website\",\"url\":\"https:\/\/ac.upt.ro\/\",\"name\":\"Facultatea de Automatic\u0103 \u0219i Calculatoare - Timi\u0219oara\",\"description\":\"Preg\u0103tirea inginerilor IT cu \u00eenalt\u0103 calificare, cu cuno\u0219tin\u021be \u0219i abilit\u0103\u021bi de automatic\u0103, software \u0219i hardware.\",\"publisher\":{\"@id\":\"https:\/\/ac.upt.ro\/#organization\"},\"potentialAction\":[{\"@type\":\"SearchAction\",\"target\":{\"@type\":\"EntryPoint\",\"urlTemplate\":\"https:\/\/ac.upt.ro\/?s={search_term_string}\"},\"query-input\":{\"@type\":\"PropertyValueSpecification\",\"valueRequired\":true,\"valueName\":\"search_term_string\"}}],\"inLanguage\":\"en-GB\"},{\"@type\":\"Organization\",\"@id\":\"https:\/\/ac.upt.ro\/#organization\",\"name\":\"Facultatea de Automatic\u0103 \u0219i Calculatoare\",\"url\":\"https:\/\/ac.upt.ro\/\",\"logo\":{\"@type\":\"ImageObject\",\"inLanguage\":\"en-GB\",\"@id\":\"https:\/\/ac.upt.ro\/#\/schema\/logo\/image\/\",\"url\":\"https:\/\/ac.upt.ro\/wp-content\/uploads\/2021\/02\/AC-Text.png\",\"contentUrl\":\"https:\/\/ac.upt.ro\/wp-content\/uploads\/2021\/02\/AC-Text.png\",\"width\":400,\"height\":98,\"caption\":\"Facultatea de Automatic\u0103 \u0219i Calculatoare\"},\"image\":{\"@id\":\"https:\/\/ac.upt.ro\/#\/schema\/logo\/image\/\"}}]}<\/script>\n<!-- \/ Yoast SEO plugin. -->","yoast_head_json":{"title":"Examene - Facultatea de Automatic\u0103 \u0219i Calculatoare - Timi\u0219oara","robots":{"index":"index","follow":"follow","max-snippet":"max-snippet:-1","max-image-preview":"max-image-preview:large","max-video-preview":"max-video-preview:-1"},"canonical":"https:\/\/ac.upt.ro\/en\/examene\/","og_locale":"en_GB","og_type":"article","og_title":"[:ro]Examene[:] - Facultatea de Automatic\u0103 \u0219i Calculatoare - Timi\u0219oara","og_description":"Procedura de Programare a Examenelor Programare examene licen\u021b\u0103 \u0219i master Examene Disponibilitate s\u0103li","og_url":"https:\/\/ac.upt.ro\/en\/examene\/","og_site_name":"Facultatea de Automatic\u0103 \u0219i Calculatoare - Timi\u0219oara","article_modified_time":"2025-12-03T08:38:38+00:00","og_image":[{"width":1600,"height":840,"url":"https:\/\/ac.upt.ro\/wp-content\/uploads\/2022\/10\/WhatsApp-Image-2022-10-31-at-18.56.55.jpeg","type":"image\/jpeg"}],"twitter_card":"summary_large_image","twitter_misc":{"Estimated reading time":"1 minute"},"schema":{"@context":"https:\/\/schema.org","@graph":[{"@type":"WebPage","@id":"https:\/\/ac.upt.ro\/examene\/","url":"https:\/\/ac.upt.ro\/examene\/","name":"Examene","isPartOf":{"@id":"https:\/\/ac.upt.ro\/#website"},"primaryImageOfPage":{"@id":"https:\/\/ac.upt.ro\/examene\/#primaryimage"},"image":{"@id":"https:\/\/ac.upt.ro\/examene\/#primaryimage"},"thumbnailUrl":"https:\/\/ac.upt.ro\/wp-content\/uploads\/2022\/10\/WhatsApp-Image-2022-10-31-at-18.56.55.jpeg","datePublished":"2022-10-31T15:05:40+00:00","dateModified":"2025-12-03T08:38:38+00:00","breadcrumb":{"@id":"https:\/\/ac.upt.ro\/examene\/#breadcrumb"},"inLanguage":"en-GB","potentialAction":[{"@type":"ReadAction","target":["https:\/\/ac.upt.ro\/examene\/"]}]},{"@type":"ImageObject","inLanguage":"en-GB","@id":"https:\/\/ac.upt.ro\/examene\/#primaryimage","url":"https:\/\/ac.upt.ro\/wp-content\/uploads\/2022\/10\/WhatsApp-Image-2022-10-31-at-18.56.55.jpeg","contentUrl":"https:\/\/ac.upt.ro\/wp-content\/uploads\/2022\/10\/WhatsApp-Image-2022-10-31-at-18.56.55.jpeg","width":1600,"height":840},{"@type":"BreadcrumbList","@id":"https:\/\/ac.upt.ro\/examene\/#breadcrumb","itemListElement":[{"@type":"ListItem","position":1,"name":"Home","item":"https:\/\/ac.upt.ro\/"},{"@type":"ListItem","position":2,"name":"Examene"}]},{"@type":"WebSite","@id":"https:\/\/ac.upt.ro\/#website","url":"https:\/\/ac.upt.ro\/","name":"Facultatea de Automatic\u0103 \u0219i Calculatoare - Timi\u0219oara","description":"Preg\u0103tirea inginerilor IT cu \u00eenalt\u0103 calificare, cu cuno\u0219tin\u021be \u0219i abilit\u0103\u021bi de automatic\u0103, software \u0219i hardware.","publisher":{"@id":"https:\/\/ac.upt.ro\/#organization"},"potentialAction":[{"@type":"SearchAction","target":{"@type":"EntryPoint","urlTemplate":"https:\/\/ac.upt.ro\/?s={search_term_string}"},"query-input":{"@type":"PropertyValueSpecification","valueRequired":true,"valueName":"search_term_string"}}],"inLanguage":"en-GB"},{"@type":"Organization","@id":"https:\/\/ac.upt.ro\/#organization","name":"Facultatea de Automatic\u0103 \u0219i Calculatoare","url":"https:\/\/ac.upt.ro\/","logo":{"@type":"ImageObject","inLanguage":"en-GB","@id":"https:\/\/ac.upt.ro\/#\/schema\/logo\/image\/","url":"https:\/\/ac.upt.ro\/wp-content\/uploads\/2021\/02\/AC-Text.png","contentUrl":"https:\/\/ac.upt.ro\/wp-content\/uploads\/2021\/02\/AC-Text.png","width":400,"height":98,"caption":"Facultatea de Automatic\u0103 \u0219i Calculatoare"},"image":{"@id":"https:\/\/ac.upt.ro\/#\/schema\/logo\/image\/"}}]}},"_links":{"self":[{"href":"https:\/\/ac.upt.ro\/en\/wp-json\/wp\/v2\/pages\/4387","targetHints":{"allow":["GET"]}}],"collection":[{"href":"https:\/\/ac.upt.ro\/en\/wp-json\/wp\/v2\/pages"}],"about":[{"href":"https:\/\/ac.upt.ro\/en\/wp-json\/wp\/v2\/types\/page"}],"author":[{"embeddable":true,"href":"https:\/\/ac.upt.ro\/en\/wp-json\/wp\/v2\/users\/8"}],"replies":[{"embeddable":true,"href":"https:\/\/ac.upt.ro\/en\/wp-json\/wp\/v2\/comments?post=4387"}],"version-history":[{"count":27,"href":"https:\/\/ac.upt.ro\/en\/wp-json\/wp\/v2\/pages\/4387\/revisions"}],"predecessor-version":[{"id":7946,"href":"https:\/\/ac.upt.ro\/en\/wp-json\/wp\/v2\/pages\/4387\/revisions\/7946"}],"wp:featuredmedia":[{"embeddable":true,"href":"https:\/\/ac.upt.ro\/en\/wp-json\/wp\/v2\/media\/4396"}],"wp:attachment":[{"href":"https:\/\/ac.upt.ro\/en\/wp-json\/wp\/v2\/media?parent=4387"}],"curies":[{"name":"wp","href":"https:\/\/api.w.org\/{rel}","templated":true}]}}