{"id":4121,"date":"2022-10-02T17:24:57","date_gmt":"2022-10-02T15:24:57","guid":{"rendered":"https:\/\/ac.upt.ro\/?page_id=4121"},"modified":"2025-09-26T17:19:11","modified_gmt":"2025-09-26T15:19:11","slug":"consiliere","status":"publish","type":"page","link":"https:\/\/ac.upt.ro\/en\/consiliere\/","title":{"rendered":"Consiliere"},"content":{"rendered":"<div class=\"wp-block-image\">\n<figure class=\"aligncenter size-large\"><img loading=\"lazy\" decoding=\"async\" width=\"1024\" height=\"173\" src=\"https:\/\/ac.upt.ro\/wp-content\/uploads\/2022\/10\/ccoc-ac-1024x173.png\" alt=\"\" class=\"wp-image-4199\" srcset=\"https:\/\/ac.upt.ro\/wp-content\/uploads\/2022\/10\/ccoc-ac-1024x173.png 1024w, https:\/\/ac.upt.ro\/wp-content\/uploads\/2022\/10\/ccoc-ac-300x51.png 300w, https:\/\/ac.upt.ro\/wp-content\/uploads\/2022\/10\/ccoc-ac-768x130.png 768w, https:\/\/ac.upt.ro\/wp-content\/uploads\/2022\/10\/ccoc-ac.png 1128w\" sizes=\"auto, (max-width: 1024px) 100vw, 1024px\" \/><\/figure>\n<\/div>\n\n\n<h4 class=\"wp-block-heading\"><strong>Oficiul de Consiliere al Studen\u021bilor<\/strong> din Facultatea de Automatic\u0103 \u0219i Calculatoare<\/h4>\n\n\n\n<p>Acest oficiu este creat pentru a informa \u0219i ajuta studen\u021bii \u00een leg\u0103tur\u0103 cu dificult\u0103\u021bile pe care le \u00eent\u00e2mpin\u0103 \u00een facultate. Oficiul func\u021bioneaz\u0103 \u00een cadrul Centrului de Orientare \u0219i Consiliere \u00een Carier\u0103 CCOC, centru care ofer\u0103 servicii suport precum: consiliere psihologic\u0103, orientare \u00een carier\u0103, dezvoltare personal\u0103, voluntariat \u0219i activit\u0103\u021bi destinate studen\u021bilor precum Zilele Carierei, Zilele Consilierii \u0219i multe <a href=\"https:\/\/ccoc.upt.ro\/activitati-ccoc\/activitati-ccoc\">altele<\/a>.<\/p>\n\n\n\n<p>Oferte de carier\u0103 pentru studen\u021bi \u0219i absolven\u021bi le pute\u021bi g\u0103si <a href=\"https:\/\/www.ccoc.upt.ro\/cariera\/oferte-pentru-studenti-si-absolventi\">aici<\/a> \u0219i <a href=\"https:\/\/www.facebook.com\/groups\/ofertecarieraUPT\">aici<\/a>.<\/p>\n\n\n\n<p><strong>Studen\u021bii care vor s\u0103 se \u00eenscrie \/ s\u0103 solicite diverse servicii ale CCOC<\/strong>&nbsp;o pot face acces\u00e2nd acest link:&nbsp;<a href=\"https:\/\/forms.gle\/nTu3uz5SWYMHtzW96\" target=\"_blank\" rel=\"noreferrer noopener\">https:\/\/forms.gle\/nTu3uz5SWYMHtzW96<\/a>.<\/p>\n\n\n\n<hr class=\"wp-block-separator has-css-opacity\"\/>\n\n\n\n<h5 class=\"wp-block-heading\"><strong>Consiliere Educa\u021bional\u0103<\/strong>&nbsp;<\/h5>\n\n\n\n<p>Dac\u0103 ai probleme cu integrarea \u00een facultate, volumul de munc\u0103 sau nu \u00ee\u021bi e clar ce s\u0103 faci \u00een continuare te a\u0219tept\u0103m la o sesiune individual\u0103 de consiliere.&nbsp;&nbsp;<\/p>\n\n\n\n<p>Pentru \u00eenscrierile la sesiuni individuale completeaz\u0103 acest <a href=\"https:\/\/forms.gle\/cqscCWstnYUKoNiy8\">formular<\/a>.<\/p>\n\n\n\n<hr class=\"wp-block-separator has-css-opacity\"\/>\n\n\n\n<h5 class=\"wp-block-heading\"><strong>Tutoriat Studen\u021besc<\/strong>&nbsp;<\/h5>\n\n\n\n<p>Pentru fiecare grup\u0103 de studen\u021bi de anul I avem c\u00e2te un coleg mai mare pentru tine care s\u0103 \u00ee\u021bi r\u0103spund\u0103 la \u00eentreb\u0103ri \u0219i s\u0103 fie acolo pentru tine.<\/p>\n\n\n\n<p>Mai jos g\u0103si\u021bi tutorii studen\u021bi pentru fiecare subgrup\u0103 pe anul universitar 2024-2025:&nbsp;<\/p>\n\n\n\n<div class=\"wp-block-getwid-toggle has-icon-left\">\n<div class=\"wp-block-getwid-toggle__row\"><div class=\"wp-block-getwid-toggle__header-wrapper\"><span class=\"wp-block-getwid-toggle__header\"><a href=\"#\"><span class=\"wp-block-getwid-toggle__header-title\">Calculatoare \u0219i Tehnologia Informa\u021biei &#8211; limba rom\u00e2n\u0103<\/span><span class=\"wp-block-getwid-toggle__icon is-active\"><i class=\"fas fa-plus\"><\/i><\/span><span class=\"wp-block-getwid-toggle__icon is-passive\"><i class=\"fas fa-minus\"><\/i><\/span><\/a><\/span><\/div><div class=\"wp-block-getwid-toggle__content-wrapper\"><div class=\"wp-block-getwid-toggle__content\">\n<p><\/p>\n\n\n\n<figure class=\"wp-block-image size-full\"><img loading=\"lazy\" decoding=\"async\" width=\"970\" height=\"295\" src=\"https:\/\/ac.upt.ro\/wp-content\/uploads\/2025\/09\/image.png\" alt=\"\" class=\"wp-image-7731\" srcset=\"https:\/\/ac.upt.ro\/wp-content\/uploads\/2025\/09\/image.png 970w, https:\/\/ac.upt.ro\/wp-content\/uploads\/2025\/09\/image-300x91.png 300w, https:\/\/ac.upt.ro\/wp-content\/uploads\/2025\/09\/image-768x234.png 768w\" sizes=\"auto, (max-width: 970px) 100vw, 970px\" \/><\/figure>\n\n\n\n<p><\/p>\n<\/div><\/div><\/div>\n\n\n\n<div class=\"wp-block-getwid-toggle__row\"><div class=\"wp-block-getwid-toggle__header-wrapper\"><span class=\"wp-block-getwid-toggle__header\"><a href=\"#\"><span class=\"wp-block-getwid-toggle__header-title\">Calculatoare \u0219i Tehnologia Informa\u021biei &#8211; limba englez\u0103<\/span><span class=\"wp-block-getwid-toggle__icon is-active\"><i class=\"fas fa-plus\"><\/i><\/span><span class=\"wp-block-getwid-toggle__icon is-passive\"><i class=\"fas fa-minus\"><\/i><\/span><\/a><\/span><\/div><div class=\"wp-block-getwid-toggle__content-wrapper\"><div class=\"wp-block-getwid-toggle__content\">\n<p><\/p>\n\n\n\n<figure class=\"wp-block-image size-full\"><img loading=\"lazy\" decoding=\"async\" width=\"791\" height=\"151\" src=\"https:\/\/ac.upt.ro\/wp-content\/uploads\/2025\/09\/image-1.png\" alt=\"\" class=\"wp-image-7732\" srcset=\"https:\/\/ac.upt.ro\/wp-content\/uploads\/2025\/09\/image-1.png 791w, https:\/\/ac.upt.ro\/wp-content\/uploads\/2025\/09\/image-1-300x57.png 300w, https:\/\/ac.upt.ro\/wp-content\/uploads\/2025\/09\/image-1-768x147.png 768w\" sizes=\"auto, (max-width: 791px) 100vw, 791px\" \/><\/figure>\n\n\n\n<p><\/p>\n<\/div><\/div><\/div>\n\n\n\n<div class=\"wp-block-getwid-toggle__row\"><div class=\"wp-block-getwid-toggle__header-wrapper\"><span class=\"wp-block-getwid-toggle__header\"><a href=\"#\"><span class=\"wp-block-getwid-toggle__header-title\">Ingineria Sistemelor<\/span><span class=\"wp-block-getwid-toggle__icon is-active\"><i class=\"fas fa-plus\"><\/i><\/span><span class=\"wp-block-getwid-toggle__icon is-passive\"><i class=\"fas fa-minus\"><\/i><\/span><\/a><\/span><\/div><div class=\"wp-block-getwid-toggle__content-wrapper\"><div class=\"wp-block-getwid-toggle__content\">\n<p><\/p>\n\n\n\n<figure class=\"wp-block-image size-full\"><img loading=\"lazy\" decoding=\"async\" width=\"969\" height=\"253\" src=\"https:\/\/ac.upt.ro\/wp-content\/uploads\/2025\/09\/image-2.png\" alt=\"\" class=\"wp-image-7733\" srcset=\"https:\/\/ac.upt.ro\/wp-content\/uploads\/2025\/09\/image-2.png 969w, https:\/\/ac.upt.ro\/wp-content\/uploads\/2025\/09\/image-2-300x78.png 300w, https:\/\/ac.upt.ro\/wp-content\/uploads\/2025\/09\/image-2-768x201.png 768w\" sizes=\"auto, (max-width: 969px) 100vw, 969px\" \/><\/figure>\n\n\n\n<p><\/p>\n<\/div><\/div><\/div>\n\n\n\n<div class=\"wp-block-getwid-toggle__row\"><div class=\"wp-block-getwid-toggle__header-wrapper\"><span class=\"wp-block-getwid-toggle__header\"><a href=\"#\"><span class=\"wp-block-getwid-toggle__header-title\">Informatic\u0103<\/span><span class=\"wp-block-getwid-toggle__icon is-active\"><i class=\"fas fa-plus\"><\/i><\/span><span class=\"wp-block-getwid-toggle__icon is-passive\"><i class=\"fas fa-minus\"><\/i><\/span><\/a><\/span><\/div><div class=\"wp-block-getwid-toggle__content-wrapper\"><div class=\"wp-block-getwid-toggle__content\">\n<p><\/p>\n\n\n\n<figure class=\"wp-block-image size-full\"><img loading=\"lazy\" decoding=\"async\" width=\"795\" height=\"149\" src=\"https:\/\/ac.upt.ro\/wp-content\/uploads\/2025\/09\/image-3.png\" alt=\"\" class=\"wp-image-7734\" srcset=\"https:\/\/ac.upt.ro\/wp-content\/uploads\/2025\/09\/image-3.png 795w, https:\/\/ac.upt.ro\/wp-content\/uploads\/2025\/09\/image-3-300x56.png 300w, https:\/\/ac.upt.ro\/wp-content\/uploads\/2025\/09\/image-3-768x144.png 768w\" sizes=\"auto, (max-width: 795px) 100vw, 795px\" \/><\/figure>\n\n\n\n<p><\/p>\n<\/div><\/div><\/div>\n<\/div>\n\n\n\n<hr class=\"wp-block-separator has-css-opacity\"\/>\n\n\n\n<h5 class=\"wp-block-heading\"><strong>Consiliere Psihologic\u0103<\/strong>&nbsp;<\/h5>\n\n\n\n<p><a href=\"https:\/\/www.ccoc.upt.ro\/echipa-ccoc\/personal-angajat\">Psihologi din cadrul CCOC<\/a> v\u0103 stau la dispozi\u021bie pentru consulta\u021bii gratis online sau fizic \u00een cadrul Bibliotecii UPT, la <a href=\"https:\/\/www.ccoc.upt.ro\/contact\">sediul CCOC<\/a>.&nbsp;Te ajut\u0103m cu anxietatea, simptome de depresie \u0219i cum s\u0103 fi mai motivat \u00een tot ceea ce faci.&nbsp;<\/p>\n\n\n\n<p>Pentru \u00eenscrieri la sesiuni individuale completeaz\u0103 acest <a href=\"https:\/\/forms.gle\/cqscCWstnYUKoNiy8\">formular<\/a>.<\/p>\n\n\n\n<hr class=\"wp-block-separator has-css-opacity\"\/>\n\n\n\n<h5 class=\"wp-block-heading\"><strong>Orientare \u00een Carier\u0103<\/strong>&nbsp;<\/h5>\n\n\n\n<p>Dac\u0103 nu \u0219tii ce carier\u0103 este potrivit\u0103 pentru tine sau ce op\u021biuni ai ca \u0219i student\/viitor absolvent al UPT \u00eenscrie-te pentru o sesiune de orientare \u00een carier\u0103 complet\u00e2nd acest <a href=\"https:\/\/forms.gle\/cqscCWstnYUKoNiy8\">formular<\/a>.&nbsp;<\/p>\n\n\n\n<hr class=\"wp-block-separator has-css-opacity\"\/>\n\n\n\n<h5 class=\"wp-block-heading\"><strong>Activit\u0103\u021bi<\/strong><\/h5>\n\n\n\n<p><strong><a href=\"https:\/\/zilelecarierei.upt.ro\/\">Zilele Carierei \u00een UPT<\/a><\/strong>, manifestare destinat\u0103 studen\u0163ilor, masteranzilor \u015fi absolven\u0163ilor, dar \u015fi companiilor, institu\u0163iilor de profil interesate s\u0103 ofere oportunit\u0103\u0163i de carier\u0103 pentru tineri.<\/p>\n\n\n\n<p>Ac\u0163iunea Zilele Carierei cuprinde urm\u0103toarele activit\u0103\u0163i:<br>&#8211; prezent\u0103ri de companii \u015fi vizite;<br>&#8211; zile de stand;<br>&#8211; traininguri \u015fi workshopuri axate pe carier\u0103 \u015fi companii<\/p>\n\n\n\n<p><strong>Zilele Consilierii<\/strong>, eveniment bianual, organizat \u00een fiecare semestru, \u00een care studen\u021bii UPT au posibilitatea de a participa la activit\u0103\u021bi de dezvoltare personal\u0103.<\/p>\n\n\n\n<p><strong>Caravana UPT<\/strong>, studen\u021bii doritori se pot al\u0103tura cadrelor didactice \u00een activit\u0103\u021bile de promovare a ofertei educa\u021bionale a UPT \u00een licee.<\/p>\n\n\n\n<hr class=\"wp-block-separator has-css-opacity\"\/>\n\n\n\n<p><strong>Studen\u021bii care vor s\u0103 fie voluntari ai CCOC<\/strong> \u0219i s\u0103 sprijine activitatea acestui departament&nbsp;se pot \u00eenscrie <a href=\"https:\/\/forms.gle\/9nAb3kpfzKuegBY46\">aici<\/a>.<\/p>\n\n\n\n<hr class=\"wp-block-separator has-css-opacity\"\/>\n","protected":false},"excerpt":{"rendered":"<p>Oficiul de Consiliere al Studen\u021bilor din Facultatea de Automatic\u0103 \u0219i Calculatoare Acest oficiu este creat pentru a informa \u0219i ajuta [&hellip;]<\/p>\n","protected":false},"author":8,"featured_media":0,"parent":0,"menu_order":0,"comment_status":"closed","ping_status":"closed","template":"","meta":{"footnotes":""},"class_list":["post-4121","page","type-page","status-publish","hentry"],"acf":[],"yoast_head":"<!-- This site is optimized with the Yoast SEO plugin v25.3.1 - https:\/\/yoast.com\/wordpress\/plugins\/seo\/ -->\n<title>Consiliere - Facultatea de Automatic\u0103 \u0219i Calculatoare - Timi\u0219oara<\/title>\n<meta name=\"robots\" content=\"index, follow, max-snippet:-1, max-image-preview:large, max-video-preview:-1\" \/>\n<link rel=\"canonical\" href=\"https:\/\/ac.upt.ro\/en\/consiliere\/\" \/>\n<meta property=\"og:locale\" content=\"en_GB\" \/>\n<meta property=\"og:locale:alternate\" content=\"ro_RO\" \/>\n<meta property=\"og:type\" content=\"article\" \/>\n<meta property=\"og:title\" content=\"Consiliere\" \/>\n<meta property=\"og:description\" content=\"Oficiul de Consiliere al Studen\u021bilor din Facultatea de Automatic\u0103 \u0219i Calculatoare Acest oficiu este creat pentru a informa \u0219i ajuta [&hellip;]\" \/>\n<meta property=\"og:url\" content=\"https:\/\/ac.upt.ro\/en\/consiliere\/\" \/>\n<meta property=\"og:site_name\" content=\"Facultatea de Automatic\u0103 \u0219i Calculatoare - Timi\u0219oara\" \/>\n<meta property=\"article:modified_time\" content=\"2025-09-26T15:19:11+00:00\" \/>\n<meta property=\"og:image\" content=\"https:\/\/ac.upt.ro\/wp-content\/uploads\/2022\/10\/ccoc-ac.png\" \/>\n\t<meta property=\"og:image:width\" content=\"1128\" \/>\n\t<meta property=\"og:image:height\" content=\"191\" \/>\n\t<meta property=\"og:image:type\" content=\"image\/png\" \/>\n<meta name=\"twitter:card\" content=\"summary_large_image\" \/>\n<meta name=\"twitter:label1\" content=\"Estimated reading time\" \/>\n\t<meta name=\"twitter:data1\" content=\"4 minutes\" \/>\n<script type=\"application\/ld+json\" class=\"yoast-schema-graph\">{\"@context\":\"https:\/\/schema.org\",\"@graph\":[{\"@type\":\"WebPage\",\"@id\":\"https:\/\/ac.upt.ro\/consiliere\/\",\"url\":\"https:\/\/ac.upt.ro\/consiliere\/\",\"name\":\"Consiliere\",\"isPartOf\":{\"@id\":\"https:\/\/ac.upt.ro\/#website\"},\"primaryImageOfPage\":{\"@id\":\"https:\/\/ac.upt.ro\/consiliere\/#primaryimage\"},\"image\":{\"@id\":\"https:\/\/ac.upt.ro\/consiliere\/#primaryimage\"},\"thumbnailUrl\":\"https:\/\/ac.upt.ro\/wp-content\/uploads\/2022\/10\/ccoc-ac-1024x173.png\",\"datePublished\":\"2022-10-02T15:24:57+00:00\",\"dateModified\":\"2025-09-26T15:19:11+00:00\",\"breadcrumb\":{\"@id\":\"https:\/\/ac.upt.ro\/consiliere\/#breadcrumb\"},\"inLanguage\":\"en-GB\",\"potentialAction\":[{\"@type\":\"ReadAction\",\"target\":[\"https:\/\/ac.upt.ro\/consiliere\/\"]}]},{\"@type\":\"ImageObject\",\"inLanguage\":\"en-GB\",\"@id\":\"https:\/\/ac.upt.ro\/consiliere\/#primaryimage\",\"url\":\"https:\/\/ac.upt.ro\/wp-content\/uploads\/2022\/10\/ccoc-ac-1024x173.png\",\"contentUrl\":\"https:\/\/ac.upt.ro\/wp-content\/uploads\/2022\/10\/ccoc-ac-1024x173.png\"},{\"@type\":\"BreadcrumbList\",\"@id\":\"https:\/\/ac.upt.ro\/consiliere\/#breadcrumb\",\"itemListElement\":[{\"@type\":\"ListItem\",\"position\":1,\"name\":\"Home\",\"item\":\"https:\/\/ac.upt.ro\/\"},{\"@type\":\"ListItem\",\"position\":2,\"name\":\"Consiliere\"}]},{\"@type\":\"WebSite\",\"@id\":\"https:\/\/ac.upt.ro\/#website\",\"url\":\"https:\/\/ac.upt.ro\/\",\"name\":\"Facultatea de Automatic\u0103 \u0219i Calculatoare - Timi\u0219oara\",\"description\":\"Preg\u0103tirea inginerilor IT cu \u00eenalt\u0103 calificare, cu cuno\u0219tin\u021be \u0219i abilit\u0103\u021bi de automatic\u0103, software \u0219i hardware.\",\"publisher\":{\"@id\":\"https:\/\/ac.upt.ro\/#organization\"},\"potentialAction\":[{\"@type\":\"SearchAction\",\"target\":{\"@type\":\"EntryPoint\",\"urlTemplate\":\"https:\/\/ac.upt.ro\/?s={search_term_string}\"},\"query-input\":{\"@type\":\"PropertyValueSpecification\",\"valueRequired\":true,\"valueName\":\"search_term_string\"}}],\"inLanguage\":\"en-GB\"},{\"@type\":\"Organization\",\"@id\":\"https:\/\/ac.upt.ro\/#organization\",\"name\":\"Facultatea de Automatic\u0103 \u0219i Calculatoare\",\"url\":\"https:\/\/ac.upt.ro\/\",\"logo\":{\"@type\":\"ImageObject\",\"inLanguage\":\"en-GB\",\"@id\":\"https:\/\/ac.upt.ro\/#\/schema\/logo\/image\/\",\"url\":\"https:\/\/ac.upt.ro\/wp-content\/uploads\/2021\/02\/AC-Text.png\",\"contentUrl\":\"https:\/\/ac.upt.ro\/wp-content\/uploads\/2021\/02\/AC-Text.png\",\"width\":400,\"height\":98,\"caption\":\"Facultatea de Automatic\u0103 \u0219i Calculatoare\"},\"image\":{\"@id\":\"https:\/\/ac.upt.ro\/#\/schema\/logo\/image\/\"}}]}<\/script>\n<!-- \/ Yoast SEO plugin. -->","yoast_head_json":{"title":"Consiliere - Facultatea de Automatic\u0103 \u0219i Calculatoare - Timi\u0219oara","robots":{"index":"index","follow":"follow","max-snippet":"max-snippet:-1","max-image-preview":"max-image-preview:large","max-video-preview":"max-video-preview:-1"},"canonical":"https:\/\/ac.upt.ro\/en\/consiliere\/","og_locale":"en_GB","og_type":"article","og_title":"[:ro]Consiliere[:] - Facultatea de Automatic\u0103 \u0219i Calculatoare - Timi\u0219oara","og_description":"Oficiul de Consiliere al Studen\u021bilor din Facultatea de Automatic\u0103 \u0219i Calculatoare Acest oficiu este creat pentru a informa \u0219i ajuta [&hellip;]","og_url":"https:\/\/ac.upt.ro\/en\/consiliere\/","og_site_name":"Facultatea de Automatic\u0103 \u0219i Calculatoare - Timi\u0219oara","article_modified_time":"2025-09-26T15:19:11+00:00","og_image":[{"width":1128,"height":191,"url":"https:\/\/ac.upt.ro\/wp-content\/uploads\/2022\/10\/ccoc-ac.png","type":"image\/png"}],"twitter_card":"summary_large_image","twitter_misc":{"Estimated reading time":"4 minutes"},"schema":{"@context":"https:\/\/schema.org","@graph":[{"@type":"WebPage","@id":"https:\/\/ac.upt.ro\/consiliere\/","url":"https:\/\/ac.upt.ro\/consiliere\/","name":"Consiliere","isPartOf":{"@id":"https:\/\/ac.upt.ro\/#website"},"primaryImageOfPage":{"@id":"https:\/\/ac.upt.ro\/consiliere\/#primaryimage"},"image":{"@id":"https:\/\/ac.upt.ro\/consiliere\/#primaryimage"},"thumbnailUrl":"https:\/\/ac.upt.ro\/wp-content\/uploads\/2022\/10\/ccoc-ac-1024x173.png","datePublished":"2022-10-02T15:24:57+00:00","dateModified":"2025-09-26T15:19:11+00:00","breadcrumb":{"@id":"https:\/\/ac.upt.ro\/consiliere\/#breadcrumb"},"inLanguage":"en-GB","potentialAction":[{"@type":"ReadAction","target":["https:\/\/ac.upt.ro\/consiliere\/"]}]},{"@type":"ImageObject","inLanguage":"en-GB","@id":"https:\/\/ac.upt.ro\/consiliere\/#primaryimage","url":"https:\/\/ac.upt.ro\/wp-content\/uploads\/2022\/10\/ccoc-ac-1024x173.png","contentUrl":"https:\/\/ac.upt.ro\/wp-content\/uploads\/2022\/10\/ccoc-ac-1024x173.png"},{"@type":"BreadcrumbList","@id":"https:\/\/ac.upt.ro\/consiliere\/#breadcrumb","itemListElement":[{"@type":"ListItem","position":1,"name":"Home","item":"https:\/\/ac.upt.ro\/"},{"@type":"ListItem","position":2,"name":"Consiliere"}]},{"@type":"WebSite","@id":"https:\/\/ac.upt.ro\/#website","url":"https:\/\/ac.upt.ro\/","name":"Facultatea de Automatic\u0103 \u0219i Calculatoare - Timi\u0219oara","description":"Preg\u0103tirea inginerilor IT cu \u00eenalt\u0103 calificare, cu cuno\u0219tin\u021be \u0219i abilit\u0103\u021bi de automatic\u0103, software \u0219i hardware.","publisher":{"@id":"https:\/\/ac.upt.ro\/#organization"},"potentialAction":[{"@type":"SearchAction","target":{"@type":"EntryPoint","urlTemplate":"https:\/\/ac.upt.ro\/?s={search_term_string}"},"query-input":{"@type":"PropertyValueSpecification","valueRequired":true,"valueName":"search_term_string"}}],"inLanguage":"en-GB"},{"@type":"Organization","@id":"https:\/\/ac.upt.ro\/#organization","name":"Facultatea de Automatic\u0103 \u0219i Calculatoare","url":"https:\/\/ac.upt.ro\/","logo":{"@type":"ImageObject","inLanguage":"en-GB","@id":"https:\/\/ac.upt.ro\/#\/schema\/logo\/image\/","url":"https:\/\/ac.upt.ro\/wp-content\/uploads\/2021\/02\/AC-Text.png","contentUrl":"https:\/\/ac.upt.ro\/wp-content\/uploads\/2021\/02\/AC-Text.png","width":400,"height":98,"caption":"Facultatea de Automatic\u0103 \u0219i Calculatoare"},"image":{"@id":"https:\/\/ac.upt.ro\/#\/schema\/logo\/image\/"}}]}},"_links":{"self":[{"href":"https:\/\/ac.upt.ro\/en\/wp-json\/wp\/v2\/pages\/4121","targetHints":{"allow":["GET"]}}],"collection":[{"href":"https:\/\/ac.upt.ro\/en\/wp-json\/wp\/v2\/pages"}],"about":[{"href":"https:\/\/ac.upt.ro\/en\/wp-json\/wp\/v2\/types\/page"}],"author":[{"embeddable":true,"href":"https:\/\/ac.upt.ro\/en\/wp-json\/wp\/v2\/users\/8"}],"replies":[{"embeddable":true,"href":"https:\/\/ac.upt.ro\/en\/wp-json\/wp\/v2\/comments?post=4121"}],"version-history":[{"count":72,"href":"https:\/\/ac.upt.ro\/en\/wp-json\/wp\/v2\/pages\/4121\/revisions"}],"predecessor-version":[{"id":7735,"href":"https:\/\/ac.upt.ro\/en\/wp-json\/wp\/v2\/pages\/4121\/revisions\/7735"}],"wp:attachment":[{"href":"https:\/\/ac.upt.ro\/en\/wp-json\/wp\/v2\/media?parent=4121"}],"curies":[{"name":"wp","href":"https:\/\/api.w.org\/{rel}","templated":true}]}}