{"id":394,"date":"2021-01-13T09:25:13","date_gmt":"2021-01-13T09:25:13","guid":{"rendered":"https:\/\/ac.upt.ro\/?page_id=394"},"modified":"2026-03-20T11:04:13","modified_gmt":"2026-03-20T09:04:13","slug":"practica-master","status":"publish","type":"page","link":"https:\/\/ac.upt.ro\/en\/practica-master\/","title":{"rendered":"Practice &#8211; Master&#8217;s Degree"},"content":{"rendered":"<h4>The practice related to semester I involves the following aspects:<\/h4>\n<ul>\n<li>Choosing a <strong>coordinating professor <\/strong>for the dissertation thesis. It can be subsequently changed (if the situation requires it), the ARACIS regulations establishing as a mandatory deadline for electing the dissertation&#8217;s coordinator the <em>10th week of the 3rd semester<\/em>.<\/li>\n<li>Establishing a research &#8211; development theme or field.<\/li>\n<li>The discipline will take into account: scientific documentation in the field of the established topic as well as aspects regarding the elaboration of scientific publications.<\/li>\n<li>At the end of the 1st semester, the student will propose (these and also others): <strong>a title<\/strong> (even a temporarily one) for the dissertation <strong>and a set of bibliographic references<\/strong> (articles published in journals or conferences, field-specific books or online articles ) which he used to document the topic.<\/li>\n<li>Grading is done according to the rules established by the AIA and CTI Departments and the mark will be given by the Dean of the year, by another teacher in charge of the <em>Practice<\/em> discipline or by the coordinator of the dissertation.<\/li>\n<\/ul>\n<hr \/>\n<h4>The practice for the 2nd semester follows:<\/h4>\n<ul>\n<li>Critical analysis of the <strong>state of the art<\/strong> in the <strong>field of the established theme<\/strong>.<\/li>\n<li>Identifying the points where <strong>specific innovative solutions<\/strong> can be researched with and propose further developments.<\/li>\n<li>Knowledge of the principles of drawing up a <strong>research report<\/strong>.<\/li>\n<li>At the end of the 2nd semester, the student will propose <strong>a research-development direction<\/strong> for the dissertation thesis and will detail the parts that motivate the choice of the topic and that describe the current state of the art in the field.<\/li>\n<li>The evaluation is performed by the professor coordinating the dissertation, the dean of the year intervening only in situations that require it (for example, re-enrolled students who do not yet have a coordinator).<\/li>\n<\/ul>\n<hr \/>\n<h4>The practice for the 3rd semester follows:<\/h4>\n<ul>\n<li><strong>Proposing<\/strong> and, where appropriate, <strong>implementing solutions to the identified problems<\/strong>, as well as establishing expected results.<\/li>\n<li>Defining the structure and content of a research paper.<\/li>\n<li>Writing and communication in the field of the topic.<\/li>\n<li>At the end of the 3rd semester, the student will propose <strong>a summary of the dissertation thesis<\/strong> (with emphasis on the solutions considered) and <strong>a work plan<\/strong> (with activities and deadlines).<\/li>\n<li>The evaluation is performed by the coordinating professor of the dissertation, or by the course lecturer, depending on the master program.<\/li>\n<\/ul>\n<hr \/>\n<h4>The practice of the 4th semester is dedicated to elaborating the dissertation and has the following characteristics:<\/h4>\n<ul>\n<li>Makes use of the knowledge acquired in the practice disciplines from the previous three semesters and can use the materials developed at those times.<\/li>\n<li>It may consider preparing a <strong>scientific article<\/strong> for specialized journals or conferences or for Student Scientific Communication Sessions organized by the AIA and CTI Departments.<\/li>\n<li>The evaluation is performed by the coordinating teacher of the dissertation, who will give a grade.<\/li>\n<\/ul>\n","protected":false},"excerpt":{"rendered":"<p>The practice related to semester I involves the following aspects: Choosing a coordinating professor for the dissertation thesis. It can [&hellip;]<\/p>\n","protected":false},"author":1,"featured_media":0,"parent":0,"menu_order":0,"comment_status":"closed","ping_status":"closed","template":"","meta":{"footnotes":""},"class_list":["post-394","page","type-page","status-publish","hentry"],"acf":[],"yoast_head":"<!-- This site is optimized with the Yoast SEO plugin v25.3.1 - https:\/\/yoast.com\/wordpress\/plugins\/seo\/ -->\n<title>Practice - Practic\u0103 Masterat - Facultatea de Automatic\u0103 \u0219i Calculatoare - Timi\u0219oara<\/title>\n<meta name=\"robots\" content=\"index, follow, max-snippet:-1, max-image-preview:large, max-video-preview:-1\" \/>\n<link rel=\"canonical\" href=\"https:\/\/ac.upt.ro\/en\/practica-master\/\" \/>\n<meta property=\"og:locale\" content=\"en_GB\" \/>\n<meta property=\"og:locale:alternate\" content=\"ro_RO\" \/>\n<meta property=\"og:type\" content=\"article\" \/>\n<meta property=\"og:title\" content=\"Practice - Master&#039;s Degree\" \/>\n<meta property=\"og:description\" content=\"The practice related to semester I involves the following aspects: Choosing a coordinating professor for the dissertation thesis. It can [&hellip;]\" \/>\n<meta property=\"og:url\" content=\"https:\/\/ac.upt.ro\/en\/practica-master\/\" \/>\n<meta property=\"og:site_name\" content=\"Facultatea de Automatic\u0103 \u0219i Calculatoare - Timi\u0219oara\" \/>\n<meta property=\"article:modified_time\" content=\"2026-03-20T09:04:13+00:00\" \/>\n<meta name=\"twitter:card\" content=\"summary_large_image\" \/>\n<meta name=\"twitter:label1\" content=\"Estimated reading time\" \/>\n\t<meta name=\"twitter:data1\" content=\"3 minutes\" \/>\n<script type=\"application\/ld+json\" class=\"yoast-schema-graph\">{\"@context\":\"https:\/\/schema.org\",\"@graph\":[{\"@type\":\"WebPage\",\"@id\":\"https:\/\/ac.upt.ro\/en\/practica-master\/\",\"url\":\"https:\/\/ac.upt.ro\/en\/practica-master\/\",\"name\":\"Practice - Master's Degree\",\"isPartOf\":{\"@id\":\"https:\/\/ac.upt.ro\/#website\"},\"datePublished\":\"2021-01-13T09:25:13+00:00\",\"dateModified\":\"2026-03-20T09:04:13+00:00\",\"breadcrumb\":{\"@id\":\"https:\/\/ac.upt.ro\/en\/practica-master\/#breadcrumb\"},\"inLanguage\":\"en-GB\",\"potentialAction\":[{\"@type\":\"ReadAction\",\"target\":[\"https:\/\/ac.upt.ro\/en\/practica-master\/\"]}]},{\"@type\":\"BreadcrumbList\",\"@id\":\"https:\/\/ac.upt.ro\/en\/practica-master\/#breadcrumb\",\"itemListElement\":[{\"@type\":\"ListItem\",\"position\":1,\"name\":\"Home\",\"item\":\"https:\/\/ac.upt.ro\/\"},{\"@type\":\"ListItem\",\"position\":2,\"name\":\"Practice &#8211; Master&#8217;s Degree\"}]},{\"@type\":\"WebSite\",\"@id\":\"https:\/\/ac.upt.ro\/#website\",\"url\":\"https:\/\/ac.upt.ro\/\",\"name\":\"Facultatea de Automatic\u0103 \u0219i Calculatoare - Timi\u0219oara\",\"description\":\"Preg\u0103tirea inginerilor IT cu \u00eenalt\u0103 calificare, cu cuno\u0219tin\u021be \u0219i abilit\u0103\u021bi de automatic\u0103, software \u0219i hardware.\",\"publisher\":{\"@id\":\"https:\/\/ac.upt.ro\/#organization\"},\"potentialAction\":[{\"@type\":\"SearchAction\",\"target\":{\"@type\":\"EntryPoint\",\"urlTemplate\":\"https:\/\/ac.upt.ro\/?s={search_term_string}\"},\"query-input\":{\"@type\":\"PropertyValueSpecification\",\"valueRequired\":true,\"valueName\":\"search_term_string\"}}],\"inLanguage\":\"en-GB\"},{\"@type\":\"Organization\",\"@id\":\"https:\/\/ac.upt.ro\/#organization\",\"name\":\"Facultatea de Automatic\u0103 \u0219i Calculatoare\",\"url\":\"https:\/\/ac.upt.ro\/\",\"logo\":{\"@type\":\"ImageObject\",\"inLanguage\":\"en-GB\",\"@id\":\"https:\/\/ac.upt.ro\/#\/schema\/logo\/image\/\",\"url\":\"https:\/\/ac.upt.ro\/wp-content\/uploads\/2021\/02\/AC-Text.png\",\"contentUrl\":\"https:\/\/ac.upt.ro\/wp-content\/uploads\/2021\/02\/AC-Text.png\",\"width\":400,\"height\":98,\"caption\":\"Facultatea de Automatic\u0103 \u0219i Calculatoare\"},\"image\":{\"@id\":\"https:\/\/ac.upt.ro\/#\/schema\/logo\/image\/\"}}]}<\/script>\n<!-- \/ Yoast SEO plugin. -->","yoast_head_json":{"title":"Practice - Practic\u0103 Masterat - Facultatea de Automatic\u0103 \u0219i Calculatoare - Timi\u0219oara","robots":{"index":"index","follow":"follow","max-snippet":"max-snippet:-1","max-image-preview":"max-image-preview:large","max-video-preview":"max-video-preview:-1"},"canonical":"https:\/\/ac.upt.ro\/en\/practica-master\/","og_locale":"en_GB","og_type":"article","og_title":"[:en]Practice - Master's Degree[:ro]Practic\u0103 Masterat[:] - Facultatea de Automatic\u0103 \u0219i Calculatoare - Timi\u0219oara","og_description":"The practice related to semester I involves the following aspects: Choosing a coordinating professor for the dissertation thesis. It can [&hellip;]","og_url":"https:\/\/ac.upt.ro\/en\/practica-master\/","og_site_name":"Facultatea de Automatic\u0103 \u0219i Calculatoare - Timi\u0219oara","article_modified_time":"2026-03-20T09:04:13+00:00","twitter_card":"summary_large_image","twitter_misc":{"Estimated reading time":"3 minutes"},"schema":{"@context":"https:\/\/schema.org","@graph":[{"@type":"WebPage","@id":"https:\/\/ac.upt.ro\/en\/practica-master\/","url":"https:\/\/ac.upt.ro\/en\/practica-master\/","name":"Practice - Master's Degree","isPartOf":{"@id":"https:\/\/ac.upt.ro\/#website"},"datePublished":"2021-01-13T09:25:13+00:00","dateModified":"2026-03-20T09:04:13+00:00","breadcrumb":{"@id":"https:\/\/ac.upt.ro\/en\/practica-master\/#breadcrumb"},"inLanguage":"en-GB","potentialAction":[{"@type":"ReadAction","target":["https:\/\/ac.upt.ro\/en\/practica-master\/"]}]},{"@type":"BreadcrumbList","@id":"https:\/\/ac.upt.ro\/en\/practica-master\/#breadcrumb","itemListElement":[{"@type":"ListItem","position":1,"name":"Home","item":"https:\/\/ac.upt.ro\/"},{"@type":"ListItem","position":2,"name":"Practice &#8211; Master&#8217;s Degree"}]},{"@type":"WebSite","@id":"https:\/\/ac.upt.ro\/#website","url":"https:\/\/ac.upt.ro\/","name":"Facultatea de Automatic\u0103 \u0219i Calculatoare - Timi\u0219oara","description":"Preg\u0103tirea inginerilor IT cu \u00eenalt\u0103 calificare, cu cuno\u0219tin\u021be \u0219i abilit\u0103\u021bi de automatic\u0103, software \u0219i hardware.","publisher":{"@id":"https:\/\/ac.upt.ro\/#organization"},"potentialAction":[{"@type":"SearchAction","target":{"@type":"EntryPoint","urlTemplate":"https:\/\/ac.upt.ro\/?s={search_term_string}"},"query-input":{"@type":"PropertyValueSpecification","valueRequired":true,"valueName":"search_term_string"}}],"inLanguage":"en-GB"},{"@type":"Organization","@id":"https:\/\/ac.upt.ro\/#organization","name":"Facultatea de Automatic\u0103 \u0219i Calculatoare","url":"https:\/\/ac.upt.ro\/","logo":{"@type":"ImageObject","inLanguage":"en-GB","@id":"https:\/\/ac.upt.ro\/#\/schema\/logo\/image\/","url":"https:\/\/ac.upt.ro\/wp-content\/uploads\/2021\/02\/AC-Text.png","contentUrl":"https:\/\/ac.upt.ro\/wp-content\/uploads\/2021\/02\/AC-Text.png","width":400,"height":98,"caption":"Facultatea de Automatic\u0103 \u0219i Calculatoare"},"image":{"@id":"https:\/\/ac.upt.ro\/#\/schema\/logo\/image\/"}}]}},"_links":{"self":[{"href":"https:\/\/ac.upt.ro\/en\/wp-json\/wp\/v2\/pages\/394","targetHints":{"allow":["GET"]}}],"collection":[{"href":"https:\/\/ac.upt.ro\/en\/wp-json\/wp\/v2\/pages"}],"about":[{"href":"https:\/\/ac.upt.ro\/en\/wp-json\/wp\/v2\/types\/page"}],"author":[{"embeddable":true,"href":"https:\/\/ac.upt.ro\/en\/wp-json\/wp\/v2\/users\/1"}],"replies":[{"embeddable":true,"href":"https:\/\/ac.upt.ro\/en\/wp-json\/wp\/v2\/comments?post=394"}],"version-history":[{"count":18,"href":"https:\/\/ac.upt.ro\/en\/wp-json\/wp\/v2\/pages\/394\/revisions"}],"predecessor-version":[{"id":8272,"href":"https:\/\/ac.upt.ro\/en\/wp-json\/wp\/v2\/pages\/394\/revisions\/8272"}],"wp:attachment":[{"href":"https:\/\/ac.upt.ro\/en\/wp-json\/wp\/v2\/media?parent=394"}],"curies":[{"name":"wp","href":"https:\/\/api.w.org\/{rel}","templated":true}]}}