{"id":392,"date":"2021-01-13T09:24:54","date_gmt":"2021-01-13T09:24:54","guid":{"rendered":"https:\/\/ac.upt.ro\/?page_id=392"},"modified":"2026-02-19T20:46:59","modified_gmt":"2026-02-19T18:46:59","slug":"practica-licenta","status":"publish","type":"page","link":"https:\/\/ac.upt.ro\/en\/practica-licenta\/","title":{"rendered":"Internship &#8211; Bachelor&#8217;s degree"},"content":{"rendered":"\n<p>The summer internship will be organized as follows.<\/p>\n\n\n\n<ul class=\"wp-block-list\">\n<li><strong>01.02.2026 \u2013 30.04.2026<\/strong>\n<ul>\n<li>the companies representatives will register in the internship portal <a href=\"https:\/\/practica.upt.ro\/company\/register\" target=\"_blank\" rel=\"noopener\">https:\/\/practica.upt.ro\/company\/register<\/a>\n<li>the faculty representatives will validate the companies profiles in the portal; if necessary you can notify by email the person in charge, namely ciprian.chirila(at)upt.ro for a faster validation;\n<li>the companies representatives load the internship projects (based on user and password) in the internship portal;\n<\/ul>\n<li><strong>01.04.2026 &#8211; 30.04.2026<\/strong>\n<ul>\n<li> the students analyze the offers and apply for the minimum of 3 projects in the internship portal \n<a href=\"https:\/\/practica.upt.ro\/ac\" target=\"_blank\" rel=\"noopener\">https:\/\/practica.upt.ro\/ac<\/a>\n<li>the authentication is based on the @student.upt.ro account;\n<\/ul>\n<li><strong>01.05.2026 &#8211; 30.06.2026<\/strong>\n<ul>\n<li>each company will access the CVs of the students who applied for the companies projects and will schedule the interviews;\n<\/ul>\n<li><strong>01.07.2026 &#8211; 01.08.2026<\/strong><\/li>\n<ul>\n<li>the students who do not own a labour contract will have to download the agreement, protocol and convention templates, they will fill them entirely and sign them;\n<li>all students will do their internships in the companies workplaces;\n<\/ul>\n<li><strong>01.08.2026 &#8211; 01.09.2026<\/strong><\/li>\n<ul>\n<li>all students will do their internships in the companies workplaces;\n<li>at the end of the internship period all students must fill their internship reports and must prepare the certificate of practice signed by their company tutor;\n<li>all students will upload their documents in the Virtual Campus following the link\n<a href=\"https:\/\/cv.upt.ro\/course\/view.php?id=5626\" target=\"_blank\" rel=\"noopener\">https:\/\/cv.upt.ro\/course\/view.php?id=5626<\/a>\n<\/ul>\n<li><strong>01.09.2026 &#8211; 09.09.2026<\/strong><\/li>\n<ul>\n<li>the internship representatives will schedule the internship exams for each specialization and fill the passed\/failed qualifiers in the learning records;\n<li>after a few days from the exam, the students are advised to check their grades in the Student UPT mobile application;\n<\/ul>\n<\/ul>\n\n\n\n<hr class=\"wp-block-separator has-css-opacity\"\/>\n\n\n\n<h4 class=\"wp-block-heading\">Supervising member of the teaching staff for the framework agreement<\/h4>\n\n\n\n<ul class=\"wp-block-list\">\n<li>conf. dr. ing. Ciprian-Bogdan CHIRILA<\/li>\n\n\n\n<hr class=\"wp-block-separator has-css-opacity\"\/>\n\n\n\n<p>\n<h4>Required documents<\/h4>\n<table>\n<tr>\n<td><\/td>\n<td>Employed student<\/td>\n<td>Student without labor contract<\/td>\n<\/tr>\n<tr>\n<td>Necessary documents during the internship<\/td>\n<td>nothing<\/td>\n<td>\n2 copies of the Collaboration framework agreement (1 for the company + 1 for UPT)<br>\n(once per company, check <a href=\"https:\/\/upt.ro\/img\/files\/practica\/Companii_practica_2024-2025.pdf\" target=\"_blank\" rel=\"noopener\">here<\/a>)<br>\n2 copies of the Collaboration protocol regarding the completion of the practical training\n (1 for the company + 1 for UPT)<br>\n(once per company, check <a href=\"https:\/\/upt.ro\/img\/files\/practica\/Companii_practica_2024-2025.pdf\" target=\"_blank\" rel=\"noopener\">here<\/a>)<br>\n3 copies of the Framework agreement (1 for the company + 1 for UPT + 1 for student)<br> \n<\/td>\n<\/tr>\n<tr>\n<td>Necessary documents at the end of the internship<\/td>\n<td>Internship report<br>Internship certificate (signed) <br> Work certificate<\/td>\n<td>Internship report<br>Internship certificate (signed)<\/td>\n<\/tr>\n<\/table>\n<\/p>\n\n\n\n<ul style=\"background:linear-gradient(135deg,rgb(238,238,238) 0%,rgba(168,183,194,0) 100%)\" class=\"wp-block-list has-background\">\n<li>2 copies of the agreement (1 company + 1 UPT)<\/li>\n\n\n\n<li>2 copies of the protocol (1 company + 1 UPT)<\/li>\n\n\n\n<li>3 copies of the convention (1 company + 1 UPT + 1 student)<\/li>\n<\/ul>\n\n\n<hr \/>\n<h4>Templates for students<\/h4>\n<ul>\n<li>Agreement framework for collaboration<br \/><a href=\"https:\/\/upt.ro\/img\/files\/practica\/2025\/Acord_de_colaborare_2025.docx\" target=\"_blank\" rel=\"noopener\">docx (ro)<\/a><br \/><a href=\"https:\/\/upt.ro\/img\/files\/practica\/2020\/Acord_de_colaborare_2020_Autocomplete-en.docx\" target=\"_blank\" rel=\"noopener\">docx (en)<\/a><\/li>\n<li>Protocol of collaboration for internship<br \/><a href=\"https:\/\/upt.ro\/img\/files\/practica\/2025\/Protocol_de_colaborare_2025.docx\" target=\"_blank\" rel=\"noopener\">docx (ro)<\/a><br \/><a href=\"https:\/\/upt.ro\/img\/files\/practica\/2020\/Protocol_de_colaborare_2020-Autocomplete-en.docx\" target=\"_blank\" rel=\"noopener\">docx (en)<\/a><\/li>\n<li>Convention &#8211; framework for accomplishing the practice<br \/><a href=\"https:\/\/upt.ro\/img\/files\/practica\/2020\/Anexa%203_Reg_practica_template.docx\" target=\"_blank\" rel=\"noopener\">docx (ro)<\/a><br \/><a href=\"https:\/\/upt.ro\/img\/files\/practica\/2020\/Anexa_3_Conv_practica_template_en.docx\" target=\"_blank\" rel=\"noopener\">docx (en)<\/a><\/li>\n<li>Internship report<br \/><a href=\"https:\/\/ac.upt.ro\/wp-content\/uploads\/2026\/01\/070-Caiet-de-practica.docx\">docx (ro)<\/a><br \/><a href=\"https:\/\/ac.upt.ro\/wp-content\/uploads\/2026\/01\/070-Internship_report.docx\" target=\"_blank\" rel=\"noopener\">docx (en)<\/a><\/li>\n<li>Certificate of practice<br \/><a href=\"https:\/\/upt.ro\/img\/files\/practica\/2020\/Anexa_5_la_Reg_org_desf_practica_in_UPT.doc\" target=\"_blank\" rel=\"noopener\">doc (ro)<\/a><br \/><a href=\"https:\/\/ac.upt.ro\/wp-content\/uploads\/2022\/04\/080-Atestat-de-practica-en.doc\" target=\"_blank\" rel=\"noopener\">doc (en)<\/a><\/li>\n<\/ul>\n<h4>Optional templates for students<\/h4>\n<ul>\n<li>Standard application to the Faculty Secretariat for practice in the proposed institution<br \/><a href=\"https:\/\/upt.ro\/img\/files\/practica\/2020\/Anexa_1_la_Reg_org_desf_practica_in_UPT.doc\" target=\"_blank\" rel=\"noopener\">docx (ro)<\/a><\/li>\n<li>Practice portfolio<br \/><a href=\"https:\/\/ac.upt.ro\/wp-content\/uploads\/2021\/05\/060-Portofoliu-de-practica.doc\" target=\"_blank\" rel=\"noopener\">doc (ro)<\/a><\/li>\n<li>Evaluation sheet<br \/><a href=\"https:\/\/upt.ro\/img\/files\/practica\/2020\/Anexa_6_Reg_org_desf_practica_in_UPT.pdf\" target=\"_blank\" rel=\"noopener\">pdf (ro)<\/a><\/li>\n<\/ul>\n<hr \/>\n\n\n<h4 class=\"wp-block-heading\">Legal basis<\/h4>\n\n\n\n<ul class=\"wp-block-list\">\n<li><a href=\"http:\/\/www.upt.ro\/img\/files\/practica\/Legea_258_din_2007.pdf\">2007 &#8211; Legea nr. 258 din 19 iulie 2007 privind practica elevilor \u015fi studen\u0163ilor<\/a><\/li>\n\n\n\n<li><a href=\"http:\/\/www.upt.ro\/img\/files\/practica\/Ordin-3955-din-9-05-2008.pdf\">2008 &#8211; Ordin nr. 3955 din 09\/05\/2008 privind aprobarea Cadrului general de organizare a stagiilor de practic\u0103<\/a><\/li>\n\n\n\n<li><a href=\"http:\/\/www.upt.ro\/img\/files\/practica\/Regulament_OCPS.pdf\">2009 &#8211; Regulamentul de Organizare \u015fi Func\u0163ionarea Oficiului de Coordonare a Practicii (ROFOCP)<\/a><\/li>\n\n\n\n<li><a href=\"https:\/\/ac.upt.ro\/wp-content\/uploads\/2021\/03\/2018.02.14-ghid-de-practica-ac.pdf\">2018 &#8211; Ghid de practic\u0103 AC<\/a><\/li>\n\n\n\n<li><a href=\"http:\/\/www.upt.ro\/img\/files\/practica\/2020\/Regulament-desf-practica-studenti.pdf\">2020 &#8211; Regulament privind cadrul general de organizare \u0219i desf\u0103\u0219urare a practicii studen\u021bilor \u00een UPT<\/a><\/li>\n<\/ul>\n","protected":false},"excerpt":{"rendered":"<p>The summer internship will be organized as follows. 01.02.2026 \u2013 30.04.2026 the companies representatives will register in the internship portal [&hellip;]<\/p>\n","protected":false},"author":1,"featured_media":0,"parent":0,"menu_order":0,"comment_status":"closed","ping_status":"closed","template":"","meta":{"footnotes":""},"class_list":["post-392","page","type-page","status-publish","hentry"],"acf":[],"yoast_head":"<!-- This site is optimized with the Yoast SEO plugin v25.3.1 - https:\/\/yoast.com\/wordpress\/plugins\/seo\/ -->\n<title>Internship - Practic\u0103 Licen\u021b\u0103 - Facultatea de Automatic\u0103 \u0219i Calculatoare - Timi\u0219oara<\/title>\n<meta name=\"robots\" content=\"index, follow, max-snippet:-1, max-image-preview:large, max-video-preview:-1\" \/>\n<link rel=\"canonical\" href=\"https:\/\/ac.upt.ro\/en\/practica-licenta\/\" \/>\n<meta property=\"og:locale\" content=\"en_GB\" \/>\n<meta property=\"og:locale:alternate\" content=\"ro_RO\" \/>\n<meta property=\"og:type\" content=\"article\" \/>\n<meta property=\"og:title\" content=\"Internship - Bachelor&#039;s degree\" \/>\n<meta property=\"og:description\" content=\"The summer internship will be organized as follows. 01.02.2026 \u2013 30.04.2026 the companies representatives will register in the internship portal [&hellip;]\" \/>\n<meta property=\"og:url\" content=\"https:\/\/ac.upt.ro\/en\/practica-licenta\/\" \/>\n<meta property=\"og:site_name\" content=\"Facultatea de Automatic\u0103 \u0219i Calculatoare - Timi\u0219oara\" \/>\n<meta property=\"article:modified_time\" content=\"2026-02-19T18:46:59+00:00\" \/>\n<meta name=\"twitter:card\" content=\"summary_large_image\" \/>\n<meta name=\"twitter:label1\" content=\"Estimated reading time\" \/>\n\t<meta name=\"twitter:data1\" content=\"3 minutes\" \/>\n<script type=\"application\/ld+json\" class=\"yoast-schema-graph\">{\"@context\":\"https:\/\/schema.org\",\"@graph\":[{\"@type\":\"WebPage\",\"@id\":\"https:\/\/ac.upt.ro\/practica-licenta\/\",\"url\":\"https:\/\/ac.upt.ro\/practica-licenta\/\",\"name\":\"Internship - Bachelor's degree\",\"isPartOf\":{\"@id\":\"https:\/\/ac.upt.ro\/#website\"},\"datePublished\":\"2021-01-13T09:24:54+00:00\",\"dateModified\":\"2026-02-19T18:46:59+00:00\",\"breadcrumb\":{\"@id\":\"https:\/\/ac.upt.ro\/practica-licenta\/#breadcrumb\"},\"inLanguage\":\"en-GB\",\"potentialAction\":[{\"@type\":\"ReadAction\",\"target\":[\"https:\/\/ac.upt.ro\/practica-licenta\/\"]}]},{\"@type\":\"BreadcrumbList\",\"@id\":\"https:\/\/ac.upt.ro\/practica-licenta\/#breadcrumb\",\"itemListElement\":[{\"@type\":\"ListItem\",\"position\":1,\"name\":\"Home\",\"item\":\"https:\/\/ac.upt.ro\/\"},{\"@type\":\"ListItem\",\"position\":2,\"name\":\"Practic\u0103 Licen\u021b\u0103\"}]},{\"@type\":\"WebSite\",\"@id\":\"https:\/\/ac.upt.ro\/#website\",\"url\":\"https:\/\/ac.upt.ro\/\",\"name\":\"Facultatea de Automatic\u0103 \u0219i Calculatoare - Timi\u0219oara\",\"description\":\"Preg\u0103tirea inginerilor IT cu \u00eenalt\u0103 calificare, cu cuno\u0219tin\u021be \u0219i abilit\u0103\u021bi de automatic\u0103, software \u0219i hardware.\",\"publisher\":{\"@id\":\"https:\/\/ac.upt.ro\/#organization\"},\"potentialAction\":[{\"@type\":\"SearchAction\",\"target\":{\"@type\":\"EntryPoint\",\"urlTemplate\":\"https:\/\/ac.upt.ro\/?s={search_term_string}\"},\"query-input\":{\"@type\":\"PropertyValueSpecification\",\"valueRequired\":true,\"valueName\":\"search_term_string\"}}],\"inLanguage\":\"en-GB\"},{\"@type\":\"Organization\",\"@id\":\"https:\/\/ac.upt.ro\/#organization\",\"name\":\"Facultatea de Automatic\u0103 \u0219i Calculatoare\",\"url\":\"https:\/\/ac.upt.ro\/\",\"logo\":{\"@type\":\"ImageObject\",\"inLanguage\":\"en-GB\",\"@id\":\"https:\/\/ac.upt.ro\/#\/schema\/logo\/image\/\",\"url\":\"https:\/\/ac.upt.ro\/wp-content\/uploads\/2021\/02\/AC-Text.png\",\"contentUrl\":\"https:\/\/ac.upt.ro\/wp-content\/uploads\/2021\/02\/AC-Text.png\",\"width\":400,\"height\":98,\"caption\":\"Facultatea de Automatic\u0103 \u0219i Calculatoare\"},\"image\":{\"@id\":\"https:\/\/ac.upt.ro\/#\/schema\/logo\/image\/\"}}]}<\/script>\n<!-- \/ Yoast SEO plugin. -->","yoast_head_json":{"title":"Internship - Practic\u0103 Licen\u021b\u0103 - Facultatea de Automatic\u0103 \u0219i Calculatoare - Timi\u0219oara","robots":{"index":"index","follow":"follow","max-snippet":"max-snippet:-1","max-image-preview":"max-image-preview:large","max-video-preview":"max-video-preview:-1"},"canonical":"https:\/\/ac.upt.ro\/en\/practica-licenta\/","og_locale":"en_GB","og_type":"article","og_title":"[:en]Internship - Bachelor's degree[:ro]Practic\u0103 Licen\u021b\u0103[:] - Facultatea de Automatic\u0103 \u0219i Calculatoare - Timi\u0219oara","og_description":"The summer internship will be organized as follows. 01.02.2026 \u2013 30.04.2026 the companies representatives will register in the internship portal [&hellip;]","og_url":"https:\/\/ac.upt.ro\/en\/practica-licenta\/","og_site_name":"Facultatea de Automatic\u0103 \u0219i Calculatoare - Timi\u0219oara","article_modified_time":"2026-02-19T18:46:59+00:00","twitter_card":"summary_large_image","twitter_misc":{"Estimated reading time":"3 minutes"},"schema":{"@context":"https:\/\/schema.org","@graph":[{"@type":"WebPage","@id":"https:\/\/ac.upt.ro\/practica-licenta\/","url":"https:\/\/ac.upt.ro\/practica-licenta\/","name":"Internship - Bachelor's degree","isPartOf":{"@id":"https:\/\/ac.upt.ro\/#website"},"datePublished":"2021-01-13T09:24:54+00:00","dateModified":"2026-02-19T18:46:59+00:00","breadcrumb":{"@id":"https:\/\/ac.upt.ro\/practica-licenta\/#breadcrumb"},"inLanguage":"en-GB","potentialAction":[{"@type":"ReadAction","target":["https:\/\/ac.upt.ro\/practica-licenta\/"]}]},{"@type":"BreadcrumbList","@id":"https:\/\/ac.upt.ro\/practica-licenta\/#breadcrumb","itemListElement":[{"@type":"ListItem","position":1,"name":"Home","item":"https:\/\/ac.upt.ro\/"},{"@type":"ListItem","position":2,"name":"Practic\u0103 Licen\u021b\u0103"}]},{"@type":"WebSite","@id":"https:\/\/ac.upt.ro\/#website","url":"https:\/\/ac.upt.ro\/","name":"Facultatea de Automatic\u0103 \u0219i Calculatoare - Timi\u0219oara","description":"Preg\u0103tirea inginerilor IT cu \u00eenalt\u0103 calificare, cu cuno\u0219tin\u021be \u0219i abilit\u0103\u021bi de automatic\u0103, software \u0219i hardware.","publisher":{"@id":"https:\/\/ac.upt.ro\/#organization"},"potentialAction":[{"@type":"SearchAction","target":{"@type":"EntryPoint","urlTemplate":"https:\/\/ac.upt.ro\/?s={search_term_string}"},"query-input":{"@type":"PropertyValueSpecification","valueRequired":true,"valueName":"search_term_string"}}],"inLanguage":"en-GB"},{"@type":"Organization","@id":"https:\/\/ac.upt.ro\/#organization","name":"Facultatea de Automatic\u0103 \u0219i Calculatoare","url":"https:\/\/ac.upt.ro\/","logo":{"@type":"ImageObject","inLanguage":"en-GB","@id":"https:\/\/ac.upt.ro\/#\/schema\/logo\/image\/","url":"https:\/\/ac.upt.ro\/wp-content\/uploads\/2021\/02\/AC-Text.png","contentUrl":"https:\/\/ac.upt.ro\/wp-content\/uploads\/2021\/02\/AC-Text.png","width":400,"height":98,"caption":"Facultatea de Automatic\u0103 \u0219i Calculatoare"},"image":{"@id":"https:\/\/ac.upt.ro\/#\/schema\/logo\/image\/"}}]}},"_links":{"self":[{"href":"https:\/\/ac.upt.ro\/en\/wp-json\/wp\/v2\/pages\/392","targetHints":{"allow":["GET"]}}],"collection":[{"href":"https:\/\/ac.upt.ro\/en\/wp-json\/wp\/v2\/pages"}],"about":[{"href":"https:\/\/ac.upt.ro\/en\/wp-json\/wp\/v2\/types\/page"}],"author":[{"embeddable":true,"href":"https:\/\/ac.upt.ro\/en\/wp-json\/wp\/v2\/users\/1"}],"replies":[{"embeddable":true,"href":"https:\/\/ac.upt.ro\/en\/wp-json\/wp\/v2\/comments?post=392"}],"version-history":[{"count":456,"href":"https:\/\/ac.upt.ro\/en\/wp-json\/wp\/v2\/pages\/392\/revisions"}],"predecessor-version":[{"id":8209,"href":"https:\/\/ac.upt.ro\/en\/wp-json\/wp\/v2\/pages\/392\/revisions\/8209"}],"wp:attachment":[{"href":"https:\/\/ac.upt.ro\/en\/wp-json\/wp\/v2\/media?parent=392"}],"curies":[{"name":"wp","href":"https:\/\/api.w.org\/{rel}","templated":true}]}}