{"id":371,"date":"2021-01-12T15:25:32","date_gmt":"2021-01-12T15:25:32","guid":{"rendered":"http:\/\/www.ac.test\/?page_id=371"},"modified":"2021-06-14T14:23:12","modified_gmt":"2021-06-14T12:23:12","slug":"galerie-upt","status":"publish","type":"page","link":"https:\/\/ac.upt.ro\/en\/galerie-upt\/","title":{"rendered":"UPT gallery"},"content":{"rendered":"<div id='gallery-1' class='gallery galleryid-371 gallery-columns-3 gallery-size-thumbnail'><figure class='gallery-item'>\r\n\t\t\t<div class='gallery-icon landscape'>\r\n\t\t\t\t<a href='https:\/\/ac.upt.ro\/en\/_z2a3180-m\/'><img loading=\"lazy\" decoding=\"async\" width=\"150\" height=\"150\" src=\"https:\/\/ac.upt.ro\/wp-content\/uploads\/2021\/02\/Z2A3180-m-150x150.jpg\" class=\"attachment-thumbnail size-thumbnail\" alt=\"\" srcset=\"https:\/\/ac.upt.ro\/wp-content\/uploads\/2021\/02\/Z2A3180-m-150x150.jpg 150w, https:\/\/ac.upt.ro\/wp-content\/uploads\/2021\/02\/Z2A3180-m-100x100.jpg 100w, https:\/\/ac.upt.ro\/wp-content\/uploads\/2021\/02\/Z2A3180-m-300x300.jpg 300w\" sizes=\"auto, (max-width: 150px) 100vw, 150px\" \/><\/a>\r\n\t\t\t<\/div><\/figure><figure class='gallery-item'>\r\n\t\t\t<div class='gallery-icon landscape'>\r\n\t\t\t\t<a href='https:\/\/ac.upt.ro\/en\/_dsc7772-m\/'><img loading=\"lazy\" decoding=\"async\" width=\"150\" height=\"150\" src=\"https:\/\/ac.upt.ro\/wp-content\/uploads\/2021\/02\/DSC7772-m-150x150.jpg\" class=\"attachment-thumbnail size-thumbnail\" alt=\"\" srcset=\"https:\/\/ac.upt.ro\/wp-content\/uploads\/2021\/02\/DSC7772-m-150x150.jpg 150w, https:\/\/ac.upt.ro\/wp-content\/uploads\/2021\/02\/DSC7772-m-100x100.jpg 100w, https:\/\/ac.upt.ro\/wp-content\/uploads\/2021\/02\/DSC7772-m-300x300.jpg 300w\" sizes=\"auto, (max-width: 150px) 100vw, 150px\" \/><\/a>\r\n\t\t\t<\/div><\/figure><figure class='gallery-item'>\r\n\t\t\t<div class='gallery-icon portrait'>\r\n\t\t\t\t<a href='https:\/\/ac.upt.ro\/en\/_z2a3201-m\/'><img loading=\"lazy\" decoding=\"async\" width=\"150\" height=\"150\" src=\"https:\/\/ac.upt.ro\/wp-content\/uploads\/2021\/02\/Z2A3201-m-150x150.jpg\" class=\"attachment-thumbnail size-thumbnail\" alt=\"\" srcset=\"https:\/\/ac.upt.ro\/wp-content\/uploads\/2021\/02\/Z2A3201-m-150x150.jpg 150w, https:\/\/ac.upt.ro\/wp-content\/uploads\/2021\/02\/Z2A3201-m-100x100.jpg 100w, https:\/\/ac.upt.ro\/wp-content\/uploads\/2021\/02\/Z2A3201-m-300x300.jpg 300w\" sizes=\"auto, (max-width: 150px) 100vw, 150px\" \/><\/a>\r\n\t\t\t<\/div><\/figure><figure class='gallery-item'>\r\n\t\t\t<div class='gallery-icon landscape'>\r\n\t\t\t\t<a href='https:\/\/ac.upt.ro\/en\/galerie-upt\/dsc_8836-m-2\/'><img loading=\"lazy\" decoding=\"async\" width=\"150\" height=\"150\" src=\"https:\/\/ac.upt.ro\/wp-content\/uploads\/2021\/02\/DSC_8836-m-1-150x150.jpg\" class=\"attachment-thumbnail size-thumbnail\" alt=\"\" srcset=\"https:\/\/ac.upt.ro\/wp-content\/uploads\/2021\/02\/DSC_8836-m-1-150x150.jpg 150w, https:\/\/ac.upt.ro\/wp-content\/uploads\/2021\/02\/DSC_8836-m-1-100x100.jpg 100w, https:\/\/ac.upt.ro\/wp-content\/uploads\/2021\/02\/DSC_8836-m-1-300x300.jpg 300w\" sizes=\"auto, (max-width: 150px) 100vw, 150px\" \/><\/a>\r\n\t\t\t<\/div><\/figure><figure class='gallery-item'>\r\n\t\t\t<div class='gallery-icon landscape'>\r\n\t\t\t\t<a href='https:\/\/ac.upt.ro\/en\/_dsc1586\/'><img loading=\"lazy\" decoding=\"async\" width=\"150\" height=\"150\" src=\"https:\/\/ac.upt.ro\/wp-content\/uploads\/2021\/02\/DSC1586-150x150.jpg\" class=\"attachment-thumbnail size-thumbnail\" alt=\"\" srcset=\"https:\/\/ac.upt.ro\/wp-content\/uploads\/2021\/02\/DSC1586-150x150.jpg 150w, https:\/\/ac.upt.ro\/wp-content\/uploads\/2021\/02\/DSC1586-100x100.jpg 100w, https:\/\/ac.upt.ro\/wp-content\/uploads\/2021\/02\/DSC1586-300x300.jpg 300w\" sizes=\"auto, (max-width: 150px) 100vw, 150px\" \/><\/a>\r\n\t\t\t<\/div><\/figure><figure class='gallery-item'>\r\n\t\t\t<div class='gallery-icon landscape'>\r\n\t\t\t\t<a href='https:\/\/ac.upt.ro\/en\/bazin-02\/'><img loading=\"lazy\" decoding=\"async\" width=\"150\" height=\"150\" src=\"https:\/\/ac.upt.ro\/wp-content\/uploads\/2021\/02\/bazin-02-150x150.jpg\" class=\"attachment-thumbnail size-thumbnail\" alt=\"\" srcset=\"https:\/\/ac.upt.ro\/wp-content\/uploads\/2021\/02\/bazin-02-150x150.jpg 150w, https:\/\/ac.upt.ro\/wp-content\/uploads\/2021\/02\/bazin-02-100x100.jpg 100w, https:\/\/ac.upt.ro\/wp-content\/uploads\/2021\/02\/bazin-02-300x300.jpg 300w\" sizes=\"auto, (max-width: 150px) 100vw, 150px\" \/><\/a>\r\n\t\t\t<\/div><\/figure><figure class='gallery-item'>\r\n\t\t\t<div class='gallery-icon landscape'>\r\n\t\t\t\t<a href='https:\/\/ac.upt.ro\/en\/dsc_0012\/'><img loading=\"lazy\" decoding=\"async\" width=\"150\" height=\"150\" src=\"https:\/\/ac.upt.ro\/wp-content\/uploads\/2021\/02\/DSC_0012-150x150.jpg\" class=\"attachment-thumbnail size-thumbnail\" alt=\"\" srcset=\"https:\/\/ac.upt.ro\/wp-content\/uploads\/2021\/02\/DSC_0012-150x150.jpg 150w, https:\/\/ac.upt.ro\/wp-content\/uploads\/2021\/02\/DSC_0012-100x100.jpg 100w, https:\/\/ac.upt.ro\/wp-content\/uploads\/2021\/02\/DSC_0012-300x300.jpg 300w\" sizes=\"auto, (max-width: 150px) 100vw, 150px\" \/><\/a>\r\n\t\t\t<\/div><\/figure><figure class='gallery-item'>\r\n\t\t\t<div class='gallery-icon landscape'>\r\n\t\t\t\t<a href='https:\/\/ac.upt.ro\/en\/dsc_8836-m\/'><img loading=\"lazy\" decoding=\"async\" width=\"150\" height=\"150\" src=\"https:\/\/ac.upt.ro\/wp-content\/uploads\/2021\/02\/DSC_8836-m-150x150.jpg\" class=\"attachment-thumbnail size-thumbnail\" alt=\"\" srcset=\"https:\/\/ac.upt.ro\/wp-content\/uploads\/2021\/02\/DSC_8836-m-150x150.jpg 150w, https:\/\/ac.upt.ro\/wp-content\/uploads\/2021\/02\/DSC_8836-m-100x100.jpg 100w, https:\/\/ac.upt.ro\/wp-content\/uploads\/2021\/02\/DSC_8836-m-300x300.jpg 300w\" sizes=\"auto, (max-width: 150px) 100vw, 150px\" \/><\/a>\r\n\t\t\t<\/div><\/figure><figure class='gallery-item'>\r\n\t\t\t<div class='gallery-icon landscape'>\r\n\t\t\t\t<a href='https:\/\/ac.upt.ro\/en\/anunturi\/cazare-in-camine-7-9-mai\/142621557_1098422633957863_3529389429045246994_o\/'><img loading=\"lazy\" decoding=\"async\" width=\"150\" height=\"150\" src=\"https:\/\/ac.upt.ro\/wp-content\/uploads\/2021\/02\/142621557_1098422633957863_3529389429045246994_o-150x150.jpg\" class=\"attachment-thumbnail size-thumbnail\" alt=\"\" srcset=\"https:\/\/ac.upt.ro\/wp-content\/uploads\/2021\/02\/142621557_1098422633957863_3529389429045246994_o-150x150.jpg 150w, https:\/\/ac.upt.ro\/wp-content\/uploads\/2021\/02\/142621557_1098422633957863_3529389429045246994_o-100x100.jpg 100w, https:\/\/ac.upt.ro\/wp-content\/uploads\/2021\/02\/142621557_1098422633957863_3529389429045246994_o-300x300.jpg 300w\" sizes=\"auto, (max-width: 150px) 100vw, 150px\" \/><\/a>\r\n\t\t\t<\/div><\/figure><figure class='gallery-item'>\r\n\t\t\t<div class='gallery-icon landscape'>\r\n\t\t\t\t<a href='https:\/\/ac.upt.ro\/en\/anunturi\/cazare-pentru-studentii-din-anii-terminali\/142621673_1098422853957841_2624939151591025465_o\/'><img loading=\"lazy\" decoding=\"async\" width=\"150\" height=\"150\" src=\"https:\/\/ac.upt.ro\/wp-content\/uploads\/2021\/02\/142621673_1098422853957841_2624939151591025465_o-150x150.jpg\" class=\"attachment-thumbnail size-thumbnail\" alt=\"\" srcset=\"https:\/\/ac.upt.ro\/wp-content\/uploads\/2021\/02\/142621673_1098422853957841_2624939151591025465_o-150x150.jpg 150w, https:\/\/ac.upt.ro\/wp-content\/uploads\/2021\/02\/142621673_1098422853957841_2624939151591025465_o-100x100.jpg 100w, https:\/\/ac.upt.ro\/wp-content\/uploads\/2021\/02\/142621673_1098422853957841_2624939151591025465_o-300x300.jpg 300w\" sizes=\"auto, (max-width: 150px) 100vw, 150px\" \/><\/a>\r\n\t\t\t<\/div><\/figure><\/div>\n\n","protected":false},"excerpt":{"rendered":"","protected":false},"author":1,"featured_media":0,"parent":0,"menu_order":0,"comment_status":"closed","ping_status":"closed","template":"template-galerie.php","meta":{"footnotes":""},"class_list":["post-371","page","type-page","status-publish","hentry"],"acf":[],"yoast_head":"<!-- This site is optimized with the Yoast SEO plugin v25.3.1 - https:\/\/yoast.com\/wordpress\/plugins\/seo\/ -->\n<title>UPT gallery - Facultatea de Automatic\u0103 \u0219i Calculatoare - Timi\u0219oara<\/title>\n<meta name=\"robots\" content=\"index, follow, max-snippet:-1, max-image-preview:large, max-video-preview:-1\" \/>\n<link rel=\"canonical\" href=\"https:\/\/ac.upt.ro\/en\/galerie-upt\/\" \/>\n<meta property=\"og:locale\" content=\"en_GB\" \/>\n<meta property=\"og:locale:alternate\" content=\"ro_RO\" \/>\n<meta property=\"og:type\" content=\"article\" \/>\n<meta property=\"og:title\" content=\"UPT gallery\" \/>\n<meta property=\"og:url\" content=\"https:\/\/ac.upt.ro\/en\/galerie-upt\/\" \/>\n<meta property=\"og:site_name\" content=\"Facultatea de Automatic\u0103 \u0219i Calculatoare - Timi\u0219oara\" \/>\n<meta property=\"article:modified_time\" content=\"2021-06-14T12:23:12+00:00\" \/>\n<meta property=\"og:image\" content=\"https:\/\/ac.upt.ro\/wp-content\/uploads\/2021\/02\/Z2A3180-m-150x150.jpg\" \/>\n<meta name=\"twitter:card\" content=\"summary_large_image\" \/>\n<script type=\"application\/ld+json\" class=\"yoast-schema-graph\">{\"@context\":\"https:\/\/schema.org\",\"@graph\":[{\"@type\":\"WebPage\",\"@id\":\"https:\/\/ac.upt.ro\/galerie-upt\/\",\"url\":\"https:\/\/ac.upt.ro\/galerie-upt\/\",\"name\":\"UPT gallery\",\"isPartOf\":{\"@id\":\"https:\/\/ac.upt.ro\/#website\"},\"datePublished\":\"2021-01-12T15:25:32+00:00\",\"dateModified\":\"2021-06-14T12:23:12+00:00\",\"breadcrumb\":{\"@id\":\"https:\/\/ac.upt.ro\/galerie-upt\/#breadcrumb\"},\"inLanguage\":\"en-GB\",\"potentialAction\":[{\"@type\":\"ReadAction\",\"target\":[\"https:\/\/ac.upt.ro\/galerie-upt\/\"]}]},{\"@type\":\"BreadcrumbList\",\"@id\":\"https:\/\/ac.upt.ro\/galerie-upt\/#breadcrumb\",\"itemListElement\":[{\"@type\":\"ListItem\",\"position\":1,\"name\":\"Home\",\"item\":\"https:\/\/ac.upt.ro\/\"},{\"@type\":\"ListItem\",\"position\":2,\"name\":\"Galerie UPT\"}]},{\"@type\":\"WebSite\",\"@id\":\"https:\/\/ac.upt.ro\/#website\",\"url\":\"https:\/\/ac.upt.ro\/\",\"name\":\"Facultatea de Automatic\u0103 \u0219i Calculatoare - Timi\u0219oara\",\"description\":\"Preg\u0103tirea inginerilor IT cu \u00eenalt\u0103 calificare, cu cuno\u0219tin\u021be \u0219i abilit\u0103\u021bi de automatic\u0103, software \u0219i hardware.\",\"publisher\":{\"@id\":\"https:\/\/ac.upt.ro\/#organization\"},\"potentialAction\":[{\"@type\":\"SearchAction\",\"target\":{\"@type\":\"EntryPoint\",\"urlTemplate\":\"https:\/\/ac.upt.ro\/?s={search_term_string}\"},\"query-input\":{\"@type\":\"PropertyValueSpecification\",\"valueRequired\":true,\"valueName\":\"search_term_string\"}}],\"inLanguage\":\"en-GB\"},{\"@type\":\"Organization\",\"@id\":\"https:\/\/ac.upt.ro\/#organization\",\"name\":\"Facultatea de Automatic\u0103 \u0219i Calculatoare\",\"url\":\"https:\/\/ac.upt.ro\/\",\"logo\":{\"@type\":\"ImageObject\",\"inLanguage\":\"en-GB\",\"@id\":\"https:\/\/ac.upt.ro\/#\/schema\/logo\/image\/\",\"url\":\"https:\/\/ac.upt.ro\/wp-content\/uploads\/2021\/02\/AC-Text.png\",\"contentUrl\":\"https:\/\/ac.upt.ro\/wp-content\/uploads\/2021\/02\/AC-Text.png\",\"width\":400,\"height\":98,\"caption\":\"Facultatea de Automatic\u0103 \u0219i Calculatoare\"},\"image\":{\"@id\":\"https:\/\/ac.upt.ro\/#\/schema\/logo\/image\/\"}}]}<\/script>\n<!-- \/ Yoast SEO plugin. -->","yoast_head_json":{"title":"UPT gallery - Facultatea de Automatic\u0103 \u0219i Calculatoare - Timi\u0219oara","robots":{"index":"index","follow":"follow","max-snippet":"max-snippet:-1","max-image-preview":"max-image-preview:large","max-video-preview":"max-video-preview:-1"},"canonical":"https:\/\/ac.upt.ro\/en\/galerie-upt\/","og_locale":"en_GB","og_type":"article","og_title":"[:en]UPT gallery[:ro]Galerie UPT[:] - Facultatea de Automatic\u0103 \u0219i Calculatoare - Timi\u0219oara","og_url":"https:\/\/ac.upt.ro\/en\/galerie-upt\/","og_site_name":"Facultatea de Automatic\u0103 \u0219i Calculatoare - Timi\u0219oara","article_modified_time":"2021-06-14T12:23:12+00:00","og_image":[{"url":"https:\/\/ac.upt.ro\/wp-content\/uploads\/2021\/02\/Z2A3180-m-150x150.jpg","type":"","width":"","height":""}],"twitter_card":"summary_large_image","schema":{"@context":"https:\/\/schema.org","@graph":[{"@type":"WebPage","@id":"https:\/\/ac.upt.ro\/galerie-upt\/","url":"https:\/\/ac.upt.ro\/galerie-upt\/","name":"UPT gallery","isPartOf":{"@id":"https:\/\/ac.upt.ro\/#website"},"datePublished":"2021-01-12T15:25:32+00:00","dateModified":"2021-06-14T12:23:12+00:00","breadcrumb":{"@id":"https:\/\/ac.upt.ro\/galerie-upt\/#breadcrumb"},"inLanguage":"en-GB","potentialAction":[{"@type":"ReadAction","target":["https:\/\/ac.upt.ro\/galerie-upt\/"]}]},{"@type":"BreadcrumbList","@id":"https:\/\/ac.upt.ro\/galerie-upt\/#breadcrumb","itemListElement":[{"@type":"ListItem","position":1,"name":"Home","item":"https:\/\/ac.upt.ro\/"},{"@type":"ListItem","position":2,"name":"Galerie UPT"}]},{"@type":"WebSite","@id":"https:\/\/ac.upt.ro\/#website","url":"https:\/\/ac.upt.ro\/","name":"Facultatea de Automatic\u0103 \u0219i Calculatoare - Timi\u0219oara","description":"Preg\u0103tirea inginerilor IT cu \u00eenalt\u0103 calificare, cu cuno\u0219tin\u021be \u0219i abilit\u0103\u021bi de automatic\u0103, software \u0219i hardware.","publisher":{"@id":"https:\/\/ac.upt.ro\/#organization"},"potentialAction":[{"@type":"SearchAction","target":{"@type":"EntryPoint","urlTemplate":"https:\/\/ac.upt.ro\/?s={search_term_string}"},"query-input":{"@type":"PropertyValueSpecification","valueRequired":true,"valueName":"search_term_string"}}],"inLanguage":"en-GB"},{"@type":"Organization","@id":"https:\/\/ac.upt.ro\/#organization","name":"Facultatea de Automatic\u0103 \u0219i Calculatoare","url":"https:\/\/ac.upt.ro\/","logo":{"@type":"ImageObject","inLanguage":"en-GB","@id":"https:\/\/ac.upt.ro\/#\/schema\/logo\/image\/","url":"https:\/\/ac.upt.ro\/wp-content\/uploads\/2021\/02\/AC-Text.png","contentUrl":"https:\/\/ac.upt.ro\/wp-content\/uploads\/2021\/02\/AC-Text.png","width":400,"height":98,"caption":"Facultatea de Automatic\u0103 \u0219i Calculatoare"},"image":{"@id":"https:\/\/ac.upt.ro\/#\/schema\/logo\/image\/"}}]}},"_links":{"self":[{"href":"https:\/\/ac.upt.ro\/en\/wp-json\/wp\/v2\/pages\/371","targetHints":{"allow":["GET"]}}],"collection":[{"href":"https:\/\/ac.upt.ro\/en\/wp-json\/wp\/v2\/pages"}],"about":[{"href":"https:\/\/ac.upt.ro\/en\/wp-json\/wp\/v2\/types\/page"}],"author":[{"embeddable":true,"href":"https:\/\/ac.upt.ro\/en\/wp-json\/wp\/v2\/users\/1"}],"replies":[{"embeddable":true,"href":"https:\/\/ac.upt.ro\/en\/wp-json\/wp\/v2\/comments?post=371"}],"version-history":[{"count":5,"href":"https:\/\/ac.upt.ro\/en\/wp-json\/wp\/v2\/pages\/371\/revisions"}],"predecessor-version":[{"id":2509,"href":"https:\/\/ac.upt.ro\/en\/wp-json\/wp\/v2\/pages\/371\/revisions\/2509"}],"wp:attachment":[{"href":"https:\/\/ac.upt.ro\/en\/wp-json\/wp\/v2\/media?parent=371"}],"curies":[{"name":"wp","href":"https:\/\/api.w.org\/{rel}","templated":true}]}}