{"id":108,"date":"2020-12-17T09:49:15","date_gmt":"2020-12-17T09:49:15","guid":{"rendered":"https:\/\/ac.upt.ro\/?page_id=108"},"modified":"2025-05-02T20:18:58","modified_gmt":"2025-05-02T18:18:58","slug":"realizari-studentesti-remarcabile","status":"publish","type":"page","link":"https:\/\/ac.upt.ro\/en\/realizari-studentesti-remarcabile\/","title":{"rendered":"Realiz\u0103ri studen\u021be\u0219ti remarcabile"},"content":{"rendered":"\n<div class=\"wp-block-cover is-light\" style=\"min-height:244px;aspect-ratio:unset;\"><img loading=\"lazy\" decoding=\"async\" width=\"700\" height=\"402\" class=\"wp-block-cover__image-background wp-image-1279\" alt=\"\" src=\"https:\/\/ac.upt.ro\/wp-content\/uploads\/2021\/02\/realizari-studentesti-e1613939111574.jpg\" style=\"object-position:50% 0%\" data-object-fit=\"cover\" data-object-position=\"50% 0%\" srcset=\"https:\/\/ac.upt.ro\/wp-content\/uploads\/2021\/02\/realizari-studentesti-e1613939111574.jpg 700w, https:\/\/ac.upt.ro\/wp-content\/uploads\/2021\/02\/realizari-studentesti-e1613939111574-300x172.jpg 300w\" sizes=\"auto, (max-width: 700px) 100vw, 700px\" \/><span aria-hidden=\"true\" class=\"wp-block-cover__background has-background-dim\"><\/span><div class=\"wp-block-cover__inner-container is-layout-flow wp-block-cover-is-layout-flow\">\n<p class=\"has-text-align-center has-large-font-size\"><\/p>\n<\/div><\/div>\n\n\n\n<div style=\"height:16px\" aria-hidden=\"true\" class=\"wp-block-spacer\"><\/div>\n\n\n\n<h3 class=\"wp-block-heading\"><\/h3>\n\n\n\n<ul class=\"wp-block-list\">\n<li><a href=\"https:\/\/ac.upt.ro\/anunturi\/nxp-cup-2025-faza-nationala\/\">NXP CUP 2025 \u2013 faza na\u021bional\u0103<\/a><\/li>\n\n\n\n<li><a href=\"https:\/\/ac.upt.ro\/anunturi\/succes-remarcabil-la-unbreakable-romania-faza-locala-timisoara\/\">Unbreakable Rom\u00e2nia \u2013 Faza Local\u0103 Timi\u0219oara<\/a><\/li>\n\n\n\n<li><a href=\"https:\/\/ac.upt.ro\/anunturi\/nxp-cup-2024-hamburg\/\">NXP CUP 2024 Hamburg, Third Place and Fourth Place<\/a><\/li>\n\n\n\n<li><a data-type=\"URL\" data-id=\"https:\/\/cs.upt.ro\/newsevents\/news\/first-edition-of-the-mentorship-for-younger-peers-project-successfully-finalized\" href=\"https:\/\/cs.upt.ro\/newsevents\/news\/first-edition-of-the-mentorship-for-younger-peers-project-successfully-finalized\" target=\"_blank\" rel=\"noreferrer noopener\">First Edition of the Mentorship for Younger Peers Project<\/a>, Successfully Finalized<\/li>\n\n\n\n<li><strong>LeethalTeam<\/strong>, Second Prize at the <a data-type=\"URL\" data-id=\"https:\/\/cs.upt.ro\/newsevents\/news\/leethalteam-second-prize-at-the-acm-international-collegiate-programming-contest-national-phase-2019\" href=\"https:\/\/cs.upt.ro\/newsevents\/news\/leethalteam-second-prize-at-the-acm-international-collegiate-programming-contest-national-phase-2019\" target=\"_blank\" rel=\"noreferrer noopener\">ACM International Collegiate Programming Contest<\/a>, National Phase 2019<\/li>\n\n\n\n<li><strong>LeethalTeam<\/strong>, Honorable Mention at the <a data-type=\"URL\" data-id=\"https:\/\/cs.upt.ro\/newsevents\/news\/leethalteam-honorable-mention-at-the-national-olympic-student-contest-in-informatics-onis-2019\" href=\"https:\/\/cs.upt.ro\/newsevents\/news\/leethalteam-honorable-mention-at-the-national-olympic-student-contest-in-informatics-onis-2019\" target=\"_blank\" rel=\"noreferrer noopener\">National Olympic Student Contest in Informatics, ONIS 2019<\/a><\/li>\n\n\n\n<li><strong>AQVSN<\/strong>, First Prize Winner of the <a data-type=\"URL\" data-id=\"https:\/\/cs.upt.ro\/index.php\/newsevents\/news\/aqvsn-first-prize-winner-of-the-19th-scientific-student-conference-on-technical-sciences-2018-national-phase\" href=\"https:\/\/cs.upt.ro\/index.php\/newsevents\/news\/aqvsn-first-prize-winner-of-the-19th-scientific-student-conference-on-technical-sciences-2018-national-phase\" target=\"_blank\" rel=\"noreferrer noopener\">19th Scientific Student Conference on Technical Sciences<\/a>, 2018, National Phase<\/li>\n\n\n\n<li><strong>XVision<\/strong>, First Place Winner of the <a data-type=\"URL\" data-id=\"https:\/\/cs.upt.ro\/index.php\/newsevents\/news\/xvision-first-place-winner-of-the-2018-microsoft-big-idea-challenge\" href=\"https:\/\/cs.upt.ro\/index.php\/newsevents\/news\/xvision-first-place-winner-of-the-2018-microsoft-big-idea-challenge\" target=\"_blank\" rel=\"noreferrer noopener\">2018 Microsoft Big Idea Challenge<\/a><\/li>\n<\/ul>\n","protected":false},"excerpt":{"rendered":"","protected":false},"author":1,"featured_media":0,"parent":0,"menu_order":0,"comment_status":"closed","ping_status":"closed","template":"","meta":{"footnotes":""},"class_list":["post-108","page","type-page","status-publish","hentry"],"acf":[],"yoast_head":"<!-- This site is optimized with the Yoast SEO plugin v25.3.1 - https:\/\/yoast.com\/wordpress\/plugins\/seo\/ -->\n<title>Realiz\u0103ri studen\u021be\u0219ti remarcabile - Facultatea de Automatic\u0103 \u0219i Calculatoare - Timi\u0219oara<\/title>\n<meta name=\"robots\" content=\"index, follow, max-snippet:-1, max-image-preview:large, max-video-preview:-1\" \/>\n<link rel=\"canonical\" href=\"https:\/\/ac.upt.ro\/en\/realizari-studentesti-remarcabile\/\" \/>\n<meta property=\"og:locale\" content=\"en_GB\" \/>\n<meta property=\"og:locale:alternate\" content=\"ro_RO\" \/>\n<meta property=\"og:type\" content=\"article\" \/>\n<meta property=\"og:title\" content=\"Realiz\u0103ri studen\u021be\u0219ti remarcabile\" \/>\n<meta property=\"og:url\" content=\"https:\/\/ac.upt.ro\/en\/realizari-studentesti-remarcabile\/\" \/>\n<meta property=\"og:site_name\" content=\"Facultatea de Automatic\u0103 \u0219i Calculatoare - Timi\u0219oara\" \/>\n<meta property=\"article:modified_time\" content=\"2025-05-02T18:18:58+00:00\" \/>\n<meta property=\"og:image\" content=\"https:\/\/ac.upt.ro\/wp-content\/uploads\/2021\/02\/realizari-studentesti-e1613939111574.jpg\" \/>\n\t<meta property=\"og:image:width\" content=\"700\" \/>\n\t<meta property=\"og:image:height\" content=\"402\" \/>\n\t<meta property=\"og:image:type\" content=\"image\/jpeg\" \/>\n<meta name=\"twitter:card\" content=\"summary_large_image\" \/>\n<meta name=\"twitter:label1\" content=\"Estimated reading time\" \/>\n\t<meta name=\"twitter:data1\" content=\"1 minute\" \/>\n<script type=\"application\/ld+json\" class=\"yoast-schema-graph\">{\"@context\":\"https:\/\/schema.org\",\"@graph\":[{\"@type\":\"WebPage\",\"@id\":\"https:\/\/ac.upt.ro\/realizari-studentesti-remarcabile\/\",\"url\":\"https:\/\/ac.upt.ro\/realizari-studentesti-remarcabile\/\",\"name\":\"Realiz\u0103ri studen\u021be\u0219ti remarcabile\",\"isPartOf\":{\"@id\":\"https:\/\/ac.upt.ro\/#website\"},\"primaryImageOfPage\":{\"@id\":\"https:\/\/ac.upt.ro\/realizari-studentesti-remarcabile\/#primaryimage\"},\"image\":{\"@id\":\"https:\/\/ac.upt.ro\/realizari-studentesti-remarcabile\/#primaryimage\"},\"thumbnailUrl\":\"https:\/\/ac.upt.ro\/wp-content\/uploads\/2021\/02\/realizari-studentesti-e1613939111574.jpg\",\"datePublished\":\"2020-12-17T09:49:15+00:00\",\"dateModified\":\"2025-05-02T18:18:58+00:00\",\"breadcrumb\":{\"@id\":\"https:\/\/ac.upt.ro\/realizari-studentesti-remarcabile\/#breadcrumb\"},\"inLanguage\":\"en-GB\",\"potentialAction\":[{\"@type\":\"ReadAction\",\"target\":[\"https:\/\/ac.upt.ro\/realizari-studentesti-remarcabile\/\"]}]},{\"@type\":\"ImageObject\",\"inLanguage\":\"en-GB\",\"@id\":\"https:\/\/ac.upt.ro\/realizari-studentesti-remarcabile\/#primaryimage\",\"url\":\"https:\/\/ac.upt.ro\/wp-content\/uploads\/2021\/02\/realizari-studentesti-e1613939111574.jpg\",\"contentUrl\":\"https:\/\/ac.upt.ro\/wp-content\/uploads\/2021\/02\/realizari-studentesti-e1613939111574.jpg\"},{\"@type\":\"BreadcrumbList\",\"@id\":\"https:\/\/ac.upt.ro\/realizari-studentesti-remarcabile\/#breadcrumb\",\"itemListElement\":[{\"@type\":\"ListItem\",\"position\":1,\"name\":\"Home\",\"item\":\"https:\/\/ac.upt.ro\/\"},{\"@type\":\"ListItem\",\"position\":2,\"name\":\"Realiz\u0103ri studen\u021be\u0219ti remarcabile\"}]},{\"@type\":\"WebSite\",\"@id\":\"https:\/\/ac.upt.ro\/#website\",\"url\":\"https:\/\/ac.upt.ro\/\",\"name\":\"Facultatea de Automatic\u0103 \u0219i Calculatoare - Timi\u0219oara\",\"description\":\"Preg\u0103tirea inginerilor IT cu \u00eenalt\u0103 calificare, cu cuno\u0219tin\u021be \u0219i abilit\u0103\u021bi de automatic\u0103, software \u0219i hardware.\",\"publisher\":{\"@id\":\"https:\/\/ac.upt.ro\/#organization\"},\"potentialAction\":[{\"@type\":\"SearchAction\",\"target\":{\"@type\":\"EntryPoint\",\"urlTemplate\":\"https:\/\/ac.upt.ro\/?s={search_term_string}\"},\"query-input\":{\"@type\":\"PropertyValueSpecification\",\"valueRequired\":true,\"valueName\":\"search_term_string\"}}],\"inLanguage\":\"en-GB\"},{\"@type\":\"Organization\",\"@id\":\"https:\/\/ac.upt.ro\/#organization\",\"name\":\"Facultatea de Automatic\u0103 \u0219i Calculatoare\",\"url\":\"https:\/\/ac.upt.ro\/\",\"logo\":{\"@type\":\"ImageObject\",\"inLanguage\":\"en-GB\",\"@id\":\"https:\/\/ac.upt.ro\/#\/schema\/logo\/image\/\",\"url\":\"https:\/\/ac.upt.ro\/wp-content\/uploads\/2021\/02\/AC-Text.png\",\"contentUrl\":\"https:\/\/ac.upt.ro\/wp-content\/uploads\/2021\/02\/AC-Text.png\",\"width\":400,\"height\":98,\"caption\":\"Facultatea de Automatic\u0103 \u0219i Calculatoare\"},\"image\":{\"@id\":\"https:\/\/ac.upt.ro\/#\/schema\/logo\/image\/\"}}]}<\/script>\n<!-- \/ Yoast SEO plugin. -->","yoast_head_json":{"title":"Realiz\u0103ri studen\u021be\u0219ti remarcabile - Facultatea de Automatic\u0103 \u0219i Calculatoare - Timi\u0219oara","robots":{"index":"index","follow":"follow","max-snippet":"max-snippet:-1","max-image-preview":"max-image-preview:large","max-video-preview":"max-video-preview:-1"},"canonical":"https:\/\/ac.upt.ro\/en\/realizari-studentesti-remarcabile\/","og_locale":"en_GB","og_type":"article","og_title":"[:ro]Realiz\u0103ri studen\u021be\u0219ti remarcabile[:] - Facultatea de Automatic\u0103 \u0219i Calculatoare - Timi\u0219oara","og_url":"https:\/\/ac.upt.ro\/en\/realizari-studentesti-remarcabile\/","og_site_name":"Facultatea de Automatic\u0103 \u0219i Calculatoare - Timi\u0219oara","article_modified_time":"2025-05-02T18:18:58+00:00","og_image":[{"width":700,"height":402,"url":"https:\/\/ac.upt.ro\/wp-content\/uploads\/2021\/02\/realizari-studentesti-e1613939111574.jpg","type":"image\/jpeg"}],"twitter_card":"summary_large_image","twitter_misc":{"Estimated reading time":"1 minute"},"schema":{"@context":"https:\/\/schema.org","@graph":[{"@type":"WebPage","@id":"https:\/\/ac.upt.ro\/realizari-studentesti-remarcabile\/","url":"https:\/\/ac.upt.ro\/realizari-studentesti-remarcabile\/","name":"Realiz\u0103ri studen\u021be\u0219ti remarcabile","isPartOf":{"@id":"https:\/\/ac.upt.ro\/#website"},"primaryImageOfPage":{"@id":"https:\/\/ac.upt.ro\/realizari-studentesti-remarcabile\/#primaryimage"},"image":{"@id":"https:\/\/ac.upt.ro\/realizari-studentesti-remarcabile\/#primaryimage"},"thumbnailUrl":"https:\/\/ac.upt.ro\/wp-content\/uploads\/2021\/02\/realizari-studentesti-e1613939111574.jpg","datePublished":"2020-12-17T09:49:15+00:00","dateModified":"2025-05-02T18:18:58+00:00","breadcrumb":{"@id":"https:\/\/ac.upt.ro\/realizari-studentesti-remarcabile\/#breadcrumb"},"inLanguage":"en-GB","potentialAction":[{"@type":"ReadAction","target":["https:\/\/ac.upt.ro\/realizari-studentesti-remarcabile\/"]}]},{"@type":"ImageObject","inLanguage":"en-GB","@id":"https:\/\/ac.upt.ro\/realizari-studentesti-remarcabile\/#primaryimage","url":"https:\/\/ac.upt.ro\/wp-content\/uploads\/2021\/02\/realizari-studentesti-e1613939111574.jpg","contentUrl":"https:\/\/ac.upt.ro\/wp-content\/uploads\/2021\/02\/realizari-studentesti-e1613939111574.jpg"},{"@type":"BreadcrumbList","@id":"https:\/\/ac.upt.ro\/realizari-studentesti-remarcabile\/#breadcrumb","itemListElement":[{"@type":"ListItem","position":1,"name":"Home","item":"https:\/\/ac.upt.ro\/"},{"@type":"ListItem","position":2,"name":"Realiz\u0103ri studen\u021be\u0219ti remarcabile"}]},{"@type":"WebSite","@id":"https:\/\/ac.upt.ro\/#website","url":"https:\/\/ac.upt.ro\/","name":"Facultatea de Automatic\u0103 \u0219i Calculatoare - Timi\u0219oara","description":"Preg\u0103tirea inginerilor IT cu \u00eenalt\u0103 calificare, cu cuno\u0219tin\u021be \u0219i abilit\u0103\u021bi de automatic\u0103, software \u0219i hardware.","publisher":{"@id":"https:\/\/ac.upt.ro\/#organization"},"potentialAction":[{"@type":"SearchAction","target":{"@type":"EntryPoint","urlTemplate":"https:\/\/ac.upt.ro\/?s={search_term_string}"},"query-input":{"@type":"PropertyValueSpecification","valueRequired":true,"valueName":"search_term_string"}}],"inLanguage":"en-GB"},{"@type":"Organization","@id":"https:\/\/ac.upt.ro\/#organization","name":"Facultatea de Automatic\u0103 \u0219i Calculatoare","url":"https:\/\/ac.upt.ro\/","logo":{"@type":"ImageObject","inLanguage":"en-GB","@id":"https:\/\/ac.upt.ro\/#\/schema\/logo\/image\/","url":"https:\/\/ac.upt.ro\/wp-content\/uploads\/2021\/02\/AC-Text.png","contentUrl":"https:\/\/ac.upt.ro\/wp-content\/uploads\/2021\/02\/AC-Text.png","width":400,"height":98,"caption":"Facultatea de Automatic\u0103 \u0219i Calculatoare"},"image":{"@id":"https:\/\/ac.upt.ro\/#\/schema\/logo\/image\/"}}]}},"_links":{"self":[{"href":"https:\/\/ac.upt.ro\/en\/wp-json\/wp\/v2\/pages\/108","targetHints":{"allow":["GET"]}}],"collection":[{"href":"https:\/\/ac.upt.ro\/en\/wp-json\/wp\/v2\/pages"}],"about":[{"href":"https:\/\/ac.upt.ro\/en\/wp-json\/wp\/v2\/types\/page"}],"author":[{"embeddable":true,"href":"https:\/\/ac.upt.ro\/en\/wp-json\/wp\/v2\/users\/1"}],"replies":[{"embeddable":true,"href":"https:\/\/ac.upt.ro\/en\/wp-json\/wp\/v2\/comments?post=108"}],"version-history":[{"count":17,"href":"https:\/\/ac.upt.ro\/en\/wp-json\/wp\/v2\/pages\/108\/revisions"}],"predecessor-version":[{"id":7324,"href":"https:\/\/ac.upt.ro\/en\/wp-json\/wp\/v2\/pages\/108\/revisions\/7324"}],"wp:attachment":[{"href":"https:\/\/ac.upt.ro\/en\/wp-json\/wp\/v2\/media?parent=108"}],"curies":[{"name":"wp","href":"https:\/\/api.w.org\/{rel}","templated":true}]}}