{"id":101,"date":"2020-12-17T09:47:37","date_gmt":"2020-12-17T09:47:37","guid":{"rendered":"https:\/\/ac.upt.ro\/?page_id=101"},"modified":"2021-04-08T21:46:23","modified_gmt":"2021-04-08T19:46:23","slug":"academice","status":"publish","type":"page","link":"https:\/\/ac.upt.ro\/en\/academice\/","title":{"rendered":"Academic partnerships"},"content":{"rendered":"<h4><img loading=\"lazy\" decoding=\"async\" class=\" wp-image-814 alignleft\" src=\"https:\/\/ac.upt.ro\/wp-content\/uploads\/2021\/02\/Copy-of-Untitled-1-300x300.png\" alt=\"\" width=\"188\" height=\"188\" srcset=\"https:\/\/ac.upt.ro\/wp-content\/uploads\/2021\/02\/Copy-of-Untitled-1-300x300.png 300w, https:\/\/ac.upt.ro\/wp-content\/uploads\/2021\/02\/Copy-of-Untitled-1-1024x1024.png 1024w, https:\/\/ac.upt.ro\/wp-content\/uploads\/2021\/02\/Copy-of-Untitled-1-150x150.png 150w, https:\/\/ac.upt.ro\/wp-content\/uploads\/2021\/02\/Copy-of-Untitled-1-768x768.png 768w, https:\/\/ac.upt.ro\/wp-content\/uploads\/2021\/02\/Copy-of-Untitled-1.png 1500w\" sizes=\"auto, (max-width: 188px) 100vw, 188px\" \/><\/h4>\n<h4>Our faculty has collaborations with universities abroad. These collaborations are materialized through the joint participation in:<\/h4>\n<ul>\n<li>research projects,<\/li>\n<li>student mobility programs,<\/li>\n<li>scientific conferences,<\/li>\n<li>exchange of experience,<\/li>\n<li>and others.<\/li>\n<\/ul>\n<h4><\/h4>\n<p>&nbsp;<\/p>\n<h4>The main institutions abroad with which our faculty collaborates are:<\/h4>\n<ul id=\"colaborari\">\n<li>TU M\u00fcnchen, Germany<\/li>\n<li>TU Siegen, Germany<\/li>\n<li>University of\u00a0Bremen<\/li>\n<li>University of Ottawa, Canada<\/li>\n<li>Budapest University of Technology and Economics<\/li>\n<li>Budapest Polytechnic<\/li>\n<li>University of Lyon, France<\/li>\n<li>University College London &#8211; CHIME<\/li>\n<li>University Milano-Bicocca, Italy<\/li>\n<\/ul>\n","protected":false},"excerpt":{"rendered":"<p>Our faculty has collaborations with universities abroad. These collaborations are materialized through the joint participation in: research projects, student mobility [&hellip;]<\/p>\n","protected":false},"author":1,"featured_media":0,"parent":0,"menu_order":0,"comment_status":"closed","ping_status":"closed","template":"","meta":{"footnotes":""},"class_list":["post-101","page","type-page","status-publish","hentry"],"acf":[],"yoast_head":"<!-- This site is optimized with the Yoast SEO plugin v25.3.1 - https:\/\/yoast.com\/wordpress\/plugins\/seo\/ -->\n<title>Academic partnerships - Facultatea de Automatic\u0103 \u0219i Calculatoare - Timi\u0219oara<\/title>\n<meta name=\"robots\" content=\"index, follow, max-snippet:-1, max-image-preview:large, max-video-preview:-1\" \/>\n<link rel=\"canonical\" href=\"https:\/\/ac.upt.ro\/en\/academice\/\" \/>\n<meta property=\"og:locale\" content=\"en_GB\" \/>\n<meta property=\"og:locale:alternate\" content=\"ro_RO\" \/>\n<meta property=\"og:type\" content=\"article\" \/>\n<meta property=\"og:title\" content=\"Academic partnerships\" \/>\n<meta property=\"og:description\" content=\"Our faculty has collaborations with universities abroad. These collaborations are materialized through the joint participation in: research projects, student mobility [&hellip;]\" \/>\n<meta property=\"og:url\" content=\"https:\/\/ac.upt.ro\/en\/academice\/\" \/>\n<meta property=\"og:site_name\" content=\"Facultatea de Automatic\u0103 \u0219i Calculatoare - Timi\u0219oara\" \/>\n<meta property=\"article:modified_time\" content=\"2021-04-08T19:46:23+00:00\" \/>\n<meta property=\"og:image\" content=\"https:\/\/ac.upt.ro\/wp-content\/uploads\/2021\/02\/Copy-of-Untitled-1-300x300.png\" \/>\n<meta name=\"twitter:card\" content=\"summary_large_image\" \/>\n<meta name=\"twitter:label1\" content=\"Estimated reading time\" \/>\n\t<meta name=\"twitter:data1\" content=\"1 minute\" \/>\n<script type=\"application\/ld+json\" class=\"yoast-schema-graph\">{\"@context\":\"https:\/\/schema.org\",\"@graph\":[{\"@type\":\"WebPage\",\"@id\":\"https:\/\/ac.upt.ro\/academice\/\",\"url\":\"https:\/\/ac.upt.ro\/academice\/\",\"name\":\"Academic partnerships\",\"isPartOf\":{\"@id\":\"https:\/\/ac.upt.ro\/#website\"},\"primaryImageOfPage\":{\"@id\":\"https:\/\/ac.upt.ro\/academice\/#primaryimage\"},\"image\":{\"@id\":\"https:\/\/ac.upt.ro\/academice\/#primaryimage\"},\"thumbnailUrl\":\"https:\/\/ac.upt.ro\/wp-content\/uploads\/2021\/02\/Copy-of-Untitled-1-300x300.png\",\"datePublished\":\"2020-12-17T09:47:37+00:00\",\"dateModified\":\"2021-04-08T19:46:23+00:00\",\"breadcrumb\":{\"@id\":\"https:\/\/ac.upt.ro\/academice\/#breadcrumb\"},\"inLanguage\":\"en-GB\",\"potentialAction\":[{\"@type\":\"ReadAction\",\"target\":[\"https:\/\/ac.upt.ro\/academice\/\"]}]},{\"@type\":\"ImageObject\",\"inLanguage\":\"en-GB\",\"@id\":\"https:\/\/ac.upt.ro\/academice\/#primaryimage\",\"url\":\"https:\/\/ac.upt.ro\/wp-content\/uploads\/2021\/02\/Copy-of-Untitled-1-300x300.png\",\"contentUrl\":\"https:\/\/ac.upt.ro\/wp-content\/uploads\/2021\/02\/Copy-of-Untitled-1-300x300.png\"},{\"@type\":\"BreadcrumbList\",\"@id\":\"https:\/\/ac.upt.ro\/academice\/#breadcrumb\",\"itemListElement\":[{\"@type\":\"ListItem\",\"position\":1,\"name\":\"Home\",\"item\":\"https:\/\/ac.upt.ro\/\"},{\"@type\":\"ListItem\",\"position\":2,\"name\":\"Academice\"}]},{\"@type\":\"WebSite\",\"@id\":\"https:\/\/ac.upt.ro\/#website\",\"url\":\"https:\/\/ac.upt.ro\/\",\"name\":\"Facultatea de Automatic\u0103 \u0219i Calculatoare - Timi\u0219oara\",\"description\":\"Preg\u0103tirea inginerilor IT cu \u00eenalt\u0103 calificare, cu cuno\u0219tin\u021be \u0219i abilit\u0103\u021bi de automatic\u0103, software \u0219i hardware.\",\"publisher\":{\"@id\":\"https:\/\/ac.upt.ro\/#organization\"},\"potentialAction\":[{\"@type\":\"SearchAction\",\"target\":{\"@type\":\"EntryPoint\",\"urlTemplate\":\"https:\/\/ac.upt.ro\/?s={search_term_string}\"},\"query-input\":{\"@type\":\"PropertyValueSpecification\",\"valueRequired\":true,\"valueName\":\"search_term_string\"}}],\"inLanguage\":\"en-GB\"},{\"@type\":\"Organization\",\"@id\":\"https:\/\/ac.upt.ro\/#organization\",\"name\":\"Facultatea de Automatic\u0103 \u0219i Calculatoare\",\"url\":\"https:\/\/ac.upt.ro\/\",\"logo\":{\"@type\":\"ImageObject\",\"inLanguage\":\"en-GB\",\"@id\":\"https:\/\/ac.upt.ro\/#\/schema\/logo\/image\/\",\"url\":\"https:\/\/ac.upt.ro\/wp-content\/uploads\/2021\/02\/AC-Text.png\",\"contentUrl\":\"https:\/\/ac.upt.ro\/wp-content\/uploads\/2021\/02\/AC-Text.png\",\"width\":400,\"height\":98,\"caption\":\"Facultatea de Automatic\u0103 \u0219i Calculatoare\"},\"image\":{\"@id\":\"https:\/\/ac.upt.ro\/#\/schema\/logo\/image\/\"}}]}<\/script>\n<!-- \/ Yoast SEO plugin. -->","yoast_head_json":{"title":"Academic partnerships - Facultatea de Automatic\u0103 \u0219i Calculatoare - Timi\u0219oara","robots":{"index":"index","follow":"follow","max-snippet":"max-snippet:-1","max-image-preview":"max-image-preview:large","max-video-preview":"max-video-preview:-1"},"canonical":"https:\/\/ac.upt.ro\/en\/academice\/","og_locale":"en_GB","og_type":"article","og_title":"[:en]Academic partnerships[:ro]Academice[:] - Facultatea de Automatic\u0103 \u0219i Calculatoare - Timi\u0219oara","og_description":"Our faculty has collaborations with universities abroad. These collaborations are materialized through the joint participation in: research projects, student mobility [&hellip;]","og_url":"https:\/\/ac.upt.ro\/en\/academice\/","og_site_name":"Facultatea de Automatic\u0103 \u0219i Calculatoare - Timi\u0219oara","article_modified_time":"2021-04-08T19:46:23+00:00","og_image":[{"url":"https:\/\/ac.upt.ro\/wp-content\/uploads\/2021\/02\/Copy-of-Untitled-1-300x300.png","type":"","width":"","height":""}],"twitter_card":"summary_large_image","twitter_misc":{"Estimated reading time":"1 minute"},"schema":{"@context":"https:\/\/schema.org","@graph":[{"@type":"WebPage","@id":"https:\/\/ac.upt.ro\/academice\/","url":"https:\/\/ac.upt.ro\/academice\/","name":"Academic partnerships","isPartOf":{"@id":"https:\/\/ac.upt.ro\/#website"},"primaryImageOfPage":{"@id":"https:\/\/ac.upt.ro\/academice\/#primaryimage"},"image":{"@id":"https:\/\/ac.upt.ro\/academice\/#primaryimage"},"thumbnailUrl":"https:\/\/ac.upt.ro\/wp-content\/uploads\/2021\/02\/Copy-of-Untitled-1-300x300.png","datePublished":"2020-12-17T09:47:37+00:00","dateModified":"2021-04-08T19:46:23+00:00","breadcrumb":{"@id":"https:\/\/ac.upt.ro\/academice\/#breadcrumb"},"inLanguage":"en-GB","potentialAction":[{"@type":"ReadAction","target":["https:\/\/ac.upt.ro\/academice\/"]}]},{"@type":"ImageObject","inLanguage":"en-GB","@id":"https:\/\/ac.upt.ro\/academice\/#primaryimage","url":"https:\/\/ac.upt.ro\/wp-content\/uploads\/2021\/02\/Copy-of-Untitled-1-300x300.png","contentUrl":"https:\/\/ac.upt.ro\/wp-content\/uploads\/2021\/02\/Copy-of-Untitled-1-300x300.png"},{"@type":"BreadcrumbList","@id":"https:\/\/ac.upt.ro\/academice\/#breadcrumb","itemListElement":[{"@type":"ListItem","position":1,"name":"Home","item":"https:\/\/ac.upt.ro\/"},{"@type":"ListItem","position":2,"name":"Academice"}]},{"@type":"WebSite","@id":"https:\/\/ac.upt.ro\/#website","url":"https:\/\/ac.upt.ro\/","name":"Facultatea de Automatic\u0103 \u0219i Calculatoare - Timi\u0219oara","description":"Preg\u0103tirea inginerilor IT cu \u00eenalt\u0103 calificare, cu cuno\u0219tin\u021be \u0219i abilit\u0103\u021bi de automatic\u0103, software \u0219i hardware.","publisher":{"@id":"https:\/\/ac.upt.ro\/#organization"},"potentialAction":[{"@type":"SearchAction","target":{"@type":"EntryPoint","urlTemplate":"https:\/\/ac.upt.ro\/?s={search_term_string}"},"query-input":{"@type":"PropertyValueSpecification","valueRequired":true,"valueName":"search_term_string"}}],"inLanguage":"en-GB"},{"@type":"Organization","@id":"https:\/\/ac.upt.ro\/#organization","name":"Facultatea de Automatic\u0103 \u0219i Calculatoare","url":"https:\/\/ac.upt.ro\/","logo":{"@type":"ImageObject","inLanguage":"en-GB","@id":"https:\/\/ac.upt.ro\/#\/schema\/logo\/image\/","url":"https:\/\/ac.upt.ro\/wp-content\/uploads\/2021\/02\/AC-Text.png","contentUrl":"https:\/\/ac.upt.ro\/wp-content\/uploads\/2021\/02\/AC-Text.png","width":400,"height":98,"caption":"Facultatea de Automatic\u0103 \u0219i Calculatoare"},"image":{"@id":"https:\/\/ac.upt.ro\/#\/schema\/logo\/image\/"}}]}},"_links":{"self":[{"href":"https:\/\/ac.upt.ro\/en\/wp-json\/wp\/v2\/pages\/101","targetHints":{"allow":["GET"]}}],"collection":[{"href":"https:\/\/ac.upt.ro\/en\/wp-json\/wp\/v2\/pages"}],"about":[{"href":"https:\/\/ac.upt.ro\/en\/wp-json\/wp\/v2\/types\/page"}],"author":[{"embeddable":true,"href":"https:\/\/ac.upt.ro\/en\/wp-json\/wp\/v2\/users\/1"}],"replies":[{"embeddable":true,"href":"https:\/\/ac.upt.ro\/en\/wp-json\/wp\/v2\/comments?post=101"}],"version-history":[{"count":20,"href":"https:\/\/ac.upt.ro\/en\/wp-json\/wp\/v2\/pages\/101\/revisions"}],"predecessor-version":[{"id":2103,"href":"https:\/\/ac.upt.ro\/en\/wp-json\/wp\/v2\/pages\/101\/revisions\/2103"}],"wp:attachment":[{"href":"https:\/\/ac.upt.ro\/en\/wp-json\/wp\/v2\/media?parent=101"}],"curies":[{"name":"wp","href":"https:\/\/api.w.org\/{rel}","templated":true}]}}